{"id":986,"date":"2019-12-17T09:42:26","date_gmt":"2019-12-17T07:42:26","guid":{"rendered":"http:\/\/kulpanpuutarha3.paas.datacenter.fi\/?post_type=product&#038;p=986"},"modified":"2025-11-20T16:02:55","modified_gmt":"2025-11-20T14:02:55","slug":"tiikerililja","status":"publish","type":"product","link":"https:\/\/www.kulpanpuutarha.fi\/?product=tiikerililja","title":{"rendered":"Lilium &#8211; TIIKERILILJA"},"content":{"rendered":"<p>Vanha kotimainen tiikerililjakanta.<\/p>\n","protected":false},"excerpt":{"rendered":"<p><em>Lilium lancifolium<\/em>, tigerlilja<\/p>\n<p>Kukinta: VIII-IX<\/p>\n<p>V\u00e4ri: oranssi, t\u00e4plik\u00e4s<\/p>\n<p>Kasvupaikka: aurinko-puolivarjo<\/p>\n<p>Korkeus: 60-80 cm<\/p>\n<p>Ruukkukoko: 12 cm (1,3L)<\/p>\n<p>Tuotantomaa: FI<\/p>\n","protected":false},"featured_media":987,"template":"","meta":[],"product_brand":[],"product_cat":[22,18,27,28,33],"product_tag":[173,226,227],"class_list":{"0":"post-986","1":"product","2":"type-product","3":"status-publish","4":"has-post-thumbnail","6":"product_cat-perinneperennat","7":"product_cat-perennat","8":"product_cat-auringon-perennat","9":"product_cat-puolivarjon-perennat","10":"product_cat-perennat-s-o","11":"product_tag-oranssi","12":"product_tag-lilium","13":"product_tag-lilja","14":"product_shipping_class-nouto","16":"first","17":"outofstock","18":"taxable","19":"shipping-taxable","20":"purchasable","21":"product-type-simple"},"_links":{"self":[{"href":"https:\/\/www.kulpanpuutarha.fi\/index.php?rest_route=\/wp\/v2\/product\/986","targetHints":{"allow":["GET"]}}],"collection":[{"href":"https:\/\/www.kulpanpuutarha.fi\/index.php?rest_route=\/wp\/v2\/product"}],"about":[{"href":"https:\/\/www.kulpanpuutarha.fi\/index.php?rest_route=\/wp\/v2\/types\/product"}],"wp:featuredmedia":[{"embeddable":true,"href":"https:\/\/www.kulpanpuutarha.fi\/index.php?rest_route=\/wp\/v2\/media\/987"}],"wp:attachment":[{"href":"https:\/\/www.kulpanpuutarha.fi\/index.php?rest_route=%2Fwp%2Fv2%2Fmedia&parent=986"}],"wp:term":[{"taxonomy":"product_brand","embeddable":true,"href":"https:\/\/www.kulpanpuutarha.fi\/index.php?rest_route=%2Fwp%2Fv2%2Fproduct_brand&post=986"},{"taxonomy":"product_cat","embeddable":true,"href":"https:\/\/www.kulpanpuutarha.fi\/index.php?rest_route=%2Fwp%2Fv2%2Fproduct_cat&post=986"},{"taxonomy":"product_tag","embeddable":true,"href":"https:\/\/www.kulpanpuutarha.fi\/index.php?rest_route=%2Fwp%2Fv2%2Fproduct_tag&post=986"}],"curies":[{"name":"wp","href":"https:\/\/api.w.org\/{rel}","templated":true}]}}