{"id":890,"date":"2019-12-16T14:24:52","date_gmt":"2019-12-16T12:24:52","guid":{"rendered":"http:\/\/kulpanpuutarha3.paas.datacenter.fi\/?post_type=product&#038;p=890"},"modified":"2025-11-20T15:15:48","modified_gmt":"2025-11-20T13:15:48","slug":"iisoppi-2","status":"publish","type":"product","link":"https:\/\/www.kulpanpuutarha.fi\/?product=iisoppi-2","title":{"rendered":"Hyssopus &#8211; IISOPPI &#8217;Caeruleus&#8217;"},"content":{"rendered":"<p>Monivuotista iisoppia kasvatetaan meill\u00e4 useinmiten koristekasvina, mutta hy\u00f6tykasvina se sopii hyvin my\u00f6s yrttipuutarhaan. Iisoppi viihtyy auringossa ja p\u00e4rj\u00e4\u00e4 hyvin my\u00f6s kuivahkolla ja hiekkapitoisella kasvupaikalla. Kukkii loppukes\u00e4st\u00e4 runsaasti ja pitk\u00e4\u00e4n tuoksuvin kukin. P\u00f6rri\u00e4isten ja perhosten suosikkikasveja.<\/p>\n","protected":false},"excerpt":{"rendered":"<p><em>Hyssopus officinalis<\/em>, isop<\/p>\n<p>Kukinta: VII-VIII<\/p>\n<p>V\u00e4ri: sinilila<\/p>\n<p>Kasvupaikka: aurinko-puolivarjo<\/p>\n<p>Korkeus: 40 cm<\/p>\n<p>Ruukkukoko: P12 (1,3L)<\/p>\n<p>Tuotantomaa: FI<\/p>\n","protected":false},"featured_media":34063,"template":"","meta":[],"product_brand":[],"product_cat":[398,22,18,27,26,28,31],"product_tag":[54,56,186,195,196],"class_list":{"0":"post-890","1":"product","2":"type-product","3":"status-publish","4":"has-post-thumbnail","6":"product_cat-perhos-porriaiskasvit","7":"product_cat-perinneperennat","8":"product_cat-perennat","9":"product_cat-auringon-perennat","10":"product_cat-hyotykasvit","11":"product_cat-puolivarjon-perennat","12":"product_cat-perennat-a-j","13":"product_tag-lila","14":"product_tag-sininen","15":"product_tag-tuoksuva","16":"product_tag-hyssopus","17":"product_tag-iisoppi","18":"product_shipping_class-nouto","20":"first","21":"outofstock","22":"taxable","23":"shipping-taxable","24":"purchasable","25":"product-type-simple"},"_links":{"self":[{"href":"https:\/\/www.kulpanpuutarha.fi\/index.php?rest_route=\/wp\/v2\/product\/890","targetHints":{"allow":["GET"]}}],"collection":[{"href":"https:\/\/www.kulpanpuutarha.fi\/index.php?rest_route=\/wp\/v2\/product"}],"about":[{"href":"https:\/\/www.kulpanpuutarha.fi\/index.php?rest_route=\/wp\/v2\/types\/product"}],"wp:featuredmedia":[{"embeddable":true,"href":"https:\/\/www.kulpanpuutarha.fi\/index.php?rest_route=\/wp\/v2\/media\/34063"}],"wp:attachment":[{"href":"https:\/\/www.kulpanpuutarha.fi\/index.php?rest_route=%2Fwp%2Fv2%2Fmedia&parent=890"}],"wp:term":[{"taxonomy":"product_brand","embeddable":true,"href":"https:\/\/www.kulpanpuutarha.fi\/index.php?rest_route=%2Fwp%2Fv2%2Fproduct_brand&post=890"},{"taxonomy":"product_cat","embeddable":true,"href":"https:\/\/www.kulpanpuutarha.fi\/index.php?rest_route=%2Fwp%2Fv2%2Fproduct_cat&post=890"},{"taxonomy":"product_tag","embeddable":true,"href":"https:\/\/www.kulpanpuutarha.fi\/index.php?rest_route=%2Fwp%2Fv2%2Fproduct_tag&post=890"}],"curies":[{"name":"wp","href":"https:\/\/api.w.org\/{rel}","templated":true}]}}