{"id":885,"date":"2019-12-16T14:16:32","date_gmt":"2019-12-16T12:16:32","guid":{"rendered":"http:\/\/kulpanpuutarha3.paas.datacenter.fi\/?post_type=product&#038;p=885"},"modified":"2025-11-20T15:16:31","modified_gmt":"2025-11-20T13:16:31","slug":"hamykuunlilja","status":"publish","type":"product","link":"https:\/\/www.kulpanpuutarha.fi\/?product=hamykuunlilja","title":{"rendered":"Hosta &#8211; H\u00c4MYKUUNLILJA"},"content":{"rendered":"","protected":false},"excerpt":{"rendered":"<p><em>Hosta undulata &#8217;Erromena&#8217;<\/em>, julifunkia<\/p>\n<p>Kukinta: VI-VII<\/p>\n<p>V\u00e4ri: vaalea lila, vihre\u00e4 lehdist\u00f6<\/p>\n<p>Kasvupaikka: aurinko-varjo<\/p>\n<p>Korkeus: 80 cm<\/p>\n<p>Ruukkukoko: P12 (1,3L)<\/p>\n<p>Tuotantomaa: FI<\/p>\n","protected":false},"featured_media":886,"template":"","meta":[],"product_brand":[],"product_cat":[22,18,27,28,29,31],"product_tag":[54,192,193],"class_list":{"0":"post-885","1":"product","2":"type-product","3":"status-publish","4":"has-post-thumbnail","6":"product_cat-perinneperennat","7":"product_cat-perennat","8":"product_cat-auringon-perennat","9":"product_cat-puolivarjon-perennat","10":"product_cat-varjon-perennat","11":"product_cat-perennat-a-j","12":"product_tag-lila","13":"product_tag-hosta","14":"product_tag-kuunlilja","15":"product_shipping_class-nouto","17":"first","18":"instock","19":"taxable","20":"shipping-taxable","21":"purchasable","22":"product-type-simple"},"_links":{"self":[{"href":"https:\/\/www.kulpanpuutarha.fi\/index.php?rest_route=\/wp\/v2\/product\/885","targetHints":{"allow":["GET"]}}],"collection":[{"href":"https:\/\/www.kulpanpuutarha.fi\/index.php?rest_route=\/wp\/v2\/product"}],"about":[{"href":"https:\/\/www.kulpanpuutarha.fi\/index.php?rest_route=\/wp\/v2\/types\/product"}],"wp:featuredmedia":[{"embeddable":true,"href":"https:\/\/www.kulpanpuutarha.fi\/index.php?rest_route=\/wp\/v2\/media\/886"}],"wp:attachment":[{"href":"https:\/\/www.kulpanpuutarha.fi\/index.php?rest_route=%2Fwp%2Fv2%2Fmedia&parent=885"}],"wp:term":[{"taxonomy":"product_brand","embeddable":true,"href":"https:\/\/www.kulpanpuutarha.fi\/index.php?rest_route=%2Fwp%2Fv2%2Fproduct_brand&post=885"},{"taxonomy":"product_cat","embeddable":true,"href":"https:\/\/www.kulpanpuutarha.fi\/index.php?rest_route=%2Fwp%2Fv2%2Fproduct_cat&post=885"},{"taxonomy":"product_tag","embeddable":true,"href":"https:\/\/www.kulpanpuutarha.fi\/index.php?rest_route=%2Fwp%2Fv2%2Fproduct_tag&post=885"}],"curies":[{"name":"wp","href":"https:\/\/api.w.org\/{rel}","templated":true}]}}