{"id":881,"date":"2019-12-16T14:11:08","date_gmt":"2019-12-16T12:11:08","guid":{"rendered":"http:\/\/kulpanpuutarha3.paas.datacenter.fi\/?post_type=product&#038;p=881"},"modified":"2026-02-09T08:49:35","modified_gmt":"2026-02-09T06:49:35","slug":"jalokuunlilja-wide-brim","status":"publish","type":"product","link":"https:\/\/www.kulpanpuutarha.fi\/?product=jalokuunlilja-wide-brim","title":{"rendered":"Hosta &#8211; JALOKUUNLILJA &#8217;Wide Brim&#8217;"},"content":{"rendered":"","protected":false},"excerpt":{"rendered":"<p><em>Hosta Tarhafunkia-Ryhm\u00e4<\/em>, tr\u00e4dg\u00e5rdsfunkia<\/p>\n<p>Kukinta: VI-VIII<\/p>\n<p>V\u00e4ri: vaalea lila, keltavihre\u00e4 lehdist\u00f6<\/p>\n<p>Kasvupaikka: aurinko-varjo<\/p>\n<p>Korkeus: 30 cm<\/p>\n<p>Ruukkukoko: P12 (1,3L)<\/p>\n<p>Tuotantomaa: FI<\/p>\n","protected":false},"featured_media":32236,"template":"","meta":[],"product_brand":[],"product_cat":[18,27,28,29,31],"product_tag":[54,192,193],"class_list":{"0":"post-881","1":"product","2":"type-product","3":"status-publish","4":"has-post-thumbnail","6":"product_cat-perennat","7":"product_cat-auringon-perennat","8":"product_cat-puolivarjon-perennat","9":"product_cat-varjon-perennat","10":"product_cat-perennat-a-j","11":"product_tag-lila","12":"product_tag-hosta","13":"product_tag-kuunlilja","14":"product_shipping_class-nouto","16":"first","17":"instock","18":"taxable","19":"shipping-taxable","20":"purchasable","21":"product-type-simple"},"_links":{"self":[{"href":"https:\/\/www.kulpanpuutarha.fi\/index.php?rest_route=\/wp\/v2\/product\/881","targetHints":{"allow":["GET"]}}],"collection":[{"href":"https:\/\/www.kulpanpuutarha.fi\/index.php?rest_route=\/wp\/v2\/product"}],"about":[{"href":"https:\/\/www.kulpanpuutarha.fi\/index.php?rest_route=\/wp\/v2\/types\/product"}],"wp:featuredmedia":[{"embeddable":true,"href":"https:\/\/www.kulpanpuutarha.fi\/index.php?rest_route=\/wp\/v2\/media\/32236"}],"wp:attachment":[{"href":"https:\/\/www.kulpanpuutarha.fi\/index.php?rest_route=%2Fwp%2Fv2%2Fmedia&parent=881"}],"wp:term":[{"taxonomy":"product_brand","embeddable":true,"href":"https:\/\/www.kulpanpuutarha.fi\/index.php?rest_route=%2Fwp%2Fv2%2Fproduct_brand&post=881"},{"taxonomy":"product_cat","embeddable":true,"href":"https:\/\/www.kulpanpuutarha.fi\/index.php?rest_route=%2Fwp%2Fv2%2Fproduct_cat&post=881"},{"taxonomy":"product_tag","embeddable":true,"href":"https:\/\/www.kulpanpuutarha.fi\/index.php?rest_route=%2Fwp%2Fv2%2Fproduct_tag&post=881"}],"curies":[{"name":"wp","href":"https:\/\/api.w.org\/{rel}","templated":true}]}}