{"id":871,"date":"2019-12-16T13:43:50","date_gmt":"2019-12-16T11:43:50","guid":{"rendered":"http:\/\/kulpanpuutarha3.paas.datacenter.fi\/?post_type=product&#038;p=871"},"modified":"2025-11-20T14:53:46","modified_gmt":"2025-11-20T12:53:46","slug":"tarhakuunlilja-blue-cadet","status":"publish","type":"product","link":"https:\/\/www.kulpanpuutarha.fi\/?product=tarhakuunlilja-blue-cadet","title":{"rendered":"Hosta &#8211; TARHAKUUNLILJA &#8217;Blue Cadet&#8217;"},"content":{"rendered":"","protected":false},"excerpt":{"rendered":"<p><em>Hosta Tardiana-Ryhm\u00e4<\/em>, bl\u00e5funkia<\/p>\n<p>Kukinta: VI-VII<\/p>\n<p>V\u00e4ri: lila, sinivihre\u00e4 lehdist\u00f6<\/p>\n<p>Kasvupaikka: aurinko-varjo<\/p>\n<p>Korkeus: 25 cm<\/p>\n<p>Ruukkukoko: P12 (1,3L)<\/p>\n<p>Tuotantomaa: NL\/FI<\/p>\n","protected":false},"featured_media":34392,"template":"","meta":[],"product_brand":[],"product_cat":[18,27,28,29,33],"product_tag":[54,192,193,194],"class_list":{"0":"post-871","1":"product","2":"type-product","3":"status-publish","4":"has-post-thumbnail","6":"product_cat-perennat","7":"product_cat-auringon-perennat","8":"product_cat-puolivarjon-perennat","9":"product_cat-varjon-perennat","10":"product_cat-perennat-s-o","11":"product_tag-lila","12":"product_tag-hosta","13":"product_tag-kuunlilja","14":"product_tag-sinivihrea","15":"product_shipping_class-nouto","17":"first","18":"instock","19":"taxable","20":"shipping-taxable","21":"purchasable","22":"product-type-simple"},"_links":{"self":[{"href":"https:\/\/www.kulpanpuutarha.fi\/index.php?rest_route=\/wp\/v2\/product\/871","targetHints":{"allow":["GET"]}}],"collection":[{"href":"https:\/\/www.kulpanpuutarha.fi\/index.php?rest_route=\/wp\/v2\/product"}],"about":[{"href":"https:\/\/www.kulpanpuutarha.fi\/index.php?rest_route=\/wp\/v2\/types\/product"}],"wp:featuredmedia":[{"embeddable":true,"href":"https:\/\/www.kulpanpuutarha.fi\/index.php?rest_route=\/wp\/v2\/media\/34392"}],"wp:attachment":[{"href":"https:\/\/www.kulpanpuutarha.fi\/index.php?rest_route=%2Fwp%2Fv2%2Fmedia&parent=871"}],"wp:term":[{"taxonomy":"product_brand","embeddable":true,"href":"https:\/\/www.kulpanpuutarha.fi\/index.php?rest_route=%2Fwp%2Fv2%2Fproduct_brand&post=871"},{"taxonomy":"product_cat","embeddable":true,"href":"https:\/\/www.kulpanpuutarha.fi\/index.php?rest_route=%2Fwp%2Fv2%2Fproduct_cat&post=871"},{"taxonomy":"product_tag","embeddable":true,"href":"https:\/\/www.kulpanpuutarha.fi\/index.php?rest_route=%2Fwp%2Fv2%2Fproduct_tag&post=871"}],"curies":[{"name":"wp","href":"https:\/\/api.w.org\/{rel}","templated":true}]}}