{"id":868,"date":"2019-12-16T13:37:43","date_gmt":"2019-12-16T11:37:43","guid":{"rendered":"http:\/\/kulpanpuutarha3.paas.datacenter.fi\/?post_type=product&#038;p=868"},"modified":"2025-11-20T14:57:12","modified_gmt":"2025-11-20T12:57:12","slug":"komeakuunlilja-patriot","status":"publish","type":"product","link":"https:\/\/www.kulpanpuutarha.fi\/?product=komeakuunlilja-patriot","title":{"rendered":"Hosta &#8211; KOMEAKUUNLILJA &#8217;Patriot&#8217;"},"content":{"rendered":"","protected":false},"excerpt":{"rendered":"<p><em>Hosta Fortunei-Ryhm\u00e4<\/em>, blomsterfunkia<\/p>\n<p>Kukinta: VII-VIII<\/p>\n<p>V\u00e4ri: kukinto vaalea lila, valko-vihre\u00e4 -kirjava lehdist\u00f6<\/p>\n<p>Kasvupaikka: aurinko-puolivarjo<\/p>\n<p>Korkeus: 80 cm<\/p>\n<p>Ruukkukoko: P12 (1,3L)<\/p>\n<p>Tuotantomaa: FI tai NL\/FI<\/p>\n","protected":false},"featured_media":32220,"template":"","meta":[],"product_brand":[],"product_cat":[18,27,28,32],"product_tag":[54,119,192,193],"class_list":{"0":"post-868","1":"product","2":"type-product","3":"status-publish","4":"has-post-thumbnail","6":"product_cat-perennat","7":"product_cat-auringon-perennat","8":"product_cat-puolivarjon-perennat","9":"product_cat-perennat-k-r","10":"product_tag-lila","11":"product_tag-kirjava","12":"product_tag-hosta","13":"product_tag-kuunlilja","14":"product_shipping_class-nouto","16":"first","17":"instock","18":"taxable","19":"shipping-taxable","20":"purchasable","21":"product-type-simple"},"_links":{"self":[{"href":"https:\/\/www.kulpanpuutarha.fi\/index.php?rest_route=\/wp\/v2\/product\/868","targetHints":{"allow":["GET"]}}],"collection":[{"href":"https:\/\/www.kulpanpuutarha.fi\/index.php?rest_route=\/wp\/v2\/product"}],"about":[{"href":"https:\/\/www.kulpanpuutarha.fi\/index.php?rest_route=\/wp\/v2\/types\/product"}],"wp:featuredmedia":[{"embeddable":true,"href":"https:\/\/www.kulpanpuutarha.fi\/index.php?rest_route=\/wp\/v2\/media\/32220"}],"wp:attachment":[{"href":"https:\/\/www.kulpanpuutarha.fi\/index.php?rest_route=%2Fwp%2Fv2%2Fmedia&parent=868"}],"wp:term":[{"taxonomy":"product_brand","embeddable":true,"href":"https:\/\/www.kulpanpuutarha.fi\/index.php?rest_route=%2Fwp%2Fv2%2Fproduct_brand&post=868"},{"taxonomy":"product_cat","embeddable":true,"href":"https:\/\/www.kulpanpuutarha.fi\/index.php?rest_route=%2Fwp%2Fv2%2Fproduct_cat&post=868"},{"taxonomy":"product_tag","embeddable":true,"href":"https:\/\/www.kulpanpuutarha.fi\/index.php?rest_route=%2Fwp%2Fv2%2Fproduct_tag&post=868"}],"curies":[{"name":"wp","href":"https:\/\/api.w.org\/{rel}","templated":true}]}}