{"id":812,"date":"2019-12-16T12:14:26","date_gmt":"2019-12-16T10:14:26","guid":{"rendered":"http:\/\/kulpanpuutarha3.paas.datacenter.fi\/?post_type=product&#038;p=812"},"modified":"2025-11-20T14:35:36","modified_gmt":"2025-11-20T12:35:36","slug":"syyshohdekukka-helena-red-shades","status":"publish","type":"product","link":"https:\/\/www.kulpanpuutarha.fi\/?product=syyshohdekukka-helena-red-shades","title":{"rendered":"Helenium &#8211; SYYSHOHDEKUKKA &#8217;Helena Red Shades&#8217;"},"content":{"rendered":"","protected":false},"excerpt":{"rendered":"<p><em>Helenium autumnale<\/em>, tr\u00e4dg\u00e5rdssolbrud<\/p>\n<p>Kukinta: VIII-IX<\/p>\n<p>V\u00e4ri: punakeltainen-punainen eri s\u00e4vyj\u00e4<\/p>\n<p>Kasvupaikka: aurinko-puolivarjo<\/p>\n<p>Korkeus: 80 cm<\/p>\n<p>Ruukkukoko: P12 (1,3L)<\/p>\n<p>Tuotantomaa: FI<\/p>\n","protected":false},"featured_media":813,"template":"","meta":[],"product_brand":[],"product_cat":[18,27,28,33],"product_tag":[40,51,178,573],"class_list":{"0":"post-812","1":"product","2":"type-product","3":"status-publish","4":"has-post-thumbnail","6":"product_cat-perennat","7":"product_cat-auringon-perennat","8":"product_cat-puolivarjon-perennat","9":"product_cat-perennat-s-o","10":"product_tag-keltainen","11":"product_tag-punainen","12":"product_tag-helenium","13":"product_tag-syyshohdekukka","14":"product_shipping_class-nouto","16":"first","17":"instock","18":"taxable","19":"shipping-taxable","20":"purchasable","21":"product-type-simple"},"_links":{"self":[{"href":"https:\/\/www.kulpanpuutarha.fi\/index.php?rest_route=\/wp\/v2\/product\/812","targetHints":{"allow":["GET"]}}],"collection":[{"href":"https:\/\/www.kulpanpuutarha.fi\/index.php?rest_route=\/wp\/v2\/product"}],"about":[{"href":"https:\/\/www.kulpanpuutarha.fi\/index.php?rest_route=\/wp\/v2\/types\/product"}],"wp:featuredmedia":[{"embeddable":true,"href":"https:\/\/www.kulpanpuutarha.fi\/index.php?rest_route=\/wp\/v2\/media\/813"}],"wp:attachment":[{"href":"https:\/\/www.kulpanpuutarha.fi\/index.php?rest_route=%2Fwp%2Fv2%2Fmedia&parent=812"}],"wp:term":[{"taxonomy":"product_brand","embeddable":true,"href":"https:\/\/www.kulpanpuutarha.fi\/index.php?rest_route=%2Fwp%2Fv2%2Fproduct_brand&post=812"},{"taxonomy":"product_cat","embeddable":true,"href":"https:\/\/www.kulpanpuutarha.fi\/index.php?rest_route=%2Fwp%2Fv2%2Fproduct_cat&post=812"},{"taxonomy":"product_tag","embeddable":true,"href":"https:\/\/www.kulpanpuutarha.fi\/index.php?rest_route=%2Fwp%2Fv2%2Fproduct_tag&post=812"}],"curies":[{"name":"wp","href":"https:\/\/api.w.org\/{rel}","templated":true}]}}