{"id":759,"date":"2019-12-16T09:50:48","date_gmt":"2019-12-16T07:50:48","guid":{"rendered":"http:\/\/kulpanpuutarha3.paas.datacenter.fi\/?post_type=product&#038;p=759"},"modified":"2025-11-20T13:52:26","modified_gmt":"2025-11-20T11:52:26","slug":"sininata","status":"publish","type":"product","link":"https:\/\/www.kulpanpuutarha.fi\/?product=sininata","title":{"rendered":"Festuca &#8211; SININATA"},"content":{"rendered":"","protected":false},"excerpt":{"rendered":"<p><em>Festuca glauca<\/em>, bl\u00e5svingel<\/p>\n<p>Kukinta: VII<\/p>\n<p>V\u00e4ri: sinivihre\u00e4 lehdist\u00f6<\/p>\n<p>Kasvupaikka: aurinko-puolivarjo, kuiva<\/p>\n<p>Korkeus: 25 cm<\/p>\n<p>Ruukkukoko: P12 (1,3L)<\/p>\n<p>Tuotantomaa: FI tai DE\/FI<\/p>\n","protected":false},"featured_media":760,"template":"","meta":[],"product_brand":[],"product_cat":[18,27,28,33,57],"product_tag":[88,94,120,161,440],"class_list":{"0":"post-759","1":"product","2":"type-product","3":"status-publish","4":"has-post-thumbnail","6":"product_cat-perennat","7":"product_cat-auringon-perennat","8":"product_cat-puolivarjon-perennat","9":"product_cat-perennat-s-o","10":"product_cat-koristeheinat","11":"product_tag-hopea","12":"product_tag-vihrea","13":"product_tag-heinat","14":"product_tag-festuca","15":"product_tag-koristeheina","16":"product_shipping_class-nouto","18":"first","19":"instock","20":"taxable","21":"shipping-taxable","22":"purchasable","23":"product-type-simple"},"_links":{"self":[{"href":"https:\/\/www.kulpanpuutarha.fi\/index.php?rest_route=\/wp\/v2\/product\/759","targetHints":{"allow":["GET"]}}],"collection":[{"href":"https:\/\/www.kulpanpuutarha.fi\/index.php?rest_route=\/wp\/v2\/product"}],"about":[{"href":"https:\/\/www.kulpanpuutarha.fi\/index.php?rest_route=\/wp\/v2\/types\/product"}],"wp:featuredmedia":[{"embeddable":true,"href":"https:\/\/www.kulpanpuutarha.fi\/index.php?rest_route=\/wp\/v2\/media\/760"}],"wp:attachment":[{"href":"https:\/\/www.kulpanpuutarha.fi\/index.php?rest_route=%2Fwp%2Fv2%2Fmedia&parent=759"}],"wp:term":[{"taxonomy":"product_brand","embeddable":true,"href":"https:\/\/www.kulpanpuutarha.fi\/index.php?rest_route=%2Fwp%2Fv2%2Fproduct_brand&post=759"},{"taxonomy":"product_cat","embeddable":true,"href":"https:\/\/www.kulpanpuutarha.fi\/index.php?rest_route=%2Fwp%2Fv2%2Fproduct_cat&post=759"},{"taxonomy":"product_tag","embeddable":true,"href":"https:\/\/www.kulpanpuutarha.fi\/index.php?rest_route=%2Fwp%2Fv2%2Fproduct_tag&post=759"}],"curies":[{"name":"wp","href":"https:\/\/api.w.org\/{rel}","templated":true}]}}