{"id":745,"date":"2019-12-16T08:06:14","date_gmt":"2019-12-16T06:06:14","guid":{"rendered":"http:\/\/kulpanpuutarha3.paas.datacenter.fi\/?post_type=product&#038;p=745"},"modified":"2025-11-20T13:59:33","modified_gmt":"2025-11-20T11:59:33","slug":"kaunopunahattu-happy-star","status":"publish","type":"product","link":"https:\/\/www.kulpanpuutarha.fi\/?product=kaunopunahattu-happy-star","title":{"rendered":"Echinacea &#8211; KAUNOPUNAHATTU &#8217;Happy Star&#8217;"},"content":{"rendered":"<p>Pitk\u00e4\u00e4n ja runsaasti syyskes\u00e4ll\u00e4 kukkiva punahattu on puutarhan katseenvangitsija ja yksi perhosten ja p\u00f6rri\u00e4isten ehdottomia suosikkikasveja! Kaunopunahattu viihtyy aurinkoisella, jopa paahteisella, kasvupaikalla normaalissa puutarhamultamaassa. Siet\u00e4\u00e4 hyvin my\u00f6s kuivuutta. Hyv\u00e4 leikkokukka.<\/p>\n","protected":false},"excerpt":{"rendered":"<p><em>Echinacea purpurea<\/em>, r\u00f6d rudbeckia<\/p>\n<p>Kukinta: VIII-IX<\/p>\n<p>V\u00e4ri: valkoinen<\/p>\n<p>Kasvupaikka: aurinko, kuiva<\/p>\n<p>Korkeus: 100 cm<\/p>\n<p>Ruukkukoko: P12 (1,3L)<\/p>\n<p>Tuotantomaa: FI<\/p>\n","protected":false},"featured_media":32168,"template":"","meta":[],"product_brand":[],"product_cat":[398,18,27,32],"product_tag":[43,150,151],"class_list":{"0":"post-745","1":"product","2":"type-product","3":"status-publish","4":"has-post-thumbnail","6":"product_cat-perhos-porriaiskasvit","7":"product_cat-perennat","8":"product_cat-auringon-perennat","9":"product_cat-perennat-k-r","10":"product_tag-valkoinen","11":"product_tag-punahattu","12":"product_tag-echinacea","13":"product_shipping_class-nouto","15":"first","16":"instock","17":"taxable","18":"shipping-taxable","19":"purchasable","20":"product-type-simple"},"_links":{"self":[{"href":"https:\/\/www.kulpanpuutarha.fi\/index.php?rest_route=\/wp\/v2\/product\/745","targetHints":{"allow":["GET"]}}],"collection":[{"href":"https:\/\/www.kulpanpuutarha.fi\/index.php?rest_route=\/wp\/v2\/product"}],"about":[{"href":"https:\/\/www.kulpanpuutarha.fi\/index.php?rest_route=\/wp\/v2\/types\/product"}],"wp:featuredmedia":[{"embeddable":true,"href":"https:\/\/www.kulpanpuutarha.fi\/index.php?rest_route=\/wp\/v2\/media\/32168"}],"wp:attachment":[{"href":"https:\/\/www.kulpanpuutarha.fi\/index.php?rest_route=%2Fwp%2Fv2%2Fmedia&parent=745"}],"wp:term":[{"taxonomy":"product_brand","embeddable":true,"href":"https:\/\/www.kulpanpuutarha.fi\/index.php?rest_route=%2Fwp%2Fv2%2Fproduct_brand&post=745"},{"taxonomy":"product_cat","embeddable":true,"href":"https:\/\/www.kulpanpuutarha.fi\/index.php?rest_route=%2Fwp%2Fv2%2Fproduct_cat&post=745"},{"taxonomy":"product_tag","embeddable":true,"href":"https:\/\/www.kulpanpuutarha.fi\/index.php?rest_route=%2Fwp%2Fv2%2Fproduct_tag&post=745"}],"curies":[{"name":"wp","href":"https:\/\/api.w.org\/{rel}","templated":true}]}}