{"id":743,"date":"2019-12-16T08:03:06","date_gmt":"2019-12-16T06:03:06","guid":{"rendered":"http:\/\/kulpanpuutarha3.paas.datacenter.fi\/?post_type=product&#038;p=743"},"modified":"2026-04-18T16:20:55","modified_gmt":"2026-04-18T13:20:55","slug":"kaunopunahattu-green-twister","status":"publish","type":"product","link":"https:\/\/www.kulpanpuutarha.fi\/?product=kaunopunahattu-green-twister","title":{"rendered":"Echinacea &#8211; KAUNOPUNAHATTU &#8217;Green Twister&#8217;"},"content":{"rendered":"<p>Pitk\u00e4\u00e4n ja runsaasti syyskes\u00e4ll\u00e4 kukkiva punahattu on puutarhan katseenvangitsija ja yksi perhosten ja p\u00f6rri\u00e4isten ehdottomia suosikkikasveja! Kaunopunahattu viihtyy aurinkoisella, jopa paahteisella, kasvupaikalla normaalissa puutarhamultamaassa. Siet\u00e4\u00e4 hyvin my\u00f6s kuivuutta. Hyv\u00e4 leikkokukka.<\/p>\n","protected":false},"excerpt":{"rendered":"<p><em>Echinacea purpurea<\/em>, r\u00f6d rudbeckia<\/p>\n<p>Kukinta: VIII-IX<\/p>\n<p>V\u00e4ri: lime-pinkki<\/p>\n<p>Kasvupaikka: aurinko, kuiva<\/p>\n<p>Korkeus: 100 cm<\/p>\n<p>Ruukkukoko: P12 (1,3L)<\/p>\n<p>Tuotantomaa: FI<\/p>\n","protected":false},"featured_media":744,"template":"","meta":[],"product_brand":[],"product_cat":[398,18,27,32],"product_tag":[63,150,151,152],"class_list":{"0":"post-743","1":"product","2":"type-product","3":"status-publish","4":"has-post-thumbnail","6":"product_cat-perhos-porriaiskasvit","7":"product_cat-perennat","8":"product_cat-auringon-perennat","9":"product_cat-perennat-k-r","10":"product_tag-vaaleanpunainen","11":"product_tag-punahattu","12":"product_tag-echinacea","13":"product_tag-lime","14":"product_shipping_class-lahetys-pakettina","16":"first","17":"instock","18":"taxable","19":"shipping-taxable","20":"purchasable","21":"product-type-simple"},"_links":{"self":[{"href":"https:\/\/www.kulpanpuutarha.fi\/index.php?rest_route=\/wp\/v2\/product\/743","targetHints":{"allow":["GET"]}}],"collection":[{"href":"https:\/\/www.kulpanpuutarha.fi\/index.php?rest_route=\/wp\/v2\/product"}],"about":[{"href":"https:\/\/www.kulpanpuutarha.fi\/index.php?rest_route=\/wp\/v2\/types\/product"}],"wp:featuredmedia":[{"embeddable":true,"href":"https:\/\/www.kulpanpuutarha.fi\/index.php?rest_route=\/wp\/v2\/media\/744"}],"wp:attachment":[{"href":"https:\/\/www.kulpanpuutarha.fi\/index.php?rest_route=%2Fwp%2Fv2%2Fmedia&parent=743"}],"wp:term":[{"taxonomy":"product_brand","embeddable":true,"href":"https:\/\/www.kulpanpuutarha.fi\/index.php?rest_route=%2Fwp%2Fv2%2Fproduct_brand&post=743"},{"taxonomy":"product_cat","embeddable":true,"href":"https:\/\/www.kulpanpuutarha.fi\/index.php?rest_route=%2Fwp%2Fv2%2Fproduct_cat&post=743"},{"taxonomy":"product_tag","embeddable":true,"href":"https:\/\/www.kulpanpuutarha.fi\/index.php?rest_route=%2Fwp%2Fv2%2Fproduct_tag&post=743"}],"curies":[{"name":"wp","href":"https:\/\/api.w.org\/{rel}","templated":true}]}}