{"id":714,"date":"2019-12-13T14:35:25","date_gmt":"2019-12-13T12:35:25","guid":{"rendered":"http:\/\/kulpanpuutarha3.paas.datacenter.fi\/?post_type=product&#038;p=714"},"modified":"2025-11-20T10:44:15","modified_gmt":"2025-11-20T08:44:15","slug":"palleroneilikka-pispalan-neito","status":"publish","type":"product","link":"https:\/\/www.kulpanpuutarha.fi\/?product=palleroneilikka-pispalan-neito","title":{"rendered":"Dianthus &#8211; PALLERONEILIKKA &#8217;Pispalan Neito&#8217;"},"content":{"rendered":"<p>Vanha, kotimainen neilikkakanta. Viihtyy aurinkoisella, kuivahkolla kasvupaikalla. M\u00e4t\u00e4sm\u00e4inen, hopeanvihre\u00e4 lehdist\u00f6. Kukkii hein\u00e4kuussa runsaasti tuoksuvin kukin.<\/p>\n","protected":false},"excerpt":{"rendered":"<p><em>Dianthus<\/em>, nejlika<\/p>\n<p>Kukinta: VII<\/p>\n<p>V\u00e4ri: vaaleanpunainen<\/p>\n<p>Kasvupaikka: aurinko, kuiva<\/p>\n<p>Korkeus: 15\/30 cm<\/p>\n<p>Ruukkukoko: P12 (1,3L)<\/p>\n<p>Tuotantomaa: FI<\/p>\n","protected":false},"featured_media":32151,"template":"","meta":[],"product_brand":[],"product_cat":[22,18,27,32],"product_tag":[63,140,141],"class_list":{"0":"post-714","1":"product","2":"type-product","3":"status-publish","4":"has-post-thumbnail","6":"product_cat-perinneperennat","7":"product_cat-perennat","8":"product_cat-auringon-perennat","9":"product_cat-perennat-k-r","10":"product_tag-vaaleanpunainen","11":"product_tag-neilikka","12":"product_tag-dianthus","13":"product_shipping_class-nouto","15":"first","16":"instock","17":"taxable","18":"shipping-taxable","19":"purchasable","20":"product-type-simple"},"_links":{"self":[{"href":"https:\/\/www.kulpanpuutarha.fi\/index.php?rest_route=\/wp\/v2\/product\/714","targetHints":{"allow":["GET"]}}],"collection":[{"href":"https:\/\/www.kulpanpuutarha.fi\/index.php?rest_route=\/wp\/v2\/product"}],"about":[{"href":"https:\/\/www.kulpanpuutarha.fi\/index.php?rest_route=\/wp\/v2\/types\/product"}],"wp:featuredmedia":[{"embeddable":true,"href":"https:\/\/www.kulpanpuutarha.fi\/index.php?rest_route=\/wp\/v2\/media\/32151"}],"wp:attachment":[{"href":"https:\/\/www.kulpanpuutarha.fi\/index.php?rest_route=%2Fwp%2Fv2%2Fmedia&parent=714"}],"wp:term":[{"taxonomy":"product_brand","embeddable":true,"href":"https:\/\/www.kulpanpuutarha.fi\/index.php?rest_route=%2Fwp%2Fv2%2Fproduct_brand&post=714"},{"taxonomy":"product_cat","embeddable":true,"href":"https:\/\/www.kulpanpuutarha.fi\/index.php?rest_route=%2Fwp%2Fv2%2Fproduct_cat&post=714"},{"taxonomy":"product_tag","embeddable":true,"href":"https:\/\/www.kulpanpuutarha.fi\/index.php?rest_route=%2Fwp%2Fv2%2Fproduct_tag&post=714"}],"curies":[{"name":"wp","href":"https:\/\/api.w.org\/{rel}","templated":true}]}}