{"id":487,"date":"2019-12-10T09:17:00","date_gmt":"2019-12-10T07:17:00","guid":{"rendered":"http:\/\/kulpanpuutarha3.paas.datacenter.fi\/?post_type=product&#038;p=487"},"modified":"2025-11-19T15:16:18","modified_gmt":"2025-11-19T13:16:18","slug":"helminukkajakkara-neuschnee","status":"publish","type":"product","link":"https:\/\/www.kulpanpuutarha.fi\/?product=helminukkajakkara-neuschnee","title":{"rendered":"Anaphalis &#8211; HELMINUKKAJ\u00c4KK\u00c4R\u00c4 &#8217;Neuschnee&#8217;"},"content":{"rendered":"","protected":false},"excerpt":{"rendered":"<p><em>Anaphalis margaritacea,\u00a0<\/em>p\u00e4rleternell<\/p>\n<p>Kukinta: VII-IX<\/p>\n<p>V\u00e4ri: valkoinen kukinto, hopeanharmahtavat lehdet<\/p>\n<p>Kasvupaikka: aurinko, kuiva<\/p>\n<p>Korkeus: 50-60 cm<\/p>\n<p>Ruukkukoko: P12 (12 cm)<\/p>\n<p>Tuotantomaa: FI<\/p>\n","protected":false},"featured_media":14424,"template":"","meta":[],"product_brand":[],"product_cat":[22,18,27,31],"product_tag":[43,68,69,558],"class_list":{"0":"post-487","1":"product","2":"type-product","3":"status-publish","4":"has-post-thumbnail","6":"product_cat-perinneperennat","7":"product_cat-perennat","8":"product_cat-auringon-perennat","9":"product_cat-perennat-a-j","10":"product_tag-valkoinen","11":"product_tag-nukkajakkara","12":"product_tag-anaphalis","13":"product_tag-helminukkajakkara","14":"product_shipping_class-nouto","16":"first","17":"instock","18":"taxable","19":"shipping-taxable","20":"purchasable","21":"product-type-simple"},"_links":{"self":[{"href":"https:\/\/www.kulpanpuutarha.fi\/index.php?rest_route=\/wp\/v2\/product\/487","targetHints":{"allow":["GET"]}}],"collection":[{"href":"https:\/\/www.kulpanpuutarha.fi\/index.php?rest_route=\/wp\/v2\/product"}],"about":[{"href":"https:\/\/www.kulpanpuutarha.fi\/index.php?rest_route=\/wp\/v2\/types\/product"}],"wp:featuredmedia":[{"embeddable":true,"href":"https:\/\/www.kulpanpuutarha.fi\/index.php?rest_route=\/wp\/v2\/media\/14424"}],"wp:attachment":[{"href":"https:\/\/www.kulpanpuutarha.fi\/index.php?rest_route=%2Fwp%2Fv2%2Fmedia&parent=487"}],"wp:term":[{"taxonomy":"product_brand","embeddable":true,"href":"https:\/\/www.kulpanpuutarha.fi\/index.php?rest_route=%2Fwp%2Fv2%2Fproduct_brand&post=487"},{"taxonomy":"product_cat","embeddable":true,"href":"https:\/\/www.kulpanpuutarha.fi\/index.php?rest_route=%2Fwp%2Fv2%2Fproduct_cat&post=487"},{"taxonomy":"product_tag","embeddable":true,"href":"https:\/\/www.kulpanpuutarha.fi\/index.php?rest_route=%2Fwp%2Fv2%2Fproduct_tag&post=487"}],"curies":[{"name":"wp","href":"https:\/\/api.w.org\/{rel}","templated":true}]}}