{"id":463,"date":"2019-12-10T07:26:48","date_gmt":"2019-12-10T05:26:48","guid":{"rendered":"http:\/\/kulpanpuutarha3.paas.datacenter.fi\/?post_type=product&#038;p=463"},"modified":"2025-11-19T15:22:27","modified_gmt":"2025-11-19T13:22:27","slug":"ronsyakankaali-braunherz","status":"publish","type":"product","link":"https:\/\/www.kulpanpuutarha.fi\/?product=ronsyakankaali-braunherz","title":{"rendered":"Ajuga &#8211; R\u00d6NSYAKANKAALI &#8217;Braunherz&#8217;"},"content":{"rendered":"<p>R\u00f6nsyakankaali &#8217;Braunherz&#8217; on kaunis, tummalehtinen maanpeiteperenna. Kukkii alkukes\u00e4st\u00e4 liiloin kukin. Levi\u00e4\u00e4 hyvin r\u00f6nsyjen avulla peitt\u00e4v\u00e4ksi kasvustoksi. Viihtyy monenlaisilla kasvupaikoilla auringosta varjoon tuoreessa kasvualustassa. Lehdist\u00f6n v\u00e4ri vaihtelee hieman kasvupaikan valo-olosuhteista riippuen. Sopii hyvin pensaiden alustoille tai perennapenkkiin reunuskasviksi. Kaunis my\u00f6s ruukkuistutuksissa.<\/p>\n","protected":false},"excerpt":{"rendered":"<p><em>Ajuga reptans<\/em>, revsuga<\/p>\n<p>Kukinta: V-VI<\/p>\n<p>V\u00e4ri: lilansininen, tummat lehdet<\/p>\n<p>Kasvupaikka: auringosta varjoon, tuore multamaa<\/p>\n<p>Korkeus: 5\/15 cm<\/p>\n<p>Ruukkukoko: 12 cm (1,3L)<\/p>\n<p>Tuotantomaa: FI<\/p>\n","protected":false},"featured_media":464,"template":"","meta":[],"product_brand":[],"product_cat":[398,22,18,27,28,29,32],"product_tag":[52,53,54,55],"class_list":{"0":"post-463","1":"product","2":"type-product","3":"status-publish","4":"has-post-thumbnail","6":"product_cat-perhos-porriaiskasvit","7":"product_cat-perinneperennat","8":"product_cat-perennat","9":"product_cat-auringon-perennat","10":"product_cat-puolivarjon-perennat","11":"product_cat-varjon-perennat","12":"product_cat-perennat-k-r","13":"product_tag-ronsyakankaali","14":"product_tag-ajuga","15":"product_tag-lila","16":"product_tag-maanpeiteperenna","17":"product_shipping_class-nouto","19":"first","20":"instock","21":"taxable","22":"shipping-taxable","23":"purchasable","24":"product-type-simple"},"_links":{"self":[{"href":"https:\/\/www.kulpanpuutarha.fi\/index.php?rest_route=\/wp\/v2\/product\/463","targetHints":{"allow":["GET"]}}],"collection":[{"href":"https:\/\/www.kulpanpuutarha.fi\/index.php?rest_route=\/wp\/v2\/product"}],"about":[{"href":"https:\/\/www.kulpanpuutarha.fi\/index.php?rest_route=\/wp\/v2\/types\/product"}],"wp:featuredmedia":[{"embeddable":true,"href":"https:\/\/www.kulpanpuutarha.fi\/index.php?rest_route=\/wp\/v2\/media\/464"}],"wp:attachment":[{"href":"https:\/\/www.kulpanpuutarha.fi\/index.php?rest_route=%2Fwp%2Fv2%2Fmedia&parent=463"}],"wp:term":[{"taxonomy":"product_brand","embeddable":true,"href":"https:\/\/www.kulpanpuutarha.fi\/index.php?rest_route=%2Fwp%2Fv2%2Fproduct_brand&post=463"},{"taxonomy":"product_cat","embeddable":true,"href":"https:\/\/www.kulpanpuutarha.fi\/index.php?rest_route=%2Fwp%2Fv2%2Fproduct_cat&post=463"},{"taxonomy":"product_tag","embeddable":true,"href":"https:\/\/www.kulpanpuutarha.fi\/index.php?rest_route=%2Fwp%2Fv2%2Fproduct_tag&post=463"}],"curies":[{"name":"wp","href":"https:\/\/api.w.org\/{rel}","templated":true}]}}