{"id":461,"date":"2019-12-10T07:19:35","date_gmt":"2019-12-10T05:19:35","guid":{"rendered":"http:\/\/kulpanpuutarha3.paas.datacenter.fi\/?post_type=product&#038;p=461"},"modified":"2025-11-19T15:04:53","modified_gmt":"2025-11-19T13:04:53","slug":"punakarsamo","status":"publish","type":"product","link":"https:\/\/www.kulpanpuutarha.fi\/?product=punakarsamo","title":{"rendered":"Achillea &#8211; PUNAK\u00c4RS\u00c4M\u00d6 &#8217;Cerise Queen&#8217;"},"content":{"rendered":"","protected":false},"excerpt":{"rendered":"<p><em>Achillea millefolium punainen<\/em>, r\u00f6d r\u00f6llika<\/p>\n<p>Kukinta: VII-VIII<\/p>\n<p>V\u00e4ri: punainen<\/p>\n<p>Kasvupaikka: aurinko-puolivarjo, kuiva<\/p>\n<p>Korkeus: 60 cm<\/p>\n<p>Ruukkukoko: P12 (12 cm)<\/p>\n<p>Tuotantomaa: FI<\/p>\n","protected":false},"featured_media":14432,"template":"","meta":[],"product_brand":[],"product_cat":[18,27,28,32],"product_tag":[38,42,50,51,100],"class_list":{"0":"post-461","1":"product","2":"type-product","3":"status-publish","4":"has-post-thumbnail","6":"product_cat-perennat","7":"product_cat-auringon-perennat","8":"product_cat-puolivarjon-perennat","9":"product_cat-perennat-k-r","10":"product_tag-karsamo","11":"product_tag-achillea","12":"product_tag-punakarsamo","13":"product_tag-punainen","14":"product_tag-pinkki","15":"product_shipping_class-nouto","17":"first","18":"instock","19":"taxable","20":"shipping-taxable","21":"purchasable","22":"product-type-simple"},"_links":{"self":[{"href":"https:\/\/www.kulpanpuutarha.fi\/index.php?rest_route=\/wp\/v2\/product\/461","targetHints":{"allow":["GET"]}}],"collection":[{"href":"https:\/\/www.kulpanpuutarha.fi\/index.php?rest_route=\/wp\/v2\/product"}],"about":[{"href":"https:\/\/www.kulpanpuutarha.fi\/index.php?rest_route=\/wp\/v2\/types\/product"}],"wp:featuredmedia":[{"embeddable":true,"href":"https:\/\/www.kulpanpuutarha.fi\/index.php?rest_route=\/wp\/v2\/media\/14432"}],"wp:attachment":[{"href":"https:\/\/www.kulpanpuutarha.fi\/index.php?rest_route=%2Fwp%2Fv2%2Fmedia&parent=461"}],"wp:term":[{"taxonomy":"product_brand","embeddable":true,"href":"https:\/\/www.kulpanpuutarha.fi\/index.php?rest_route=%2Fwp%2Fv2%2Fproduct_brand&post=461"},{"taxonomy":"product_cat","embeddable":true,"href":"https:\/\/www.kulpanpuutarha.fi\/index.php?rest_route=%2Fwp%2Fv2%2Fproduct_cat&post=461"},{"taxonomy":"product_tag","embeddable":true,"href":"https:\/\/www.kulpanpuutarha.fi\/index.php?rest_route=%2Fwp%2Fv2%2Fproduct_tag&post=461"}],"curies":[{"name":"wp","href":"https:\/\/api.w.org\/{rel}","templated":true}]}}