{"id":34107,"date":"2024-11-25T13:29:19","date_gmt":"2024-11-25T11:29:19","guid":{"rendered":"https:\/\/www.kulpanpuutarha.fi\/?post_type=product&#038;p=34107"},"modified":"2025-11-24T15:20:25","modified_gmt":"2025-11-24T13:20:25","slug":"paeonia-tarhapioni-rubra-plena","status":"publish","type":"product","link":"https:\/\/www.kulpanpuutarha.fi\/?product=paeonia-tarhapioni-rubra-plena","title":{"rendered":"Paeonia &#8211; TARHAPIONI &#8217;Rubra Plena&#8217;"},"content":{"rendered":"<p>Kasvupaikan tulee olla syv\u00e4multainen mutta hyvin vett\u00e4 l\u00e4p\u00e4isev\u00e4 &#8211; pioni ei sied\u00e4 liikaa kosteutta juuristoalueella.<\/p>\n","protected":false},"excerpt":{"rendered":"<p><i>Paeonia officinalis<\/i><\/p>\n<p>Kukinta: V-VI<\/p>\n<p>V\u00e4ri: tummanpunainen<\/p>\n<p>Kasvupaikka: aurinkoinen, l\u00e4p\u00e4isev\u00e4 kasvualusta<\/p>\n<p>Korkeus: 50-75 cm<\/p>\n<p>Ruukkukoko: 13 cm (1,3L)<\/p>\n<p>Tuotantomaa: NL\/FI<\/p>\n","protected":false},"featured_media":34280,"template":"","meta":[],"product_brand":[],"product_cat":[22,18,27,32,33],"product_tag":[51,249,250,542],"class_list":{"0":"post-34107","1":"product","2":"type-product","3":"status-publish","4":"has-post-thumbnail","6":"product_cat-perinneperennat","7":"product_cat-perennat","8":"product_cat-auringon-perennat","9":"product_cat-perennat-k-r","10":"product_cat-perennat-s-o","11":"product_tag-punainen","12":"product_tag-paeonia","13":"product_tag-pioni","14":"product_tag-tarhapioni","15":"product_shipping_class-nouto","17":"first","18":"instock","19":"taxable","20":"shipping-taxable","21":"purchasable","22":"product-type-simple"},"_links":{"self":[{"href":"https:\/\/www.kulpanpuutarha.fi\/index.php?rest_route=\/wp\/v2\/product\/34107","targetHints":{"allow":["GET"]}}],"collection":[{"href":"https:\/\/www.kulpanpuutarha.fi\/index.php?rest_route=\/wp\/v2\/product"}],"about":[{"href":"https:\/\/www.kulpanpuutarha.fi\/index.php?rest_route=\/wp\/v2\/types\/product"}],"wp:featuredmedia":[{"embeddable":true,"href":"https:\/\/www.kulpanpuutarha.fi\/index.php?rest_route=\/wp\/v2\/media\/34280"}],"wp:attachment":[{"href":"https:\/\/www.kulpanpuutarha.fi\/index.php?rest_route=%2Fwp%2Fv2%2Fmedia&parent=34107"}],"wp:term":[{"taxonomy":"product_brand","embeddable":true,"href":"https:\/\/www.kulpanpuutarha.fi\/index.php?rest_route=%2Fwp%2Fv2%2Fproduct_brand&post=34107"},{"taxonomy":"product_cat","embeddable":true,"href":"https:\/\/www.kulpanpuutarha.fi\/index.php?rest_route=%2Fwp%2Fv2%2Fproduct_cat&post=34107"},{"taxonomy":"product_tag","embeddable":true,"href":"https:\/\/www.kulpanpuutarha.fi\/index.php?rest_route=%2Fwp%2Fv2%2Fproduct_tag&post=34107"}],"curies":[{"name":"wp","href":"https:\/\/api.w.org\/{rel}","templated":true}]}}