{"id":33797,"date":"2024-05-02T07:54:03","date_gmt":"2024-05-02T04:54:03","guid":{"rendered":"https:\/\/www.kulpanpuutarha.fi\/?post_type=product&#038;p=33797"},"modified":"2025-11-24T14:02:18","modified_gmt":"2025-11-24T12:02:18","slug":"hosta-jalokuunlilja-diana-remembered","status":"publish","type":"product","link":"https:\/\/www.kulpanpuutarha.fi\/?product=hosta-jalokuunlilja-diana-remembered","title":{"rendered":"Hosta &#8211; JALOKUUNLILJA &#8217;Diana Remembered&#8217;"},"content":{"rendered":"","protected":false},"excerpt":{"rendered":"<p><em>Hosta hybrid<\/em>, funkia<\/p>\n<p>Kukinta: VI-VII<\/p>\n<p>V\u00e4ri: valkoinen, tuoksuva kukka, vihreiden lehtien laidassa leve\u00e4 kermanv\u00e4rinen reunus<\/p>\n<p>Kasvupaikka: aurinko-varjo<\/p>\n<p>Korkeus: 50 cm<\/p>\n<p>Ruukkukoko: P12 (1,3L)<\/p>\n<p>Tuotantomaa: NL\/FI<\/p>\n","protected":false},"featured_media":34299,"template":"","meta":[],"product_brand":[],"product_cat":[18,27,28,29,31],"product_tag":[43,192,193,451],"class_list":{"0":"post-33797","1":"product","2":"type-product","3":"status-publish","4":"has-post-thumbnail","6":"product_cat-perennat","7":"product_cat-auringon-perennat","8":"product_cat-puolivarjon-perennat","9":"product_cat-varjon-perennat","10":"product_cat-perennat-a-j","11":"product_tag-valkoinen","12":"product_tag-hosta","13":"product_tag-kuunlilja","14":"product_tag-kirjavalehtinen","15":"product_shipping_class-nouto","17":"first","18":"instock","19":"taxable","20":"shipping-taxable","21":"purchasable","22":"product-type-simple"},"_links":{"self":[{"href":"https:\/\/www.kulpanpuutarha.fi\/index.php?rest_route=\/wp\/v2\/product\/33797","targetHints":{"allow":["GET"]}}],"collection":[{"href":"https:\/\/www.kulpanpuutarha.fi\/index.php?rest_route=\/wp\/v2\/product"}],"about":[{"href":"https:\/\/www.kulpanpuutarha.fi\/index.php?rest_route=\/wp\/v2\/types\/product"}],"wp:featuredmedia":[{"embeddable":true,"href":"https:\/\/www.kulpanpuutarha.fi\/index.php?rest_route=\/wp\/v2\/media\/34299"}],"wp:attachment":[{"href":"https:\/\/www.kulpanpuutarha.fi\/index.php?rest_route=%2Fwp%2Fv2%2Fmedia&parent=33797"}],"wp:term":[{"taxonomy":"product_brand","embeddable":true,"href":"https:\/\/www.kulpanpuutarha.fi\/index.php?rest_route=%2Fwp%2Fv2%2Fproduct_brand&post=33797"},{"taxonomy":"product_cat","embeddable":true,"href":"https:\/\/www.kulpanpuutarha.fi\/index.php?rest_route=%2Fwp%2Fv2%2Fproduct_cat&post=33797"},{"taxonomy":"product_tag","embeddable":true,"href":"https:\/\/www.kulpanpuutarha.fi\/index.php?rest_route=%2Fwp%2Fv2%2Fproduct_tag&post=33797"}],"curies":[{"name":"wp","href":"https:\/\/api.w.org\/{rel}","templated":true}]}}