{"id":33660,"date":"2023-11-15T09:37:46","date_gmt":"2023-11-15T07:37:46","guid":{"rendered":"https:\/\/www.kulpanpuutarha.fi\/?post_type=product&#038;p=33660"},"modified":"2025-11-24T14:18:21","modified_gmt":"2025-11-24T12:18:21","slug":"paeonia-tillipioni","status":"publish","type":"product","link":"https:\/\/www.kulpanpuutarha.fi\/?product=paeonia-tillipioni","title":{"rendered":"Paeonia &#8211; TILLIPIONI (Japanese type)"},"content":{"rendered":"<p>Tillipioni on pioneista yksi aikaisimmista kukkijoista, kirkkaanpunaiset kukat avautuvat usein kes\u00e4kuun alkupuolella. Tillipionin hienoliuskainen, tillim\u00e4inen lehdist\u00f6 on vain noin 40 cm korkea. Kasvupaikan tulee olla syv\u00e4multainen mutta hyvin vett\u00e4 l\u00e4p\u00e4isev\u00e4 &#8211; tillipioni ei sied\u00e4 liikaa kosteutta juuristoalueella.<\/p>\n","protected":false},"excerpt":{"rendered":"<p><i>Paeonia tenuifolia,<\/i> dillpion<\/p>\n<p>Kukinta: VI<\/p>\n<p>V\u00e4ri: punainen<\/p>\n<p>Kasvupaikka: aurinkoinen, l\u00e4p\u00e4isev\u00e4 kasvualusta<\/p>\n<p>Korkeus: 40 cm<\/p>\n<p>Ruukkukoko: 3L<\/p>\n<p>Tuotantomaa: NL\/FI<\/p>\n","protected":false},"featured_media":34281,"template":"","meta":[],"product_brand":[],"product_cat":[22,18,27,32,33],"product_tag":[51,249,250,527],"class_list":{"0":"post-33660","1":"product","2":"type-product","3":"status-publish","4":"has-post-thumbnail","6":"product_cat-perinneperennat","7":"product_cat-perennat","8":"product_cat-auringon-perennat","9":"product_cat-perennat-k-r","10":"product_cat-perennat-s-o","11":"product_tag-punainen","12":"product_tag-paeonia","13":"product_tag-pioni","14":"product_tag-tillipioni","15":"product_shipping_class-nouto","17":"first","18":"instock","19":"taxable","20":"shipping-taxable","21":"purchasable","22":"product-type-simple"},"_links":{"self":[{"href":"https:\/\/www.kulpanpuutarha.fi\/index.php?rest_route=\/wp\/v2\/product\/33660","targetHints":{"allow":["GET"]}}],"collection":[{"href":"https:\/\/www.kulpanpuutarha.fi\/index.php?rest_route=\/wp\/v2\/product"}],"about":[{"href":"https:\/\/www.kulpanpuutarha.fi\/index.php?rest_route=\/wp\/v2\/types\/product"}],"wp:featuredmedia":[{"embeddable":true,"href":"https:\/\/www.kulpanpuutarha.fi\/index.php?rest_route=\/wp\/v2\/media\/34281"}],"wp:attachment":[{"href":"https:\/\/www.kulpanpuutarha.fi\/index.php?rest_route=%2Fwp%2Fv2%2Fmedia&parent=33660"}],"wp:term":[{"taxonomy":"product_brand","embeddable":true,"href":"https:\/\/www.kulpanpuutarha.fi\/index.php?rest_route=%2Fwp%2Fv2%2Fproduct_brand&post=33660"},{"taxonomy":"product_cat","embeddable":true,"href":"https:\/\/www.kulpanpuutarha.fi\/index.php?rest_route=%2Fwp%2Fv2%2Fproduct_cat&post=33660"},{"taxonomy":"product_tag","embeddable":true,"href":"https:\/\/www.kulpanpuutarha.fi\/index.php?rest_route=%2Fwp%2Fv2%2Fproduct_tag&post=33660"}],"curies":[{"name":"wp","href":"https:\/\/api.w.org\/{rel}","templated":true}]}}