{"id":33600,"date":"2023-11-10T08:46:03","date_gmt":"2023-11-10T06:46:03","guid":{"rendered":"https:\/\/www.kulpanpuutarha.fi\/?post_type=product&#038;p=33600"},"modified":"2025-11-24T13:53:09","modified_gmt":"2025-11-24T11:53:09","slug":"dryopteris-metsaalvejuuri","status":"publish","type":"product","link":"https:\/\/www.kulpanpuutarha.fi\/?product=dryopteris-metsaalvejuuri","title":{"rendered":"Dryopteris &#8211; METS\u00c4ALVEJUURI"},"content":{"rendered":"","protected":false},"excerpt":{"rendered":"<p><em>Dryopteris carthusiana,\u00a0<\/em>skogsbr\u00e4ken<\/p>\n<p>V\u00e4ri: vihre\u00e4<\/p>\n<p>Kasvupaikka: PV-V, tuore ja kosteuttapid\u00e4tt\u00e4v\u00e4<\/p>\n<p>Kasvukorkeus: 30-50 cm<\/p>\n<p>Ruukkukoko: P13 (1,6L)<\/p>\n<p>Tuotantomaa: FI<\/p>\n","protected":false},"featured_media":34461,"template":"","meta":[],"product_brand":[],"product_cat":[18,28,29,32],"product_tag":[518,519,520],"class_list":{"0":"post-33600","1":"product","2":"type-product","3":"status-publish","4":"has-post-thumbnail","6":"product_cat-perennat","7":"product_cat-puolivarjon-perennat","8":"product_cat-varjon-perennat","9":"product_cat-perennat-k-r","10":"product_tag-saniainen","11":"product_tag-alvejuuri","12":"product_tag-dryopteris","13":"product_shipping_class-nouto","15":"first","16":"instock","17":"taxable","18":"shipping-taxable","19":"purchasable","20":"product-type-simple"},"_links":{"self":[{"href":"https:\/\/www.kulpanpuutarha.fi\/index.php?rest_route=\/wp\/v2\/product\/33600","targetHints":{"allow":["GET"]}}],"collection":[{"href":"https:\/\/www.kulpanpuutarha.fi\/index.php?rest_route=\/wp\/v2\/product"}],"about":[{"href":"https:\/\/www.kulpanpuutarha.fi\/index.php?rest_route=\/wp\/v2\/types\/product"}],"wp:featuredmedia":[{"embeddable":true,"href":"https:\/\/www.kulpanpuutarha.fi\/index.php?rest_route=\/wp\/v2\/media\/34461"}],"wp:attachment":[{"href":"https:\/\/www.kulpanpuutarha.fi\/index.php?rest_route=%2Fwp%2Fv2%2Fmedia&parent=33600"}],"wp:term":[{"taxonomy":"product_brand","embeddable":true,"href":"https:\/\/www.kulpanpuutarha.fi\/index.php?rest_route=%2Fwp%2Fv2%2Fproduct_brand&post=33600"},{"taxonomy":"product_cat","embeddable":true,"href":"https:\/\/www.kulpanpuutarha.fi\/index.php?rest_route=%2Fwp%2Fv2%2Fproduct_cat&post=33600"},{"taxonomy":"product_tag","embeddable":true,"href":"https:\/\/www.kulpanpuutarha.fi\/index.php?rest_route=%2Fwp%2Fv2%2Fproduct_tag&post=33600"}],"curies":[{"name":"wp","href":"https:\/\/api.w.org\/{rel}","templated":true}]}}