{"id":33592,"date":"2023-11-09T09:30:36","date_gmt":"2023-11-09T07:30:36","guid":{"rendered":"https:\/\/www.kulpanpuutarha.fi\/?post_type=product&#038;p=33592"},"modified":"2025-11-24T13:53:59","modified_gmt":"2025-11-24T11:53:59","slug":"aster-pursuasteri-anola","status":"publish","type":"product","link":"https:\/\/www.kulpanpuutarha.fi\/?product=aster-pursuasteri-anola","title":{"rendered":"Aster &#8211; PURSUASTERI &#8217;Anola&#8217;"},"content":{"rendered":"<p>Vanha, kest\u00e4v\u00e4, kotimainen lilakukkainen asterikanta. Emokasvit l\u00f6ytyneet Etel\u00e4-Karjalasta pitk\u00e4\u00e4n tyhjill\u00e4\u00e4n olleen maalaistalon pihapiirist\u00e4. Runsas kukinta elokuusta alkaen pitk\u00e4lle syksyyn.<\/p>\n","protected":false},"excerpt":{"rendered":"<p><em>Aster ageratoides<\/em>, balsamaster<\/p>\n<p>Kukinta: VIII-X<\/p>\n<p>V\u00e4ri: vaalea lila<\/p>\n<p>Kasvupaikka: aurinko-puolivarjo<\/p>\n<p>Korkeus: 60 cm<\/p>\n<p>Ruukkukoko: P12 (1,3L)<\/p>\n<p>Tuotantomaa: FI<\/p>\n","protected":false},"featured_media":33588,"template":"","meta":[],"product_brand":[],"product_cat":[22,18,27,32],"product_tag":[54,98,99,517],"class_list":{"0":"post-33592","1":"product","2":"type-product","3":"status-publish","4":"has-post-thumbnail","6":"product_cat-perinneperennat","7":"product_cat-perennat","8":"product_cat-auringon-perennat","9":"product_cat-perennat-k-r","10":"product_tag-lila","11":"product_tag-asteri","12":"product_tag-aster","13":"product_tag-pursuasteri","14":"product_shipping_class-nouto","16":"first","17":"instock","18":"taxable","19":"shipping-taxable","20":"purchasable","21":"product-type-simple"},"_links":{"self":[{"href":"https:\/\/www.kulpanpuutarha.fi\/index.php?rest_route=\/wp\/v2\/product\/33592","targetHints":{"allow":["GET"]}}],"collection":[{"href":"https:\/\/www.kulpanpuutarha.fi\/index.php?rest_route=\/wp\/v2\/product"}],"about":[{"href":"https:\/\/www.kulpanpuutarha.fi\/index.php?rest_route=\/wp\/v2\/types\/product"}],"wp:featuredmedia":[{"embeddable":true,"href":"https:\/\/www.kulpanpuutarha.fi\/index.php?rest_route=\/wp\/v2\/media\/33588"}],"wp:attachment":[{"href":"https:\/\/www.kulpanpuutarha.fi\/index.php?rest_route=%2Fwp%2Fv2%2Fmedia&parent=33592"}],"wp:term":[{"taxonomy":"product_brand","embeddable":true,"href":"https:\/\/www.kulpanpuutarha.fi\/index.php?rest_route=%2Fwp%2Fv2%2Fproduct_brand&post=33592"},{"taxonomy":"product_cat","embeddable":true,"href":"https:\/\/www.kulpanpuutarha.fi\/index.php?rest_route=%2Fwp%2Fv2%2Fproduct_cat&post=33592"},{"taxonomy":"product_tag","embeddable":true,"href":"https:\/\/www.kulpanpuutarha.fi\/index.php?rest_route=%2Fwp%2Fv2%2Fproduct_tag&post=33592"}],"curies":[{"name":"wp","href":"https:\/\/api.w.org\/{rel}","templated":true}]}}