{"id":33283,"date":"2023-02-02T13:27:35","date_gmt":"2023-02-02T11:27:35","guid":{"rendered":"http:\/\/www.kulpanpuutarha.fi\/?post_type=product&#038;p=33283"},"modified":"2025-05-19T15:22:11","modified_gmt":"2025-05-19T12:22:11","slug":"perhonen-seinakoriste-iso","status":"publish","type":"product","link":"https:\/\/www.kulpanpuutarha.fi\/?product=perhonen-seinakoriste-iso","title":{"rendered":"Perhonen sein\u00e4koriste iso"},"content":{"rendered":"","protected":false},"excerpt":{"rendered":"<p>Metallinen, ruosteenv\u00e4rinen, s\u00e4\u00e4nkest\u00e4v\u00e4 perhoskoriste.<\/p>\n<p>Koko: L 44,5 cm, K 35 cm<\/p>\n<p>&nbsp;<\/p>\n","protected":false},"featured_media":33272,"template":"","meta":[],"product_brand":[],"product_cat":[24],"product_tag":[351,467],"class_list":{"0":"post-33283","1":"product","2":"type-product","3":"status-publish","4":"has-post-thumbnail","6":"product_cat-ruukut-ja-pihakoristeet","7":"product_tag-pihakoriste","8":"product_tag-perhonen","9":"product_shipping_class-lahetys-pakettina","11":"first","12":"outofstock","13":"taxable","14":"shipping-taxable","15":"purchasable","16":"product-type-simple"},"_links":{"self":[{"href":"https:\/\/www.kulpanpuutarha.fi\/index.php?rest_route=\/wp\/v2\/product\/33283","targetHints":{"allow":["GET"]}}],"collection":[{"href":"https:\/\/www.kulpanpuutarha.fi\/index.php?rest_route=\/wp\/v2\/product"}],"about":[{"href":"https:\/\/www.kulpanpuutarha.fi\/index.php?rest_route=\/wp\/v2\/types\/product"}],"wp:featuredmedia":[{"embeddable":true,"href":"https:\/\/www.kulpanpuutarha.fi\/index.php?rest_route=\/wp\/v2\/media\/33272"}],"wp:attachment":[{"href":"https:\/\/www.kulpanpuutarha.fi\/index.php?rest_route=%2Fwp%2Fv2%2Fmedia&parent=33283"}],"wp:term":[{"taxonomy":"product_brand","embeddable":true,"href":"https:\/\/www.kulpanpuutarha.fi\/index.php?rest_route=%2Fwp%2Fv2%2Fproduct_brand&post=33283"},{"taxonomy":"product_cat","embeddable":true,"href":"https:\/\/www.kulpanpuutarha.fi\/index.php?rest_route=%2Fwp%2Fv2%2Fproduct_cat&post=33283"},{"taxonomy":"product_tag","embeddable":true,"href":"https:\/\/www.kulpanpuutarha.fi\/index.php?rest_route=%2Fwp%2Fv2%2Fproduct_tag&post=33283"}],"curies":[{"name":"wp","href":"https:\/\/api.w.org\/{rel}","templated":true}]}}