{"id":33282,"date":"2023-02-02T13:24:41","date_gmt":"2023-02-02T11:24:41","guid":{"rendered":"http:\/\/www.kulpanpuutarha.fi\/?post_type=product&#038;p=33282"},"modified":"2023-02-02T13:26:51","modified_gmt":"2023-02-02T11:26:51","slug":"ruukku-roma-eco-jalallinen-33cm","status":"publish","type":"product","link":"https:\/\/www.kulpanpuutarha.fi\/?product=ruukku-roma-eco-jalallinen-33cm","title":{"rendered":"RUUKKU ROMA ECO JALALLINEN 33CM"},"content":{"rendered":"<p>3-jalkainen ruukku v\u00e4lipohjalla. Valmistettu 100% kierr\u00e4tysmuovista.<\/p>\n<p>Tilavuus 12,4L.<\/p>\n<p>Sis\u00e4- ja ulkok\u00e4ytt\u00f6\u00f6n.<\/p>\n","protected":false},"excerpt":{"rendered":"<p>Tuotteen koko: 33,00 x 33,00 x 18,50 cm<\/p>\n<p>&nbsp;<\/p>\n","protected":false},"featured_media":33276,"template":"","meta":[],"product_brand":[],"product_cat":[24],"product_tag":[350],"class_list":{"0":"post-33282","1":"product","2":"type-product","3":"status-publish","4":"has-post-thumbnail","6":"product_cat-ruukut-ja-pihakoristeet","7":"product_tag-ruukut","8":"product_shipping_class-lahetys-pakettina","10":"first","11":"instock","12":"taxable","13":"shipping-taxable","14":"purchasable","15":"product-type-simple"},"_links":{"self":[{"href":"https:\/\/www.kulpanpuutarha.fi\/index.php?rest_route=\/wp\/v2\/product\/33282","targetHints":{"allow":["GET"]}}],"collection":[{"href":"https:\/\/www.kulpanpuutarha.fi\/index.php?rest_route=\/wp\/v2\/product"}],"about":[{"href":"https:\/\/www.kulpanpuutarha.fi\/index.php?rest_route=\/wp\/v2\/types\/product"}],"wp:featuredmedia":[{"embeddable":true,"href":"https:\/\/www.kulpanpuutarha.fi\/index.php?rest_route=\/wp\/v2\/media\/33276"}],"wp:attachment":[{"href":"https:\/\/www.kulpanpuutarha.fi\/index.php?rest_route=%2Fwp%2Fv2%2Fmedia&parent=33282"}],"wp:term":[{"taxonomy":"product_brand","embeddable":true,"href":"https:\/\/www.kulpanpuutarha.fi\/index.php?rest_route=%2Fwp%2Fv2%2Fproduct_brand&post=33282"},{"taxonomy":"product_cat","embeddable":true,"href":"https:\/\/www.kulpanpuutarha.fi\/index.php?rest_route=%2Fwp%2Fv2%2Fproduct_cat&post=33282"},{"taxonomy":"product_tag","embeddable":true,"href":"https:\/\/www.kulpanpuutarha.fi\/index.php?rest_route=%2Fwp%2Fv2%2Fproduct_tag&post=33282"}],"curies":[{"name":"wp","href":"https:\/\/api.w.org\/{rel}","templated":true}]}}