{"id":33200,"date":"2022-11-17T08:47:52","date_gmt":"2022-11-17T06:47:52","guid":{"rendered":"http:\/\/www.kulpanpuutarha.fi\/?post_type=product&#038;p=33200"},"modified":"2025-11-24T13:57:00","modified_gmt":"2025-11-24T11:57:00","slug":"veronica-tahkatadyke-pink-goblin","status":"publish","type":"product","link":"https:\/\/www.kulpanpuutarha.fi\/?product=veronica-tahkatadyke-pink-goblin","title":{"rendered":"Veronica &#8211; T\u00c4HK\u00c4T\u00c4DYKE &#8217;Pink Goblin&#8217;"},"content":{"rendered":"","protected":false},"excerpt":{"rendered":"<p><i>Veronica spicata,<\/i> axveronica<\/p>\n<p>Kukinta: VII-VIII<\/p>\n<p>V\u00e4ri: pinkki<\/p>\n<p>Kasvupaikka: aurinko-puolivarjo<\/p>\n<p>Korkeus: 40 cm<\/p>\n<p>Ruukkukoko: P12 (1,3L)<\/p>\n<p>Tuotantomaa: FI<\/p>\n","protected":false},"featured_media":33698,"template":"","meta":[],"product_brand":[],"product_cat":[398,18,27,28,33],"product_tag":[100,298,299],"class_list":{"0":"post-33200","1":"product","2":"type-product","3":"status-publish","4":"has-post-thumbnail","6":"product_cat-perhos-porriaiskasvit","7":"product_cat-perennat","8":"product_cat-auringon-perennat","9":"product_cat-puolivarjon-perennat","10":"product_cat-perennat-s-o","11":"product_tag-pinkki","12":"product_tag-tadyke","13":"product_tag-veronica","14":"product_shipping_class-nouto","16":"first","17":"instock","18":"taxable","19":"shipping-taxable","20":"purchasable","21":"product-type-simple"},"_links":{"self":[{"href":"https:\/\/www.kulpanpuutarha.fi\/index.php?rest_route=\/wp\/v2\/product\/33200","targetHints":{"allow":["GET"]}}],"collection":[{"href":"https:\/\/www.kulpanpuutarha.fi\/index.php?rest_route=\/wp\/v2\/product"}],"about":[{"href":"https:\/\/www.kulpanpuutarha.fi\/index.php?rest_route=\/wp\/v2\/types\/product"}],"wp:featuredmedia":[{"embeddable":true,"href":"https:\/\/www.kulpanpuutarha.fi\/index.php?rest_route=\/wp\/v2\/media\/33698"}],"wp:attachment":[{"href":"https:\/\/www.kulpanpuutarha.fi\/index.php?rest_route=%2Fwp%2Fv2%2Fmedia&parent=33200"}],"wp:term":[{"taxonomy":"product_brand","embeddable":true,"href":"https:\/\/www.kulpanpuutarha.fi\/index.php?rest_route=%2Fwp%2Fv2%2Fproduct_brand&post=33200"},{"taxonomy":"product_cat","embeddable":true,"href":"https:\/\/www.kulpanpuutarha.fi\/index.php?rest_route=%2Fwp%2Fv2%2Fproduct_cat&post=33200"},{"taxonomy":"product_tag","embeddable":true,"href":"https:\/\/www.kulpanpuutarha.fi\/index.php?rest_route=%2Fwp%2Fv2%2Fproduct_tag&post=33200"}],"curies":[{"name":"wp","href":"https:\/\/api.w.org\/{rel}","templated":true}]}}