{"id":33002,"date":"2022-11-09T17:30:33","date_gmt":"2022-11-09T15:30:33","guid":{"rendered":"http:\/\/www.kulpanpuutarha.fi\/?post_type=product&#038;p=33002"},"modified":"2025-11-24T13:09:28","modified_gmt":"2025-11-24T11:09:28","slug":"leucanthemum-prinsessankakkara-silberprinzeschen","status":"publish","type":"product","link":"https:\/\/www.kulpanpuutarha.fi\/?product=leucanthemum-prinsessankakkara-silberprinzeschen","title":{"rendered":"Leucanthemum &#8211; PRINSESSANKAKKARA &#8217;Silberprinze\u00dfchen&#8217;"},"content":{"rendered":"<p>Kaunis, matalakasvuinen p\u00e4iv\u00e4nkakkaralajike aurinkoiselle paikalle. Runsas, pitk\u00e4\u00e4n jatkuva kukinta. Sopii hyvin kukkapenkin reunuskasviksi. P\u00e4rj\u00e4\u00e4 kuivahkollakin kasvupaikalla.<\/p>\n","protected":false},"excerpt":{"rendered":"<p><em>Leucanthemum x superbum nanus<\/em>, prinsesspr\u00e4stkrage<\/p>\n<p>Kukinta:VII-VIII<\/p>\n<p>V\u00e4ri: valkoinen<\/p>\n<p>Kasvupaikka: aurinko-puolivarjo<\/p>\n<p>Korkeus: 20 cm<\/p>\n<p>Ruukkukoko: 12 cm (1,3L)<\/p>\n<p>Tuotantomaa: FI<\/p>\n","protected":false},"featured_media":33003,"template":"","meta":[],"product_brand":[],"product_cat":[18,27,28,31],"product_tag":[43,217,218,380],"class_list":{"0":"post-33002","1":"product","2":"type-product","3":"status-publish","4":"has-post-thumbnail","6":"product_cat-perennat","7":"product_cat-auringon-perennat","8":"product_cat-puolivarjon-perennat","9":"product_cat-perennat-a-j","10":"product_tag-valkoinen","11":"product_tag-leucanthemum","12":"product_tag-paivankakkara","13":"product_tag-prinsessankakkara","14":"product_shipping_class-nouto","16":"first","17":"instock","18":"taxable","19":"shipping-taxable","20":"purchasable","21":"product-type-simple"},"_links":{"self":[{"href":"https:\/\/www.kulpanpuutarha.fi\/index.php?rest_route=\/wp\/v2\/product\/33002","targetHints":{"allow":["GET"]}}],"collection":[{"href":"https:\/\/www.kulpanpuutarha.fi\/index.php?rest_route=\/wp\/v2\/product"}],"about":[{"href":"https:\/\/www.kulpanpuutarha.fi\/index.php?rest_route=\/wp\/v2\/types\/product"}],"wp:featuredmedia":[{"embeddable":true,"href":"https:\/\/www.kulpanpuutarha.fi\/index.php?rest_route=\/wp\/v2\/media\/33003"}],"wp:attachment":[{"href":"https:\/\/www.kulpanpuutarha.fi\/index.php?rest_route=%2Fwp%2Fv2%2Fmedia&parent=33002"}],"wp:term":[{"taxonomy":"product_brand","embeddable":true,"href":"https:\/\/www.kulpanpuutarha.fi\/index.php?rest_route=%2Fwp%2Fv2%2Fproduct_brand&post=33002"},{"taxonomy":"product_cat","embeddable":true,"href":"https:\/\/www.kulpanpuutarha.fi\/index.php?rest_route=%2Fwp%2Fv2%2Fproduct_cat&post=33002"},{"taxonomy":"product_tag","embeddable":true,"href":"https:\/\/www.kulpanpuutarha.fi\/index.php?rest_route=%2Fwp%2Fv2%2Fproduct_tag&post=33002"}],"curies":[{"name":"wp","href":"https:\/\/api.w.org\/{rel}","templated":true}]}}