{"id":32973,"date":"2022-11-08T14:05:14","date_gmt":"2022-11-08T12:05:14","guid":{"rendered":"http:\/\/www.kulpanpuutarha.fi\/?post_type=product&#038;p=32973"},"modified":"2025-11-24T13:11:02","modified_gmt":"2025-11-24T11:11:02","slug":"hosta-jalokuunlilja-firn-line","status":"publish","type":"product","link":"https:\/\/www.kulpanpuutarha.fi\/?product=hosta-jalokuunlilja-firn-line","title":{"rendered":"Hosta &#8211; JALOKUUNLILJA &#8217;Firn Line&#8217;"},"content":{"rendered":"","protected":false},"excerpt":{"rendered":"<p><em>Hosta Tarhafunkia-Ryhm\u00e4<\/em>, tr\u00e4dg\u00e5rdsfunkia<\/p>\n<p>Kukinta: VI-VII<\/p>\n<p>V\u00e4ri: vaalea liila kukinta, vihre\u00e4-valkoinen lehdist\u00f6<\/p>\n<p>Kasvupaikka: aurinko-varjo, tuore &amp; runsasmultainen kasvualusta<\/p>\n<p>Korkeus: 40 cm<\/p>\n<p>Ruukkukoko: P12 (1,3L)<\/p>\n<p>Tuotantomaa: NL\/FI<\/p>\n","protected":false},"featured_media":34300,"template":"","meta":[],"product_brand":[],"product_cat":[18,27,28,29,31],"product_tag":[54,192,193],"class_list":{"0":"post-32973","1":"product","2":"type-product","3":"status-publish","4":"has-post-thumbnail","6":"product_cat-perennat","7":"product_cat-auringon-perennat","8":"product_cat-puolivarjon-perennat","9":"product_cat-varjon-perennat","10":"product_cat-perennat-a-j","11":"product_tag-lila","12":"product_tag-hosta","13":"product_tag-kuunlilja","14":"product_shipping_class-nouto","16":"first","17":"instock","18":"taxable","19":"shipping-taxable","20":"purchasable","21":"product-type-simple"},"_links":{"self":[{"href":"https:\/\/www.kulpanpuutarha.fi\/index.php?rest_route=\/wp\/v2\/product\/32973","targetHints":{"allow":["GET"]}}],"collection":[{"href":"https:\/\/www.kulpanpuutarha.fi\/index.php?rest_route=\/wp\/v2\/product"}],"about":[{"href":"https:\/\/www.kulpanpuutarha.fi\/index.php?rest_route=\/wp\/v2\/types\/product"}],"wp:featuredmedia":[{"embeddable":true,"href":"https:\/\/www.kulpanpuutarha.fi\/index.php?rest_route=\/wp\/v2\/media\/34300"}],"wp:attachment":[{"href":"https:\/\/www.kulpanpuutarha.fi\/index.php?rest_route=%2Fwp%2Fv2%2Fmedia&parent=32973"}],"wp:term":[{"taxonomy":"product_brand","embeddable":true,"href":"https:\/\/www.kulpanpuutarha.fi\/index.php?rest_route=%2Fwp%2Fv2%2Fproduct_brand&post=32973"},{"taxonomy":"product_cat","embeddable":true,"href":"https:\/\/www.kulpanpuutarha.fi\/index.php?rest_route=%2Fwp%2Fv2%2Fproduct_cat&post=32973"},{"taxonomy":"product_tag","embeddable":true,"href":"https:\/\/www.kulpanpuutarha.fi\/index.php?rest_route=%2Fwp%2Fv2%2Fproduct_tag&post=32973"}],"curies":[{"name":"wp","href":"https:\/\/api.w.org\/{rel}","templated":true}]}}