{"id":32918,"date":"2022-11-08T08:58:26","date_gmt":"2022-11-08T06:58:26","guid":{"rendered":"http:\/\/www.kulpanpuutarha.fi\/?post_type=product&#038;p=32918"},"modified":"2026-04-08T19:26:36","modified_gmt":"2026-04-08T16:26:36","slug":"echinacea-kaunopunahattu-prairie-splendor","status":"publish","type":"product","link":"https:\/\/www.kulpanpuutarha.fi\/?product=echinacea-kaunopunahattu-prairie-splendor","title":{"rendered":"Echinacea &#8211; KAUNOPUNAHATTU &#8217;Prairie Splendor&#8217;"},"content":{"rendered":"<p>Pitk\u00e4\u00e4n ja runsaasti syyskes\u00e4ll\u00e4 kukkiva punahattu on puutarhan katseenvangitsija ja yksi perhosten ja p\u00f6rri\u00e4isten ehdottomia suosikkikasveja! Kaunopunahattu viihtyy aurinkoisella, jopa paahteisella, kasvupaikalla normaalissa puutarhamultamaassa. Siet\u00e4\u00e4 hyvin my\u00f6s kuivuutta. Hyv\u00e4 leikkokukka.<\/p>\n","protected":false},"excerpt":{"rendered":"<p><em>Echinacea purpurea<\/em>, r\u00f6d rudbeckia<\/p>\n<p>Kukinta: VIII-IX<\/p>\n<p>V\u00e4ri: pinkki<\/p>\n<p>Kasvupaikka: aurinko<\/p>\n<p>Korkeus: 60 cm<\/p>\n<p>Ruukkukoko: P12 (1,3L)<\/p>\n<p>Tuotantomaa: FI<\/p>\n","protected":false},"featured_media":34036,"template":"","meta":[],"product_brand":[],"product_cat":[398,18,27,32],"product_tag":[51,100,150,151],"class_list":{"0":"post-32918","1":"product","2":"type-product","3":"status-publish","4":"has-post-thumbnail","6":"product_cat-perhos-porriaiskasvit","7":"product_cat-perennat","8":"product_cat-auringon-perennat","9":"product_cat-perennat-k-r","10":"product_tag-punainen","11":"product_tag-pinkki","12":"product_tag-punahattu","13":"product_tag-echinacea","14":"product_shipping_class-nouto","16":"first","17":"outofstock","18":"taxable","19":"shipping-taxable","20":"purchasable","21":"product-type-simple"},"_links":{"self":[{"href":"https:\/\/www.kulpanpuutarha.fi\/index.php?rest_route=\/wp\/v2\/product\/32918","targetHints":{"allow":["GET"]}}],"collection":[{"href":"https:\/\/www.kulpanpuutarha.fi\/index.php?rest_route=\/wp\/v2\/product"}],"about":[{"href":"https:\/\/www.kulpanpuutarha.fi\/index.php?rest_route=\/wp\/v2\/types\/product"}],"wp:featuredmedia":[{"embeddable":true,"href":"https:\/\/www.kulpanpuutarha.fi\/index.php?rest_route=\/wp\/v2\/media\/34036"}],"wp:attachment":[{"href":"https:\/\/www.kulpanpuutarha.fi\/index.php?rest_route=%2Fwp%2Fv2%2Fmedia&parent=32918"}],"wp:term":[{"taxonomy":"product_brand","embeddable":true,"href":"https:\/\/www.kulpanpuutarha.fi\/index.php?rest_route=%2Fwp%2Fv2%2Fproduct_brand&post=32918"},{"taxonomy":"product_cat","embeddable":true,"href":"https:\/\/www.kulpanpuutarha.fi\/index.php?rest_route=%2Fwp%2Fv2%2Fproduct_cat&post=32918"},{"taxonomy":"product_tag","embeddable":true,"href":"https:\/\/www.kulpanpuutarha.fi\/index.php?rest_route=%2Fwp%2Fv2%2Fproduct_tag&post=32918"}],"curies":[{"name":"wp","href":"https:\/\/api.w.org\/{rel}","templated":true}]}}