{"id":32845,"date":"2022-11-07T13:45:07","date_gmt":"2022-11-07T11:45:07","guid":{"rendered":"http:\/\/www.kulpanpuutarha.fi\/?post_type=product&#038;p=32845"},"modified":"2025-11-24T09:10:34","modified_gmt":"2025-11-24T07:10:34","slug":"aster-syysasteri-kartanon-kaunotar","status":"publish","type":"product","link":"https:\/\/www.kulpanpuutarha.fi\/?product=aster-syysasteri-kartanon-kaunotar","title":{"rendered":"Aster &#8211; SYYSASTERI &#8217;Kartanon Kaunotar&#8217;"},"content":{"rendered":"<p>Vanha, kest\u00e4v\u00e4, kotimainen vaaleanpunakukkainen syysasterikanta. Emokasvit l\u00f6ytyneet Etel\u00e4-Karjalasta pitk\u00e4\u00e4n tyhjill\u00e4\u00e4n olleen maalaistalon pihapiirist\u00e4. Syyskuun lopulla alkava kukinta jatkuu loka-marraskuulle asti, hyv\u00e4 pakkasenkesto my\u00f6s kukkivana.<\/p>\n","protected":false},"excerpt":{"rendered":"<p><em>Aster novi-belgii<\/em>, h\u00f6staster<\/p>\n<p>Kukinta: IX-X<\/p>\n<p>V\u00e4ri: vaaleanpunainen \/ pinkki<\/p>\n<p>Kasvupaikka: aurinko<\/p>\n<p>Korkeus: 100-130 cm<\/p>\n<p>Ruukkukoko: P12 (1,3L)<\/p>\n<p>Tuotantomaa: FI<\/p>\n","protected":false},"featured_media":33590,"template":"","meta":[],"product_brand":[],"product_cat":[22,18,27,33],"product_tag":[63,98,99,100,487],"class_list":{"0":"post-32845","1":"product","2":"type-product","3":"status-publish","4":"has-post-thumbnail","6":"product_cat-perinneperennat","7":"product_cat-perennat","8":"product_cat-auringon-perennat","9":"product_cat-perennat-s-o","10":"product_tag-vaaleanpunainen","11":"product_tag-asteri","12":"product_tag-aster","13":"product_tag-pinkki","14":"product_tag-syysasteri","15":"product_shipping_class-nouto","17":"first","18":"outofstock","19":"taxable","20":"shipping-taxable","21":"purchasable","22":"product-type-simple"},"_links":{"self":[{"href":"https:\/\/www.kulpanpuutarha.fi\/index.php?rest_route=\/wp\/v2\/product\/32845","targetHints":{"allow":["GET"]}}],"collection":[{"href":"https:\/\/www.kulpanpuutarha.fi\/index.php?rest_route=\/wp\/v2\/product"}],"about":[{"href":"https:\/\/www.kulpanpuutarha.fi\/index.php?rest_route=\/wp\/v2\/types\/product"}],"wp:featuredmedia":[{"embeddable":true,"href":"https:\/\/www.kulpanpuutarha.fi\/index.php?rest_route=\/wp\/v2\/media\/33590"}],"wp:attachment":[{"href":"https:\/\/www.kulpanpuutarha.fi\/index.php?rest_route=%2Fwp%2Fv2%2Fmedia&parent=32845"}],"wp:term":[{"taxonomy":"product_brand","embeddable":true,"href":"https:\/\/www.kulpanpuutarha.fi\/index.php?rest_route=%2Fwp%2Fv2%2Fproduct_brand&post=32845"},{"taxonomy":"product_cat","embeddable":true,"href":"https:\/\/www.kulpanpuutarha.fi\/index.php?rest_route=%2Fwp%2Fv2%2Fproduct_cat&post=32845"},{"taxonomy":"product_tag","embeddable":true,"href":"https:\/\/www.kulpanpuutarha.fi\/index.php?rest_route=%2Fwp%2Fv2%2Fproduct_tag&post=32845"}],"curies":[{"name":"wp","href":"https:\/\/api.w.org\/{rel}","templated":true}]}}