{"id":32773,"date":"2022-08-15T09:21:43","date_gmt":"2022-08-15T06:21:43","guid":{"rendered":"http:\/\/www.kulpanpuutarha.fi\/?post_type=product&#038;p=32773"},"modified":"2022-08-15T09:22:57","modified_gmt":"2022-08-15T06:22:57","slug":"puutarhakoriste-siili","status":"publish","type":"product","link":"https:\/\/www.kulpanpuutarha.fi\/?product=puutarhakoriste-siili","title":{"rendered":"Puutarhakoriste Siili"},"content":{"rendered":"","protected":false},"excerpt":{"rendered":"<p>Metallinen, s\u00e4\u00e4nkest\u00e4v\u00e4 siili pihakoriste<\/p>\n<p>&nbsp;<\/p>\n","protected":false},"featured_media":32765,"template":"","meta":[],"product_brand":[],"product_cat":[24],"product_tag":[351,480],"class_list":{"0":"post-32773","1":"product","2":"type-product","3":"status-publish","4":"has-post-thumbnail","6":"product_cat-ruukut-ja-pihakoristeet","7":"product_tag-pihakoriste","8":"product_tag-siili","9":"product_shipping_class-lahetys-pakettina","11":"first","12":"instock","13":"taxable","14":"shipping-taxable","15":"purchasable","16":"product-type-simple"},"_links":{"self":[{"href":"https:\/\/www.kulpanpuutarha.fi\/index.php?rest_route=\/wp\/v2\/product\/32773","targetHints":{"allow":["GET"]}}],"collection":[{"href":"https:\/\/www.kulpanpuutarha.fi\/index.php?rest_route=\/wp\/v2\/product"}],"about":[{"href":"https:\/\/www.kulpanpuutarha.fi\/index.php?rest_route=\/wp\/v2\/types\/product"}],"wp:featuredmedia":[{"embeddable":true,"href":"https:\/\/www.kulpanpuutarha.fi\/index.php?rest_route=\/wp\/v2\/media\/32765"}],"wp:attachment":[{"href":"https:\/\/www.kulpanpuutarha.fi\/index.php?rest_route=%2Fwp%2Fv2%2Fmedia&parent=32773"}],"wp:term":[{"taxonomy":"product_brand","embeddable":true,"href":"https:\/\/www.kulpanpuutarha.fi\/index.php?rest_route=%2Fwp%2Fv2%2Fproduct_brand&post=32773"},{"taxonomy":"product_cat","embeddable":true,"href":"https:\/\/www.kulpanpuutarha.fi\/index.php?rest_route=%2Fwp%2Fv2%2Fproduct_cat&post=32773"},{"taxonomy":"product_tag","embeddable":true,"href":"https:\/\/www.kulpanpuutarha.fi\/index.php?rest_route=%2Fwp%2Fv2%2Fproduct_tag&post=32773"}],"curies":[{"name":"wp","href":"https:\/\/api.w.org\/{rel}","templated":true}]}}