{"id":32501,"date":"2022-01-27T11:31:10","date_gmt":"2022-01-27T09:31:10","guid":{"rendered":"http:\/\/www.kulpanpuutarha.fi\/?post_type=product&#038;p=32501"},"modified":"2022-05-06T08:03:42","modified_gmt":"2022-05-06T05:03:42","slug":"seinakori-rottinkia","status":"publish","type":"product","link":"https:\/\/www.kulpanpuutarha.fi\/?product=seinakori-rottinkia","title":{"rendered":"Sein\u00e4kori rottinkia"},"content":{"rendered":"","protected":false},"excerpt":{"rendered":"<p>Rottinkinen sein\u00e4kori. Sis\u00e4pinta muovitettu. Koko 21*14 cm<\/p>\n","protected":false},"featured_media":32591,"template":"","meta":[],"product_brand":[],"product_cat":[24],"product_tag":[350,422,463],"class_list":{"0":"post-32501","1":"product","2":"type-product","3":"status-publish","4":"has-post-thumbnail","6":"product_cat-ruukut-ja-pihakoristeet","7":"product_tag-ruukut","8":"product_tag-amppeli","9":"product_tag-seinakori","10":"product_shipping_class-lahetys-pakettina","12":"first","13":"instock","14":"taxable","15":"shipping-taxable","16":"purchasable","17":"product-type-simple"},"_links":{"self":[{"href":"https:\/\/www.kulpanpuutarha.fi\/index.php?rest_route=\/wp\/v2\/product\/32501","targetHints":{"allow":["GET"]}}],"collection":[{"href":"https:\/\/www.kulpanpuutarha.fi\/index.php?rest_route=\/wp\/v2\/product"}],"about":[{"href":"https:\/\/www.kulpanpuutarha.fi\/index.php?rest_route=\/wp\/v2\/types\/product"}],"wp:featuredmedia":[{"embeddable":true,"href":"https:\/\/www.kulpanpuutarha.fi\/index.php?rest_route=\/wp\/v2\/media\/32591"}],"wp:attachment":[{"href":"https:\/\/www.kulpanpuutarha.fi\/index.php?rest_route=%2Fwp%2Fv2%2Fmedia&parent=32501"}],"wp:term":[{"taxonomy":"product_brand","embeddable":true,"href":"https:\/\/www.kulpanpuutarha.fi\/index.php?rest_route=%2Fwp%2Fv2%2Fproduct_brand&post=32501"},{"taxonomy":"product_cat","embeddable":true,"href":"https:\/\/www.kulpanpuutarha.fi\/index.php?rest_route=%2Fwp%2Fv2%2Fproduct_cat&post=32501"},{"taxonomy":"product_tag","embeddable":true,"href":"https:\/\/www.kulpanpuutarha.fi\/index.php?rest_route=%2Fwp%2Fv2%2Fproduct_tag&post=32501"}],"curies":[{"name":"wp","href":"https:\/\/api.w.org\/{rel}","templated":true}]}}