{"id":32412,"date":"2021-12-10T09:12:32","date_gmt":"2021-12-10T07:12:32","guid":{"rendered":"http:\/\/www.kulpanpuutarha.fi\/?post_type=product&#038;p=32412"},"modified":"2026-03-17T18:15:03","modified_gmt":"2026-03-17T16:15:03","slug":"piparjuuri","status":"publish","type":"product","link":"https:\/\/www.kulpanpuutarha.fi\/?product=piparjuuri","title":{"rendered":"Armoracia &#8211; PIPARJUURI"},"content":{"rendered":"<p>Piparjuuri on sinapin ja kaalin sukuinen monivuotinen, vanha maustekasvi. Maustek\u00e4yt\u00f6ss\u00e4 piparjuuresta k\u00e4ytet\u00e4\u00e4n yleisimmin pitk\u00e4\u00e4, vaaleaa juurta, mutta my\u00f6s lehdet ovat sy\u00f6t\u00e4vi\u00e4. Piparjuuri viihtyy syv\u00e4multaisessa, kosteutta pid\u00e4tt\u00e4v\u00e4ss\u00e4 ja l\u00e4mp\u00f6isess\u00e4 kasvupaikassa. Kasvaa 100-150 cm korkuiseksi.<\/p>\n","protected":false},"excerpt":{"rendered":"<p><i>Armoracia rusticana<\/i><\/p>\n<p>Kasvupaikka: AU-PV<\/p>\n<p>Ruukkukoko: P12<\/p>\n<p>Tuotantomaa: FI tai NL\/FI<\/p>\n","protected":false},"featured_media":32281,"template":"","meta":[],"product_brand":[],"product_cat":[26],"product_tag":[456],"class_list":{"0":"post-32412","1":"product","2":"type-product","3":"status-publish","4":"has-post-thumbnail","6":"product_cat-hyotykasvit","7":"product_tag-piparjuuri","8":"product_shipping_class-nouto","10":"first","11":"instock","12":"taxable","13":"shipping-taxable","14":"purchasable","15":"product-type-simple"},"_links":{"self":[{"href":"https:\/\/www.kulpanpuutarha.fi\/index.php?rest_route=\/wp\/v2\/product\/32412","targetHints":{"allow":["GET"]}}],"collection":[{"href":"https:\/\/www.kulpanpuutarha.fi\/index.php?rest_route=\/wp\/v2\/product"}],"about":[{"href":"https:\/\/www.kulpanpuutarha.fi\/index.php?rest_route=\/wp\/v2\/types\/product"}],"wp:featuredmedia":[{"embeddable":true,"href":"https:\/\/www.kulpanpuutarha.fi\/index.php?rest_route=\/wp\/v2\/media\/32281"}],"wp:attachment":[{"href":"https:\/\/www.kulpanpuutarha.fi\/index.php?rest_route=%2Fwp%2Fv2%2Fmedia&parent=32412"}],"wp:term":[{"taxonomy":"product_brand","embeddable":true,"href":"https:\/\/www.kulpanpuutarha.fi\/index.php?rest_route=%2Fwp%2Fv2%2Fproduct_brand&post=32412"},{"taxonomy":"product_cat","embeddable":true,"href":"https:\/\/www.kulpanpuutarha.fi\/index.php?rest_route=%2Fwp%2Fv2%2Fproduct_cat&post=32412"},{"taxonomy":"product_tag","embeddable":true,"href":"https:\/\/www.kulpanpuutarha.fi\/index.php?rest_route=%2Fwp%2Fv2%2Fproduct_tag&post=32412"}],"curies":[{"name":"wp","href":"https:\/\/api.w.org\/{rel}","templated":true}]}}