{"id":32225,"date":"2021-12-08T09:37:50","date_gmt":"2021-12-08T07:37:50","guid":{"rendered":"http:\/\/www.kulpanpuutarha.fi\/?post_type=product&#038;p=32225"},"modified":"2026-03-06T18:13:02","modified_gmt":"2026-03-06T16:13:02","slug":"jalokuunlilja-guacamole","status":"publish","type":"product","link":"https:\/\/www.kulpanpuutarha.fi\/?product=jalokuunlilja-guacamole","title":{"rendered":"Hosta &#8211; JALOKUUNLILJA &#8217;Guacamole&#8217;"},"content":{"rendered":"","protected":false},"excerpt":{"rendered":"<p><em>Hosta Tarhafunkia-Ryhm\u00e4<\/em>, tr\u00e4dg\u00e5rdsfunkia<\/p>\n<p>Kukinta: VI-VII<\/p>\n<p>V\u00e4ri: valkoinen, kellanvihre\u00e4 lehdist\u00f6<\/p>\n<p>Kasvupaikka: aurinko-varjo<\/p>\n<p>Korkeus: 45 cm<\/p>\n<p>Ruukkukoko: P12 (1,3L)<\/p>\n<p>Tuotantomaa: NL\/FI<\/p>\n","protected":false},"featured_media":33629,"template":"","meta":[],"product_brand":[],"product_cat":[18,27,28,29,31],"product_tag":[43,192,193],"class_list":{"0":"post-32225","1":"product","2":"type-product","3":"status-publish","4":"has-post-thumbnail","6":"product_cat-perennat","7":"product_cat-auringon-perennat","8":"product_cat-puolivarjon-perennat","9":"product_cat-varjon-perennat","10":"product_cat-perennat-a-j","11":"product_tag-valkoinen","12":"product_tag-hosta","13":"product_tag-kuunlilja","14":"product_shipping_class-nouto","16":"first","17":"instock","18":"taxable","19":"shipping-taxable","20":"purchasable","21":"product-type-simple"},"_links":{"self":[{"href":"https:\/\/www.kulpanpuutarha.fi\/index.php?rest_route=\/wp\/v2\/product\/32225","targetHints":{"allow":["GET"]}}],"collection":[{"href":"https:\/\/www.kulpanpuutarha.fi\/index.php?rest_route=\/wp\/v2\/product"}],"about":[{"href":"https:\/\/www.kulpanpuutarha.fi\/index.php?rest_route=\/wp\/v2\/types\/product"}],"wp:featuredmedia":[{"embeddable":true,"href":"https:\/\/www.kulpanpuutarha.fi\/index.php?rest_route=\/wp\/v2\/media\/33629"}],"wp:attachment":[{"href":"https:\/\/www.kulpanpuutarha.fi\/index.php?rest_route=%2Fwp%2Fv2%2Fmedia&parent=32225"}],"wp:term":[{"taxonomy":"product_brand","embeddable":true,"href":"https:\/\/www.kulpanpuutarha.fi\/index.php?rest_route=%2Fwp%2Fv2%2Fproduct_brand&post=32225"},{"taxonomy":"product_cat","embeddable":true,"href":"https:\/\/www.kulpanpuutarha.fi\/index.php?rest_route=%2Fwp%2Fv2%2Fproduct_cat&post=32225"},{"taxonomy":"product_tag","embeddable":true,"href":"https:\/\/www.kulpanpuutarha.fi\/index.php?rest_route=%2Fwp%2Fv2%2Fproduct_tag&post=32225"}],"curies":[{"name":"wp","href":"https:\/\/api.w.org\/{rel}","templated":true}]}}