{"id":32186,"date":"2021-12-07T11:08:15","date_gmt":"2021-12-07T09:08:15","guid":{"rendered":"http:\/\/www.kulpanpuutarha.fi\/?post_type=product&#038;p=32186"},"modified":"2026-04-26T12:43:07","modified_gmt":"2026-04-26T09:43:07","slug":"loistokurjenpolvi-rozanne","status":"publish","type":"product","link":"https:\/\/www.kulpanpuutarha.fi\/?product=loistokurjenpolvi-rozanne","title":{"rendered":"Geranium &#8211; JALOKURJENPOLVI &#8217;Rozanne&#8217;"},"content":{"rendered":"","protected":false},"excerpt":{"rendered":"<p><em>Geranium hybrid<\/em>, tr\u00e4dg\u00e5rdsn\u00e4va<\/p>\n<p>Kukinta: VI-X<\/p>\n<p>V\u00e4ri: lilansininen<\/p>\n<p>Kasvupaikka: aurinko-puolivarjo<\/p>\n<p>Korkeus: 40 cm<\/p>\n<p>Ruukkukoko: P12 (1,3L)<\/p>\n<p>Tuotantomaa: NL\/FI<\/p>\n","protected":false},"featured_media":32188,"template":"","meta":[],"product_brand":[],"product_cat":[18,27,28,32],"product_tag":[56,167,168,169,591],"class_list":{"0":"post-32186","1":"product","2":"type-product","3":"status-publish","4":"has-post-thumbnail","6":"product_cat-perennat","7":"product_cat-auringon-perennat","8":"product_cat-puolivarjon-perennat","9":"product_cat-perennat-k-r","10":"product_tag-sininen","11":"product_tag-geranium","12":"product_tag-kurjenpolvi","13":"product_tag-liila","14":"product_tag-jalokurjenpolvi","15":"product_shipping_class-nouto","17":"first","18":"instock","19":"taxable","20":"shipping-taxable","21":"purchasable","22":"product-type-simple"},"_links":{"self":[{"href":"https:\/\/www.kulpanpuutarha.fi\/index.php?rest_route=\/wp\/v2\/product\/32186","targetHints":{"allow":["GET"]}}],"collection":[{"href":"https:\/\/www.kulpanpuutarha.fi\/index.php?rest_route=\/wp\/v2\/product"}],"about":[{"href":"https:\/\/www.kulpanpuutarha.fi\/index.php?rest_route=\/wp\/v2\/types\/product"}],"wp:featuredmedia":[{"embeddable":true,"href":"https:\/\/www.kulpanpuutarha.fi\/index.php?rest_route=\/wp\/v2\/media\/32188"}],"wp:attachment":[{"href":"https:\/\/www.kulpanpuutarha.fi\/index.php?rest_route=%2Fwp%2Fv2%2Fmedia&parent=32186"}],"wp:term":[{"taxonomy":"product_brand","embeddable":true,"href":"https:\/\/www.kulpanpuutarha.fi\/index.php?rest_route=%2Fwp%2Fv2%2Fproduct_brand&post=32186"},{"taxonomy":"product_cat","embeddable":true,"href":"https:\/\/www.kulpanpuutarha.fi\/index.php?rest_route=%2Fwp%2Fv2%2Fproduct_cat&post=32186"},{"taxonomy":"product_tag","embeddable":true,"href":"https:\/\/www.kulpanpuutarha.fi\/index.php?rest_route=%2Fwp%2Fv2%2Fproduct_tag&post=32186"}],"curies":[{"name":"wp","href":"https:\/\/api.w.org\/{rel}","templated":true}]}}