{"id":25782,"date":"2021-07-27T07:41:49","date_gmt":"2021-07-27T04:41:49","guid":{"rendered":"http:\/\/www.kulpanpuutarha.fi\/?post_type=product&#038;p=25782"},"modified":"2025-11-24T08:36:51","modified_gmt":"2025-11-24T06:36:51","slug":"paivansilma-summer-nights","status":"publish","type":"product","link":"https:\/\/www.kulpanpuutarha.fi\/?product=paivansilma-summer-nights","title":{"rendered":"Heliopsis &#8211; P\u00c4IV\u00c4NSILM\u00c4 &#8217;Summer Nights&#8217;"},"content":{"rendered":"","protected":false},"excerpt":{"rendered":"<p><em>Heliopsis helianthoides var. scabra<\/em>, dag\u00f6ga<\/p>\n<p>Kukinta: VII-IX<\/p>\n<p>V\u00e4ri: keltainen\/oranssi<\/p>\n<p>Kasvupaikka: aurinko-puolivarjo<\/p>\n<p>Korkeus: 100-120 cm<\/p>\n<p>Ruukkukoko: P12 (1,3L)<\/p>\n<p>Tuotantomaa: FI<\/p>\n","protected":false},"featured_media":25783,"template":"","meta":[],"product_brand":[],"product_cat":[18,27,28,32],"product_tag":[40,173,436,437],"class_list":{"0":"post-25782","1":"product","2":"type-product","3":"status-publish","4":"has-post-thumbnail","6":"product_cat-perennat","7":"product_cat-auringon-perennat","8":"product_cat-puolivarjon-perennat","9":"product_cat-perennat-k-r","10":"product_tag-keltainen","11":"product_tag-oranssi","12":"product_tag-paivansilma","13":"product_tag-heliopsis","14":"product_shipping_class-nouto","16":"first","17":"instock","18":"taxable","19":"shipping-taxable","20":"purchasable","21":"product-type-simple"},"_links":{"self":[{"href":"https:\/\/www.kulpanpuutarha.fi\/index.php?rest_route=\/wp\/v2\/product\/25782","targetHints":{"allow":["GET"]}}],"collection":[{"href":"https:\/\/www.kulpanpuutarha.fi\/index.php?rest_route=\/wp\/v2\/product"}],"about":[{"href":"https:\/\/www.kulpanpuutarha.fi\/index.php?rest_route=\/wp\/v2\/types\/product"}],"wp:featuredmedia":[{"embeddable":true,"href":"https:\/\/www.kulpanpuutarha.fi\/index.php?rest_route=\/wp\/v2\/media\/25783"}],"wp:attachment":[{"href":"https:\/\/www.kulpanpuutarha.fi\/index.php?rest_route=%2Fwp%2Fv2%2Fmedia&parent=25782"}],"wp:term":[{"taxonomy":"product_brand","embeddable":true,"href":"https:\/\/www.kulpanpuutarha.fi\/index.php?rest_route=%2Fwp%2Fv2%2Fproduct_brand&post=25782"},{"taxonomy":"product_cat","embeddable":true,"href":"https:\/\/www.kulpanpuutarha.fi\/index.php?rest_route=%2Fwp%2Fv2%2Fproduct_cat&post=25782"},{"taxonomy":"product_tag","embeddable":true,"href":"https:\/\/www.kulpanpuutarha.fi\/index.php?rest_route=%2Fwp%2Fv2%2Fproduct_tag&post=25782"}],"curies":[{"name":"wp","href":"https:\/\/api.w.org\/{rel}","templated":true}]}}