{"id":15840,"date":"2021-01-13T13:56:54","date_gmt":"2021-01-13T11:56:54","guid":{"rendered":"http:\/\/www.kulpanpuutarha.fi\/?post_type=product&#038;p=15840"},"modified":"2026-04-25T08:04:42","modified_gmt":"2026-04-25T05:04:42","slug":"altakasteluamppeli-62-l","status":"publish","type":"product","link":"https:\/\/www.kulpanpuutarha.fi\/?product=altakasteluamppeli-62-l","title":{"rendered":"Altakasteluamppeli 6+2 L"},"content":{"rendered":"","protected":false},"excerpt":{"rendered":"<p>Kest\u00e4v\u00e4, muovinen altakasteluamppeli. Multatilavuus 6 L, vesivarasto 2 L. V\u00e4ri valkoinen.<\/p>\n<p>&nbsp;<\/p>\n","protected":false},"featured_media":18286,"template":"","meta":[],"product_brand":[],"product_cat":[24],"product_tag":[389,422,423],"class_list":{"0":"post-15840","1":"product","2":"type-product","3":"status-publish","4":"has-post-thumbnail","6":"product_cat-ruukut-ja-pihakoristeet","7":"product_tag-ruukku","8":"product_tag-amppeli","9":"product_tag-altakasteluamppeli","10":"product_shipping_class-lahetys-pakettina","12":"first","13":"instock","14":"taxable","15":"shipping-taxable","16":"purchasable","17":"product-type-simple"},"_links":{"self":[{"href":"https:\/\/www.kulpanpuutarha.fi\/index.php?rest_route=\/wp\/v2\/product\/15840","targetHints":{"allow":["GET"]}}],"collection":[{"href":"https:\/\/www.kulpanpuutarha.fi\/index.php?rest_route=\/wp\/v2\/product"}],"about":[{"href":"https:\/\/www.kulpanpuutarha.fi\/index.php?rest_route=\/wp\/v2\/types\/product"}],"wp:featuredmedia":[{"embeddable":true,"href":"https:\/\/www.kulpanpuutarha.fi\/index.php?rest_route=\/wp\/v2\/media\/18286"}],"wp:attachment":[{"href":"https:\/\/www.kulpanpuutarha.fi\/index.php?rest_route=%2Fwp%2Fv2%2Fmedia&parent=15840"}],"wp:term":[{"taxonomy":"product_brand","embeddable":true,"href":"https:\/\/www.kulpanpuutarha.fi\/index.php?rest_route=%2Fwp%2Fv2%2Fproduct_brand&post=15840"},{"taxonomy":"product_cat","embeddable":true,"href":"https:\/\/www.kulpanpuutarha.fi\/index.php?rest_route=%2Fwp%2Fv2%2Fproduct_cat&post=15840"},{"taxonomy":"product_tag","embeddable":true,"href":"https:\/\/www.kulpanpuutarha.fi\/index.php?rest_route=%2Fwp%2Fv2%2Fproduct_tag&post=15840"}],"curies":[{"name":"wp","href":"https:\/\/api.w.org\/{rel}","templated":true}]}}