{"id":15770,"date":"2021-01-12T08:28:01","date_gmt":"2021-01-12T06:28:01","guid":{"rendered":"http:\/\/www.kulpanpuutarha.fi\/?post_type=product&#038;p=15770"},"modified":"2025-11-21T12:06:54","modified_gmt":"2025-11-21T10:06:54","slug":"metallinen-kukkapoyta-pieni","status":"publish","type":"product","link":"https:\/\/www.kulpanpuutarha.fi\/?product=metallinen-kukkapoyta-pieni","title":{"rendered":"METALLINEN KUKKAP\u00d6YT\u00c4 pieni"},"content":{"rendered":"<p>P\u00f6yd\u00e4n mitat: H ~20 cm &#8211; K ~30 cm<\/p>\n<p>&nbsp;<\/p>\n<p>&nbsp;<\/p>\n","protected":false},"excerpt":{"rendered":"<p>Kaunis ja kest\u00e4v\u00e4 metallinen kukkap\u00f6yt\u00e4 terassille, parvekkeelle tai puutarhaan.<\/p>\n","protected":false},"featured_media":15765,"template":"","meta":[],"product_brand":[],"product_cat":[24],"product_tag":[365,408],"class_list":{"0":"post-15770","1":"product","2":"type-product","3":"status-publish","4":"has-post-thumbnail","6":"product_cat-ruukut-ja-pihakoristeet","7":"product_tag-poyta","8":"product_tag-kukkapoyta","9":"product_shipping_class-lahetys-pakettina","11":"first","12":"instock","13":"taxable","14":"shipping-taxable","15":"purchasable","16":"product-type-simple"},"_links":{"self":[{"href":"https:\/\/www.kulpanpuutarha.fi\/index.php?rest_route=\/wp\/v2\/product\/15770","targetHints":{"allow":["GET"]}}],"collection":[{"href":"https:\/\/www.kulpanpuutarha.fi\/index.php?rest_route=\/wp\/v2\/product"}],"about":[{"href":"https:\/\/www.kulpanpuutarha.fi\/index.php?rest_route=\/wp\/v2\/types\/product"}],"wp:featuredmedia":[{"embeddable":true,"href":"https:\/\/www.kulpanpuutarha.fi\/index.php?rest_route=\/wp\/v2\/media\/15765"}],"wp:attachment":[{"href":"https:\/\/www.kulpanpuutarha.fi\/index.php?rest_route=%2Fwp%2Fv2%2Fmedia&parent=15770"}],"wp:term":[{"taxonomy":"product_brand","embeddable":true,"href":"https:\/\/www.kulpanpuutarha.fi\/index.php?rest_route=%2Fwp%2Fv2%2Fproduct_brand&post=15770"},{"taxonomy":"product_cat","embeddable":true,"href":"https:\/\/www.kulpanpuutarha.fi\/index.php?rest_route=%2Fwp%2Fv2%2Fproduct_cat&post=15770"},{"taxonomy":"product_tag","embeddable":true,"href":"https:\/\/www.kulpanpuutarha.fi\/index.php?rest_route=%2Fwp%2Fv2%2Fproduct_tag&post=15770"}],"curies":[{"name":"wp","href":"https:\/\/api.w.org\/{rel}","templated":true}]}}