{"id":1528,"date":"2020-01-14T12:07:51","date_gmt":"2020-01-14T10:07:51","guid":{"rendered":"http:\/\/kulpanpuutarha3.paas.datacenter.fi\/?post_type=product&#038;p=1528"},"modified":"2025-11-21T15:29:27","modified_gmt":"2025-11-21T13:29:27","slug":"kuukausimansikka-alexandria","status":"publish","type":"product","link":"https:\/\/www.kulpanpuutarha.fi\/?product=kuukausimansikka-alexandria","title":{"rendered":"Fragaria &#8211; KUUKAUSIMANSIKKA &#8217;Alexandria&#8217;"},"content":{"rendered":"<p>Jatkuvasatoinen mansikka, hieman mets\u00e4mansikkaa suurempia punaisia mansikoita kypsyy juhannuksesta aina syksyyn saakka. Monivuotinen kuukausimansikka levi\u00e4\u00e4 maltillisesti kasvupaikallaan. Ei muodosta r\u00f6nsyj\u00e4. Sopii hyvin esim. istutusten reunuskasviksi, pensaiden alle tai kasvilavoihin aurinkoiseen tai puolivarjoiseen paikkaan. Aurinkoisessa kasvupaikassa saat runsaimman mansikkasadon.<\/p>\n","protected":false},"excerpt":{"rendered":"<p><i>Fragaria vesca var. semp.,<\/i> m\u00e5nadssmultron<\/p>\n<p>Kukinta: V-IX<\/p>\n<p>V\u00e4ri: kukinto valkoinen, marja punainen<\/p>\n<p>Kasvupaikka: aurinko\/puolivarjo<\/p>\n<p>Myyntikorkeus: 20<\/p>\n<p>Ruukkukoko: P10<\/p>\n<p>Tuotantomaa: FI<\/p>\n","protected":false},"featured_media":1529,"template":"","meta":[],"product_brand":[],"product_cat":[18,27,26,28,32],"product_tag":[164,166],"class_list":{"0":"post-1528","1":"product","2":"type-product","3":"status-publish","4":"has-post-thumbnail","6":"product_cat-perennat","7":"product_cat-auringon-perennat","8":"product_cat-hyotykasvit","9":"product_cat-puolivarjon-perennat","10":"product_cat-perennat-k-r","11":"product_tag-fragaria","12":"product_tag-mansikka","13":"product_shipping_class-nouto","15":"first","16":"instock","17":"taxable","18":"shipping-taxable","19":"purchasable","20":"product-type-simple"},"_links":{"self":[{"href":"https:\/\/www.kulpanpuutarha.fi\/index.php?rest_route=\/wp\/v2\/product\/1528","targetHints":{"allow":["GET"]}}],"collection":[{"href":"https:\/\/www.kulpanpuutarha.fi\/index.php?rest_route=\/wp\/v2\/product"}],"about":[{"href":"https:\/\/www.kulpanpuutarha.fi\/index.php?rest_route=\/wp\/v2\/types\/product"}],"wp:featuredmedia":[{"embeddable":true,"href":"https:\/\/www.kulpanpuutarha.fi\/index.php?rest_route=\/wp\/v2\/media\/1529"}],"wp:attachment":[{"href":"https:\/\/www.kulpanpuutarha.fi\/index.php?rest_route=%2Fwp%2Fv2%2Fmedia&parent=1528"}],"wp:term":[{"taxonomy":"product_brand","embeddable":true,"href":"https:\/\/www.kulpanpuutarha.fi\/index.php?rest_route=%2Fwp%2Fv2%2Fproduct_brand&post=1528"},{"taxonomy":"product_cat","embeddable":true,"href":"https:\/\/www.kulpanpuutarha.fi\/index.php?rest_route=%2Fwp%2Fv2%2Fproduct_cat&post=1528"},{"taxonomy":"product_tag","embeddable":true,"href":"https:\/\/www.kulpanpuutarha.fi\/index.php?rest_route=%2Fwp%2Fv2%2Fproduct_tag&post=1528"}],"curies":[{"name":"wp","href":"https:\/\/api.w.org\/{rel}","templated":true}]}}