{"id":1516,"date":"2020-01-13T14:54:52","date_gmt":"2020-01-13T12:54:52","guid":{"rendered":"http:\/\/kulpanpuutarha3.paas.datacenter.fi\/?post_type=product&#038;p=1516"},"modified":"2021-11-12T08:36:26","modified_gmt":"2021-11-12T06:36:26","slug":"lahjakortti-50-e","status":"publish","type":"product","link":"https:\/\/www.kulpanpuutarha.fi\/?product=lahjakortti-50-e","title":{"rendered":"Lahjakortti 50 \u20ac"},"content":{"rendered":"","protected":false},"excerpt":{"rendered":"<p>Ilahduta yst\u00e4v\u00e4\u00e4 lahjakortilla Kulpan puutarhan perennataimistolle! K\u00e4y maksuv\u00e4lineen\u00e4 puutarhan myym\u00e4l\u00e4ss\u00e4 tai verkkokaupassamme.<\/p>\n<p>Toimitetaan kirjeen\u00e4 postitse tai muiden tuotteiden tilauksen kanssa samassa paketissa.<\/p>\n<p>Lahjakortin toimitus onnistuu my\u00f6s s\u00e4hk\u00f6postitse. Jos haluat lahjakortin s\u00e4hk\u00f6isesti, valitse tilauksen toimitustavaksi &#8217;NOUTO&#8217; ja kirjoita tilauksen lis\u00e4tieto -kentt\u00e4\u00e4n s\u00e4hk\u00f6postitoimitus.<\/p>\n","protected":false},"featured_media":330,"template":"","meta":[],"product_brand":[],"product_cat":[82],"product_tag":[83],"class_list":{"0":"post-1516","1":"product","2":"type-product","3":"status-publish","4":"has-post-thumbnail","6":"product_cat-lahjakortti","7":"product_tag-lahjakortti","8":"product_shipping_class-kirje","10":"first","11":"instock","12":"shipping-taxable","13":"purchasable","14":"product-type-simple"},"_links":{"self":[{"href":"https:\/\/www.kulpanpuutarha.fi\/index.php?rest_route=\/wp\/v2\/product\/1516","targetHints":{"allow":["GET"]}}],"collection":[{"href":"https:\/\/www.kulpanpuutarha.fi\/index.php?rest_route=\/wp\/v2\/product"}],"about":[{"href":"https:\/\/www.kulpanpuutarha.fi\/index.php?rest_route=\/wp\/v2\/types\/product"}],"wp:featuredmedia":[{"embeddable":true,"href":"https:\/\/www.kulpanpuutarha.fi\/index.php?rest_route=\/wp\/v2\/media\/330"}],"wp:attachment":[{"href":"https:\/\/www.kulpanpuutarha.fi\/index.php?rest_route=%2Fwp%2Fv2%2Fmedia&parent=1516"}],"wp:term":[{"taxonomy":"product_brand","embeddable":true,"href":"https:\/\/www.kulpanpuutarha.fi\/index.php?rest_route=%2Fwp%2Fv2%2Fproduct_brand&post=1516"},{"taxonomy":"product_cat","embeddable":true,"href":"https:\/\/www.kulpanpuutarha.fi\/index.php?rest_route=%2Fwp%2Fv2%2Fproduct_cat&post=1516"},{"taxonomy":"product_tag","embeddable":true,"href":"https:\/\/www.kulpanpuutarha.fi\/index.php?rest_route=%2Fwp%2Fv2%2Fproduct_tag&post=1516"}],"curies":[{"name":"wp","href":"https:\/\/api.w.org\/{rel}","templated":true}]}}