{"id":1376,"date":"2020-01-07T10:04:58","date_gmt":"2020-01-07T08:04:58","guid":{"rendered":"http:\/\/kulpanpuutarha3.paas.datacenter.fi\/?post_type=product&#038;p=1376"},"modified":"2025-11-21T15:02:00","modified_gmt":"2025-11-21T13:02:00","slug":"itoh-pensaspioni-cora-louise","status":"publish","type":"product","link":"https:\/\/www.kulpanpuutarha.fi\/?product=itoh-pensaspioni-cora-louise","title":{"rendered":"Paeonia &#8211; ITOH-PENSASPIONI &#8217;Cora Louise&#8217;"},"content":{"rendered":"<p>Itoh-pionit ovat puuvartisten ja ruohovartisten pionien kest\u00e4vi\u00e4 risteymi\u00e4. Kukkivat pitk\u00e4\u00e4n ja runsaasti hein\u00e4kuun puoliv\u00e4list\u00e4 eteenp\u00e4in suurin, n\u00e4ytt\u00e4vin kukin. Kukkavarret ovat yleens\u00e4 tukevat ja tarvitsevat vain v\u00e4h\u00e4n tuentaa.<\/p>\n","protected":false},"excerpt":{"rendered":"<p><i>Paeonia Itoh-Ryhm\u00e4,<\/i> itoh-buskpion<\/p>\n<p>Kukinta: VII<\/p>\n<p>V\u00e4ri: vaaleanpunertava\/lila<\/p>\n<p>Kasvupaikka: aurinko-puolivarjo<\/p>\n<p>Korkeus: 70-80 cm<\/p>\n<p>Ruukkukoko: 3L<\/p>\n<p>Tuotantomaa: NL\/FI<\/p>\n","protected":false},"featured_media":33569,"template":"","meta":[],"product_brand":[],"product_cat":[18,27,28,31,32],"product_tag":[54,63,249,250],"class_list":{"0":"post-1376","1":"product","2":"type-product","3":"status-publish","4":"has-post-thumbnail","6":"product_cat-perennat","7":"product_cat-auringon-perennat","8":"product_cat-puolivarjon-perennat","9":"product_cat-perennat-a-j","10":"product_cat-perennat-k-r","11":"product_tag-lila","12":"product_tag-vaaleanpunainen","13":"product_tag-paeonia","14":"product_tag-pioni","15":"product_shipping_class-nouto","17":"first","18":"instock","19":"taxable","20":"shipping-taxable","21":"purchasable","22":"product-type-simple"},"_links":{"self":[{"href":"https:\/\/www.kulpanpuutarha.fi\/index.php?rest_route=\/wp\/v2\/product\/1376","targetHints":{"allow":["GET"]}}],"collection":[{"href":"https:\/\/www.kulpanpuutarha.fi\/index.php?rest_route=\/wp\/v2\/product"}],"about":[{"href":"https:\/\/www.kulpanpuutarha.fi\/index.php?rest_route=\/wp\/v2\/types\/product"}],"wp:featuredmedia":[{"embeddable":true,"href":"https:\/\/www.kulpanpuutarha.fi\/index.php?rest_route=\/wp\/v2\/media\/33569"}],"wp:attachment":[{"href":"https:\/\/www.kulpanpuutarha.fi\/index.php?rest_route=%2Fwp%2Fv2%2Fmedia&parent=1376"}],"wp:term":[{"taxonomy":"product_brand","embeddable":true,"href":"https:\/\/www.kulpanpuutarha.fi\/index.php?rest_route=%2Fwp%2Fv2%2Fproduct_brand&post=1376"},{"taxonomy":"product_cat","embeddable":true,"href":"https:\/\/www.kulpanpuutarha.fi\/index.php?rest_route=%2Fwp%2Fv2%2Fproduct_cat&post=1376"},{"taxonomy":"product_tag","embeddable":true,"href":"https:\/\/www.kulpanpuutarha.fi\/index.php?rest_route=%2Fwp%2Fv2%2Fproduct_tag&post=1376"}],"curies":[{"name":"wp","href":"https:\/\/api.w.org\/{rel}","templated":true}]}}