{"id":1237,"date":"2019-12-18T10:54:40","date_gmt":"2019-12-18T08:54:40","guid":{"rendered":"http:\/\/kulpanpuutarha3.paas.datacenter.fi\/?post_type=product&#038;p=1237"},"modified":"2025-11-21T14:56:27","modified_gmt":"2025-11-21T12:56:27","slug":"isomaksaruoho","status":"publish","type":"product","link":"https:\/\/www.kulpanpuutarha.fi\/?product=isomaksaruoho","title":{"rendered":"Sedum &#8211; ISOMAKSARUOHO"},"content":{"rendered":"","protected":false},"excerpt":{"rendered":"<p><i>Sedum telephium (Hylotelephium telephium),<\/i> r\u00f6d k\u00e4rleks\u00f6rt<\/p>\n<p>Kukinta: VII-X<\/p>\n<p>V\u00e4ri: kermanvalkoinen, punertava lehdist\u00f6<\/p>\n<p>Kasvupaikka: aurinko-puolivarjo<\/p>\n<p>Korkeus: 45 cm<\/p>\n<p>Ruukkukoko: P12 (1,3L)<\/p>\n<p>Tuotantomaa: FI<\/p>\n","protected":false},"featured_media":1220,"template":"","meta":[],"product_brand":[],"product_cat":[398,22,18,27,28,31,32],"product_tag":[43,275,276],"class_list":{"0":"post-1237","1":"product","2":"type-product","3":"status-publish","4":"has-post-thumbnail","6":"product_cat-perhos-porriaiskasvit","7":"product_cat-perinneperennat","8":"product_cat-perennat","9":"product_cat-auringon-perennat","10":"product_cat-puolivarjon-perennat","11":"product_cat-perennat-a-j","12":"product_cat-perennat-k-r","13":"product_tag-valkoinen","14":"product_tag-sedum","15":"product_tag-maksaruoho","16":"product_shipping_class-nouto","18":"first","19":"outofstock","20":"taxable","21":"shipping-taxable","22":"purchasable","23":"product-type-simple"},"_links":{"self":[{"href":"https:\/\/www.kulpanpuutarha.fi\/index.php?rest_route=\/wp\/v2\/product\/1237","targetHints":{"allow":["GET"]}}],"collection":[{"href":"https:\/\/www.kulpanpuutarha.fi\/index.php?rest_route=\/wp\/v2\/product"}],"about":[{"href":"https:\/\/www.kulpanpuutarha.fi\/index.php?rest_route=\/wp\/v2\/types\/product"}],"wp:featuredmedia":[{"embeddable":true,"href":"https:\/\/www.kulpanpuutarha.fi\/index.php?rest_route=\/wp\/v2\/media\/1220"}],"wp:attachment":[{"href":"https:\/\/www.kulpanpuutarha.fi\/index.php?rest_route=%2Fwp%2Fv2%2Fmedia&parent=1237"}],"wp:term":[{"taxonomy":"product_brand","embeddable":true,"href":"https:\/\/www.kulpanpuutarha.fi\/index.php?rest_route=%2Fwp%2Fv2%2Fproduct_brand&post=1237"},{"taxonomy":"product_cat","embeddable":true,"href":"https:\/\/www.kulpanpuutarha.fi\/index.php?rest_route=%2Fwp%2Fv2%2Fproduct_cat&post=1237"},{"taxonomy":"product_tag","embeddable":true,"href":"https:\/\/www.kulpanpuutarha.fi\/index.php?rest_route=%2Fwp%2Fv2%2Fproduct_tag&post=1237"}],"curies":[{"name":"wp","href":"https:\/\/api.w.org\/{rel}","templated":true}]}}