{"id":1221,"date":"2019-12-18T10:08:45","date_gmt":"2019-12-18T08:08:45","guid":{"rendered":"http:\/\/kulpanpuutarha3.paas.datacenter.fi\/?post_type=product&#038;p=1221"},"modified":"2025-11-21T13:09:53","modified_gmt":"2025-11-21T11:09:53","slug":"komeamaksaruoho-herbstfreude","status":"publish","type":"product","link":"https:\/\/www.kulpanpuutarha.fi\/?product=komeamaksaruoho-herbstfreude","title":{"rendered":"Sedum &#8211; KOMEAMAKSARUOHO &#8217;Herbstfreude&#8217;"},"content":{"rendered":"","protected":false},"excerpt":{"rendered":"<p><i>Sedum,<\/i> h\u00f6stk\u00e4rleks\u00f6rt<\/p>\n<p>Kukinta: VII-IX<\/p>\n<p>V\u00e4ri: pinkki<\/p>\n<p>Kasvupaikka: aurinko-puolivarjo<\/p>\n<p>Korkeus: 40 cm<\/p>\n<p>Ruukkukoko: P12 (1,3L)<\/p>\n<p>Tuotantomaa: FI tai NL\/FI<\/p>\n","protected":false},"featured_media":32372,"template":"","meta":[],"product_brand":[],"product_cat":[398,18,27,28,32],"product_tag":[51,100,275,276,281,553],"class_list":{"0":"post-1221","1":"product","2":"type-product","3":"status-publish","4":"has-post-thumbnail","6":"product_cat-perhos-porriaiskasvit","7":"product_cat-perennat","8":"product_cat-auringon-perennat","9":"product_cat-puolivarjon-perennat","10":"product_cat-perennat-k-r","11":"product_tag-punainen","12":"product_tag-pinkki","13":"product_tag-sedum","14":"product_tag-maksaruoho","15":"product_tag-syysmaksaruoho","16":"product_tag-komeamaksaruoho","17":"product_shipping_class-nouto","19":"first","20":"instock","21":"taxable","22":"shipping-taxable","23":"purchasable","24":"product-type-simple"},"_links":{"self":[{"href":"https:\/\/www.kulpanpuutarha.fi\/index.php?rest_route=\/wp\/v2\/product\/1221","targetHints":{"allow":["GET"]}}],"collection":[{"href":"https:\/\/www.kulpanpuutarha.fi\/index.php?rest_route=\/wp\/v2\/product"}],"about":[{"href":"https:\/\/www.kulpanpuutarha.fi\/index.php?rest_route=\/wp\/v2\/types\/product"}],"wp:featuredmedia":[{"embeddable":true,"href":"https:\/\/www.kulpanpuutarha.fi\/index.php?rest_route=\/wp\/v2\/media\/32372"}],"wp:attachment":[{"href":"https:\/\/www.kulpanpuutarha.fi\/index.php?rest_route=%2Fwp%2Fv2%2Fmedia&parent=1221"}],"wp:term":[{"taxonomy":"product_brand","embeddable":true,"href":"https:\/\/www.kulpanpuutarha.fi\/index.php?rest_route=%2Fwp%2Fv2%2Fproduct_brand&post=1221"},{"taxonomy":"product_cat","embeddable":true,"href":"https:\/\/www.kulpanpuutarha.fi\/index.php?rest_route=%2Fwp%2Fv2%2Fproduct_cat&post=1221"},{"taxonomy":"product_tag","embeddable":true,"href":"https:\/\/www.kulpanpuutarha.fi\/index.php?rest_route=%2Fwp%2Fv2%2Fproduct_tag&post=1221"}],"curies":[{"name":"wp","href":"https:\/\/api.w.org\/{rel}","templated":true}]}}