{"id":1173,"date":"2019-12-18T09:41:38","date_gmt":"2019-12-18T07:41:38","guid":{"rendered":"http:\/\/kulpanpuutarha3.paas.datacenter.fi\/?post_type=product&#038;p=1173"},"modified":"2026-04-08T16:15:28","modified_gmt":"2026-04-08T13:15:28","slug":"silmapaivanhattu","status":"publish","type":"product","link":"https:\/\/www.kulpanpuutarha.fi\/?product=silmapaivanhattu","title":{"rendered":"Rudbeckia &#8211; SILM\u00c4P\u00c4IV\u00c4NHATTU"},"content":{"rendered":"","protected":false},"excerpt":{"rendered":"<p><i>Rudbeckia triloba,<\/i> trefliksrudbeckia<\/p>\n<p>Kukinta: VII-IX<\/p>\n<p>V\u00e4ri: keltaisesta oranssinpunaiseen, kukka muuttaa v\u00e4ri\u00e4 kukinnan aikana<\/p>\n<p>Kasvupaikka: aurinko-puolivarjo<\/p>\n<p>Korkeus: 50-80 cm<\/p>\n<p>Ruukkukoko: P12 (1,3L)<\/p>\n<p>Tuotantomaa: FI<\/p>\n","protected":false},"featured_media":32357,"template":"","meta":[],"product_brand":[],"product_cat":[18,27,28,33],"product_tag":[40,173,268,269],"class_list":{"0":"post-1173","1":"product","2":"type-product","3":"status-publish","4":"has-post-thumbnail","6":"product_cat-perennat","7":"product_cat-auringon-perennat","8":"product_cat-puolivarjon-perennat","9":"product_cat-perennat-s-o","10":"product_tag-keltainen","11":"product_tag-oranssi","12":"product_tag-rudbeckia","13":"product_tag-paivanhattu","14":"product_shipping_class-nouto","16":"first","17":"instock","18":"taxable","19":"shipping-taxable","20":"purchasable","21":"product-type-simple"},"_links":{"self":[{"href":"https:\/\/www.kulpanpuutarha.fi\/index.php?rest_route=\/wp\/v2\/product\/1173","targetHints":{"allow":["GET"]}}],"collection":[{"href":"https:\/\/www.kulpanpuutarha.fi\/index.php?rest_route=\/wp\/v2\/product"}],"about":[{"href":"https:\/\/www.kulpanpuutarha.fi\/index.php?rest_route=\/wp\/v2\/types\/product"}],"wp:featuredmedia":[{"embeddable":true,"href":"https:\/\/www.kulpanpuutarha.fi\/index.php?rest_route=\/wp\/v2\/media\/32357"}],"wp:attachment":[{"href":"https:\/\/www.kulpanpuutarha.fi\/index.php?rest_route=%2Fwp%2Fv2%2Fmedia&parent=1173"}],"wp:term":[{"taxonomy":"product_brand","embeddable":true,"href":"https:\/\/www.kulpanpuutarha.fi\/index.php?rest_route=%2Fwp%2Fv2%2Fproduct_brand&post=1173"},{"taxonomy":"product_cat","embeddable":true,"href":"https:\/\/www.kulpanpuutarha.fi\/index.php?rest_route=%2Fwp%2Fv2%2Fproduct_cat&post=1173"},{"taxonomy":"product_tag","embeddable":true,"href":"https:\/\/www.kulpanpuutarha.fi\/index.php?rest_route=%2Fwp%2Fv2%2Fproduct_tag&post=1173"}],"curies":[{"name":"wp","href":"https:\/\/api.w.org\/{rel}","templated":true}]}}