{"id":1169,"date":"2019-12-18T09:33:21","date_gmt":"2019-12-18T07:33:21","guid":{"rendered":"http:\/\/kulpanpuutarha3.paas.datacenter.fi\/?post_type=product&#038;p=1169"},"modified":"2025-11-21T13:17:30","modified_gmt":"2025-11-21T11:17:30","slug":"sadepaivanhattu-goldstrum","status":"publish","type":"product","link":"https:\/\/www.kulpanpuutarha.fi\/?product=sadepaivanhattu-goldstrum","title":{"rendered":"Rudbeckia &#8211; S\u00c4DEP\u00c4IV\u00c4NHATTU &#8217;Goldsturm&#8217;"},"content":{"rendered":"","protected":false},"excerpt":{"rendered":"<p><i>Rudbeckia fulgida var.sullvantii,<\/i> str\u00e5lrudbeckia<\/p>\n<p>Kukinta: VIII-IX<\/p>\n<p>V\u00e4ri: kullankeltainen<\/p>\n<p>Kasvupaikka: aurinko<\/p>\n<p>Korkeus: 50 cm<\/p>\n<p>Ruukkukoko: P12 (1,3L)<\/p>\n<p>Tuotantomaa: FI<\/p>\n","protected":false},"featured_media":1161,"template":"","meta":[],"product_brand":[],"product_cat":[18,27,33],"product_tag":[40,268,269],"class_list":{"0":"post-1169","1":"product","2":"type-product","3":"status-publish","4":"has-post-thumbnail","6":"product_cat-perennat","7":"product_cat-auringon-perennat","8":"product_cat-perennat-s-o","9":"product_tag-keltainen","10":"product_tag-rudbeckia","11":"product_tag-paivanhattu","12":"product_shipping_class-nouto","14":"first","15":"instock","16":"taxable","17":"shipping-taxable","18":"purchasable","19":"product-type-simple"},"_links":{"self":[{"href":"https:\/\/www.kulpanpuutarha.fi\/index.php?rest_route=\/wp\/v2\/product\/1169","targetHints":{"allow":["GET"]}}],"collection":[{"href":"https:\/\/www.kulpanpuutarha.fi\/index.php?rest_route=\/wp\/v2\/product"}],"about":[{"href":"https:\/\/www.kulpanpuutarha.fi\/index.php?rest_route=\/wp\/v2\/types\/product"}],"wp:featuredmedia":[{"embeddable":true,"href":"https:\/\/www.kulpanpuutarha.fi\/index.php?rest_route=\/wp\/v2\/media\/1161"}],"wp:attachment":[{"href":"https:\/\/www.kulpanpuutarha.fi\/index.php?rest_route=%2Fwp%2Fv2%2Fmedia&parent=1169"}],"wp:term":[{"taxonomy":"product_brand","embeddable":true,"href":"https:\/\/www.kulpanpuutarha.fi\/index.php?rest_route=%2Fwp%2Fv2%2Fproduct_brand&post=1169"},{"taxonomy":"product_cat","embeddable":true,"href":"https:\/\/www.kulpanpuutarha.fi\/index.php?rest_route=%2Fwp%2Fv2%2Fproduct_cat&post=1169"},{"taxonomy":"product_tag","embeddable":true,"href":"https:\/\/www.kulpanpuutarha.fi\/index.php?rest_route=%2Fwp%2Fv2%2Fproduct_tag&post=1169"}],"curies":[{"name":"wp","href":"https:\/\/api.w.org\/{rel}","templated":true}]}}