{"id":1106,"date":"2019-12-17T15:08:31","date_gmt":"2019-12-17T13:08:31","guid":{"rendered":"http:\/\/kulpanpuutarha3.paas.datacenter.fi\/?post_type=product&#038;p=1106"},"modified":"2025-11-21T12:58:21","modified_gmt":"2025-11-21T10:58:21","slug":"sammalleimu-amazing-grace","status":"publish","type":"product","link":"https:\/\/www.kulpanpuutarha.fi\/?product=sammalleimu-amazing-grace","title":{"rendered":"Phlox &#8211; SAMMALLEIMU &#8217;Amazing Grace&#8217;"},"content":{"rendered":"","protected":false},"excerpt":{"rendered":"<p><i>Phlox subulata,<\/i> mossflox<\/p>\n<p>Kukinta: V-VI<\/p>\n<p>V\u00e4ri: valkoinen punaisella silm\u00e4ll\u00e4<\/p>\n<p>Kasvupaikka: aurinko<\/p>\n<p>Korkeus: 10 cm<\/p>\n<p>Ruukkukoko: P10 (10 cm)<\/p>\n<p>Tuotantomaa: FI tai NL\/FI<\/p>\n","protected":false},"featured_media":1108,"template":"","meta":[],"product_brand":[],"product_cat":[22,18,27,33],"product_tag":[43,55,254,255],"class_list":{"0":"post-1106","1":"product","2":"type-product","3":"status-publish","4":"has-post-thumbnail","6":"product_cat-perinneperennat","7":"product_cat-perennat","8":"product_cat-auringon-perennat","9":"product_cat-perennat-s-o","10":"product_tag-valkoinen","11":"product_tag-maanpeiteperenna","12":"product_tag-phlox","13":"product_tag-leimukukka","14":"product_shipping_class-nouto","16":"first","17":"instock","18":"taxable","19":"shipping-taxable","20":"purchasable","21":"product-type-simple"},"_links":{"self":[{"href":"https:\/\/www.kulpanpuutarha.fi\/index.php?rest_route=\/wp\/v2\/product\/1106","targetHints":{"allow":["GET"]}}],"collection":[{"href":"https:\/\/www.kulpanpuutarha.fi\/index.php?rest_route=\/wp\/v2\/product"}],"about":[{"href":"https:\/\/www.kulpanpuutarha.fi\/index.php?rest_route=\/wp\/v2\/types\/product"}],"wp:featuredmedia":[{"embeddable":true,"href":"https:\/\/www.kulpanpuutarha.fi\/index.php?rest_route=\/wp\/v2\/media\/1108"}],"wp:attachment":[{"href":"https:\/\/www.kulpanpuutarha.fi\/index.php?rest_route=%2Fwp%2Fv2%2Fmedia&parent=1106"}],"wp:term":[{"taxonomy":"product_brand","embeddable":true,"href":"https:\/\/www.kulpanpuutarha.fi\/index.php?rest_route=%2Fwp%2Fv2%2Fproduct_brand&post=1106"},{"taxonomy":"product_cat","embeddable":true,"href":"https:\/\/www.kulpanpuutarha.fi\/index.php?rest_route=%2Fwp%2Fv2%2Fproduct_cat&post=1106"},{"taxonomy":"product_tag","embeddable":true,"href":"https:\/\/www.kulpanpuutarha.fi\/index.php?rest_route=%2Fwp%2Fv2%2Fproduct_tag&post=1106"}],"curies":[{"name":"wp","href":"https:\/\/api.w.org\/{rel}","templated":true}]}}