{"id":1082,"date":"2019-12-17T14:27:41","date_gmt":"2019-12-17T12:27:41","guid":{"rendered":"http:\/\/kulpanpuutarha3.paas.datacenter.fi\/?post_type=product&#038;p=1082"},"modified":"2025-11-21T12:31:01","modified_gmt":"2025-11-21T10:31:01","slug":"pallaksenpioni-mollis","status":"publish","type":"product","link":"https:\/\/www.kulpanpuutarha.fi\/?product=pallaksenpioni-mollis","title":{"rendered":"Paeonia &#8211; PALLAKSENPIONI &#8217;Mollis&#8217;"},"content":{"rendered":"<p>Pallaksenpioni aloittaa pionien kukintakauden ja kukkii selv\u00e4sti perinteisi\u00e4 kiinanpioneita aiemmin, usein jo toukokuun lopulla. Matalakasvuinen ja kest\u00e4v\u00e4 pioni ei tarvitse tukemista.<\/p>\n","protected":false},"excerpt":{"rendered":"<p><i>Paeonia officinalis,<\/i> luddpion<\/p>\n<p>Kukinta: V-VI<\/p>\n<p>V\u00e4ri: vaaleanpunainen<\/p>\n<p>Kasvupaikka: aurinko-puolivarjo<\/p>\n<p>Korkeus: 50 cm<\/p>\n<p>Ruukkukoko: P13 (13 cm)<\/p>\n<p>Tuotantomaa: NL\/FI<\/p>\n","protected":false},"featured_media":32312,"template":"","meta":[],"product_brand":[],"product_cat":[22,18,27,28,32],"product_tag":[63,249,250,585],"class_list":{"0":"post-1082","1":"product","2":"type-product","3":"status-publish","4":"has-post-thumbnail","6":"product_cat-perinneperennat","7":"product_cat-perennat","8":"product_cat-auringon-perennat","9":"product_cat-puolivarjon-perennat","10":"product_cat-perennat-k-r","11":"product_tag-vaaleanpunainen","12":"product_tag-paeonia","13":"product_tag-pioni","14":"product_tag-pallaksenpioni","15":"product_shipping_class-nouto","17":"first","18":"instock","19":"taxable","20":"shipping-taxable","21":"purchasable","22":"product-type-simple"},"_links":{"self":[{"href":"https:\/\/www.kulpanpuutarha.fi\/index.php?rest_route=\/wp\/v2\/product\/1082","targetHints":{"allow":["GET"]}}],"collection":[{"href":"https:\/\/www.kulpanpuutarha.fi\/index.php?rest_route=\/wp\/v2\/product"}],"about":[{"href":"https:\/\/www.kulpanpuutarha.fi\/index.php?rest_route=\/wp\/v2\/types\/product"}],"wp:featuredmedia":[{"embeddable":true,"href":"https:\/\/www.kulpanpuutarha.fi\/index.php?rest_route=\/wp\/v2\/media\/32312"}],"wp:attachment":[{"href":"https:\/\/www.kulpanpuutarha.fi\/index.php?rest_route=%2Fwp%2Fv2%2Fmedia&parent=1082"}],"wp:term":[{"taxonomy":"product_brand","embeddable":true,"href":"https:\/\/www.kulpanpuutarha.fi\/index.php?rest_route=%2Fwp%2Fv2%2Fproduct_brand&post=1082"},{"taxonomy":"product_cat","embeddable":true,"href":"https:\/\/www.kulpanpuutarha.fi\/index.php?rest_route=%2Fwp%2Fv2%2Fproduct_cat&post=1082"},{"taxonomy":"product_tag","embeddable":true,"href":"https:\/\/www.kulpanpuutarha.fi\/index.php?rest_route=%2Fwp%2Fv2%2Fproduct_tag&post=1082"}],"curies":[{"name":"wp","href":"https:\/\/api.w.org\/{rel}","templated":true}]}}