{"id":9,"date":"2018-04-04T18:52:47","date_gmt":"2018-04-04T18:52:47","guid":{"rendered":"http:\/\/kulpanpuutarha2.paas.datacenter.fi\/?page_id=9"},"modified":"2025-11-26T09:54:15","modified_gmt":"2025-11-26T07:54:15","slug":"yhteystiedot","status":"publish","type":"page","link":"https:\/\/www.kulpanpuutarha.fi\/?page_id=9","title":{"rendered":"Yhteystiedot"},"content":{"rendered":"\n<div class=\"wp-block-columns is-layout-flex wp-container-core-columns-is-layout-28f84493 wp-block-columns-is-layout-flex\">\n<div class=\"wp-block-column is-layout-flow wp-block-column-is-layout-flow\" style=\"flex-basis:100%\">\n<figure class=\"wp-block-gallery has-nested-images columns-default is-cropped wp-block-gallery-1 is-layout-flex wp-block-gallery-is-layout-flex\"><div class=\"wp-block-image\">\n<figure class=\"aligncenter size-full\"><img loading=\"lazy\" decoding=\"async\" width=\"720\" height=\"540\" data-id=\"34541\" src=\"https:\/\/www.kulpanpuutarha.fi\/wp-content\/uploads\/2025\/11\/Taimisto253.jpg\" alt=\"\" class=\"wp-image-34541\" srcset=\"https:\/\/www.kulpanpuutarha.fi\/wp-content\/uploads\/2025\/11\/Taimisto253.jpg 720w, https:\/\/www.kulpanpuutarha.fi\/wp-content\/uploads\/2025\/11\/Taimisto253-300x225.jpg 300w, https:\/\/www.kulpanpuutarha.fi\/wp-content\/uploads\/2025\/11\/Taimisto253-416x312.jpg 416w\" sizes=\"auto, (max-width: 720px) 100vw, 720px\" \/><\/figure>\n<\/div><\/figure>\n<\/div>\n<\/div>\n\n\n<p>Taimistomyym\u00e4l\u00e4\u00e4mme on helppo tulla &#8211; vain 2 min matka Hki-Tre moottoritielt\u00e4!<\/p>\n<p>Taimiston myym\u00e4l\u00e4 on talvitauolla, avaamme taas kev\u00e4\u00e4ll\u00e4!<\/p>\n<p>Mahdollisista poikkeuksista aukioloajoissa tiedotamme FB-sivullamme.<\/p>\n<p>Verkkokaupan kautta voit tehd\u00e4 ostoksia ymp\u00e4ri vuoden 24\/7. Huom! Talvikauden aikana tehtyj\u00e4 taimitilauksia alamme toimittaa toukokuussa sit\u00e4 mukaa, kun taimet ovat her\u00e4nneet talvilevosta uuteen kasvuun.<\/p>\n<p>Kulpan Puutarha<img loading=\"lazy\" decoding=\"async\" class=\"wp-image-57 alignleft\" src=\"http:\/\/www.kulpanpuutarha.fi\/wp-content\/uploads\/2018\/04\/2018_kartta.jpg\" alt=\"\" width=\"501\" height=\"207\" \/><\/p>\n<p>Eprantie 42<br \/>11710 RIIHIM\u00c4KI<\/p>\n<p>Puh. 050-4311945 \/ Mari<br \/>toimisto (a) kulpanpuutarha.fi<\/p>\n<p><a href=\"https:\/\/www.facebook.com\/Kulpan-puutarha-1733047493445611\/\">www.facebook.com\/Kulpan-puutarha<\/a><\/p>\n<p>Y-tunnus: 2907644-7<\/p>\n<p>Taimitodistuksen ja kasvipassin k\u00e4ytt\u00f6oikeus<\/p>\n<p><!-- pihaty\u00f6, pihaty\u00f6t, puutarhasuunnitelma, pihasuunnitelma, piha suunnitelma, puutarha suunnitelma, pihasuunnittelu, piha suunnittelu, puutarhasuunnittelu, puutarha suunnittelu, viherrakentaminen, pensaiden leikkaus, puiden leikkaus, puutarha, puutarhanhoito, pihanhoito, pihan hoito, taimisto, perennataimisto, perenna, hunaja, perga, taimitarha --><\/p>\n\n\n<p><\/p>\n","protected":false},"excerpt":{"rendered":"<p>Taimistomyym\u00e4l\u00e4\u00e4mme on helppo tulla &#8211; vain 2 min matka Hki-Tre moottoritielt\u00e4! Taimiston myym\u00e4l\u00e4 on talvitauolla, avaamme taas kev\u00e4\u00e4ll\u00e4! Mahdollisista poikkeuksista aukioloajoissa tiedotamme FB-sivullamme. Verkkokaupan kautta voit tehd\u00e4 ostoksia ymp\u00e4ri vuoden 24\/7. Huom! Talvikauden aikana tehtyj\u00e4 taimitilauksia alamme toimittaa toukokuussa sit\u00e4 mukaa, kun taimet ovat her\u00e4nneet talvilevosta uuteen kasvuun. Kulpan Puutarha Eprantie 4211710 RIIHIM\u00c4KI Puh. 050-4311945 [&hellip;]<\/p>\n","protected":false},"author":2,"featured_media":0,"parent":0,"menu_order":0,"comment_status":"closed","ping_status":"closed","template":"","meta":{"footnotes":""},"class_list":["post-9","page","type-page","status-publish","hentry"],"_links":{"self":[{"href":"https:\/\/www.kulpanpuutarha.fi\/index.php?rest_route=\/wp\/v2\/pages\/9","targetHints":{"allow":["GET"]}}],"collection":[{"href":"https:\/\/www.kulpanpuutarha.fi\/index.php?rest_route=\/wp\/v2\/pages"}],"about":[{"href":"https:\/\/www.kulpanpuutarha.fi\/index.php?rest_route=\/wp\/v2\/types\/page"}],"author":[{"embeddable":true,"href":"https:\/\/www.kulpanpuutarha.fi\/index.php?rest_route=\/wp\/v2\/users\/2"}],"replies":[{"embeddable":true,"href":"https:\/\/www.kulpanpuutarha.fi\/index.php?rest_route=%2Fwp%2Fv2%2Fcomments&post=9"}],"version-history":[{"count":36,"href":"https:\/\/www.kulpanpuutarha.fi\/index.php?rest_route=\/wp\/v2\/pages\/9\/revisions"}],"predecessor-version":[{"id":34545,"href":"https:\/\/www.kulpanpuutarha.fi\/index.php?rest_route=\/wp\/v2\/pages\/9\/revisions\/34545"}],"wp:attachment":[{"href":"https:\/\/www.kulpanpuutarha.fi\/index.php?rest_route=%2Fwp%2Fv2%2Fmedia&parent=9"}],"curies":[{"name":"wp","href":"https:\/\/api.w.org\/{rel}","templated":true}]}}