{"id":8,"date":"2018-04-04T18:52:47","date_gmt":"2018-04-04T18:52:47","guid":{"rendered":"http:\/\/kulpanpuutarha2.paas.datacenter.fi\/?page_id=8"},"modified":"2025-11-26T09:51:11","modified_gmt":"2025-11-26T07:51:11","slug":"puutarha","status":"publish","type":"page","link":"https:\/\/www.kulpanpuutarha.fi\/?page_id=8","title":{"rendered":"Taimisto"},"content":{"rendered":"<p><img loading=\"lazy\" decoding=\"async\" class=\"wp-image-386 alignleft\" src=\"http:\/\/www.kulpanpuutarha.fi\/wp-content\/uploads\/2019\/06\/IMG_20190612_131156.jpg\" alt=\"\" width=\"432\" height=\"324\" \/>Taimiston myym\u00e4l\u00e4 on talvitauolla, avaamme taas kev\u00e4\u00e4ll\u00e4!<\/p>\n<p>Tukkuasiakas, kauden 2026 tukkuhinnastomme on ilmestynyt. Mik\u00e4li et viel\u00e4 ole saanut hinnastoa, niin laita viesti\u00e4 toimisto(at)kulpanpuutarha.fi, niin l\u00e4het\u00e4mme sen pikimmiten.<\/p>\n<p>Valikoimassamme on pitk\u00e4lti yli 400 eri perennalajiketta ja lis\u00e4n\u00e4 monivuotisten, ruohovartisten hy\u00f6tykasvien taimia. Kaikki myym\u00e4mme taimet ovat taimiston omaa tuotantoa. Taimistollamme perennat talvetetaan p\u00e4\u00e4osin ulkona avomaalla, joten valikoimissamme olevilta perennalajikkeilta vaaditaan hyv\u00e4\u00e4 talvenkestoa. Kev\u00e4\u00e4n taimitoimituksen k\u00e4ynnistyv\u00e4t kasvien her\u00e4tty\u00e4 uuteen kasvuun talven j\u00e4ljilt\u00e4. Lajikevalikoimaan voit tutustua verkkokaupassamme. Taimiston myym\u00e4l\u00e4st\u00e4 voit my\u00f6s l\u00f6yt\u00e4\u00e4 pieni\u00e4 eri\u00e4 lajeja\/lajikkeita, joita ei verkkokaupastamme l\u00f6ydy.<!-- \/wp:post-content --><\/p>\n<p>\u00a0<\/p>\n<p><!-- wp:image {\"id\":34535,\"width\":\"450px\",\"height\":\"auto\",\"sizeSlug\":\"full\",\"linkDestination\":\"none\",\"align\":\"center\"} --><\/p>\n<p><!-- pihaty\u00f6, pihaty\u00f6t, puutarhasuunnitelma, pihasuunnitelma, piha suunnitelma, puutarha suunnitelma, pihasuunnittelu, piha suunnittelu, puutarhasuunnittelu, puutarha suunnittelu, viherrakentaminen, pensaiden leikkaus, puiden leikkaus, puutarha, puutarhanhoito, pihanhoito, pihan hoito, taimisto, perennataimisto, perenna, hunaja, perga, taimitarha --><\/p>\n\n<!-- wp:paragraph -->\n<p>Kulpan puutarhalla perennan taimet tuotetaan ymp\u00e4rist\u00f6\u00e4 kunnioittaen. Kasvualustana k\u00e4yt\u00e4mme ainoastaan luonnonmukaisia ja nopeasti uudistuvista raaka-aineista valmistettuja turpeettomia kasvualustoja. Kasvatuksessa k\u00e4yt\u00e4mme tarvittaessa vain luonnonmukaisia lis\u00e4lannoitteita emmek\u00e4 k\u00e4yt\u00e4 lainkaan kemiallisia torjunta-aineita, joten meilt\u00e4 hankitut perhos- tai mesikasvit ovat aidosti p\u00f6lytt\u00e4j\u00e4yst\u00e4v\u00e4llisi\u00e4. Tavoitteena on tuottaa ilmastossamme kest\u00e4vi\u00e4 ja kookkaita taimia niin tukkuasiakkaiden tarpeisiin kuin my\u00f6s kotipihoille. Tilauksesta voimme kasvattaa my\u00f6s hinnaston ulkopuolisia perennalajikkeita tai suurempia lajikekohtaisia m\u00e4\u00e4ri\u00e4 sopimuksen mukaan.<\/p>\n<!-- \/wp:paragraph -->\n\n<!-- wp:paragraph -->\n<p>Seuraathan uutisiamme my\u00f6s taimiston FB-sivulla!<\/p>\n<!-- \/wp:paragraph -->\n\n<!-- wp:image {\"id\":34535,\"width\":\"450px\",\"height\":\"auto\",\"sizeSlug\":\"full\",\"linkDestination\":\"none\",\"align\":\"center\"} -->\n<figure class=\"wp-block-image aligncenter size-full is-resized\"><img loading=\"lazy\" decoding=\"async\" width=\"720\" height=\"540\" src=\"https:\/\/www.kulpanpuutarha.fi\/wp-content\/uploads\/2025\/11\/Taimisto252.jpg\" alt=\"\" class=\"wp-image-34535\" style=\"width:450px;height:auto\" srcset=\"https:\/\/www.kulpanpuutarha.fi\/wp-content\/uploads\/2025\/11\/Taimisto252.jpg 720w, https:\/\/www.kulpanpuutarha.fi\/wp-content\/uploads\/2025\/11\/Taimisto252-300x225.jpg 300w, https:\/\/www.kulpanpuutarha.fi\/wp-content\/uploads\/2025\/11\/Taimisto252-416x312.jpg 416w\" sizes=\"auto, (max-width: 720px) 100vw, 720px\" \/><\/figure>\n<!-- \/wp:image -->\n\n<!-- wp:paragraph -->\n<p><\/p>\n<!-- \/wp:paragraph -->","protected":false},"excerpt":{"rendered":"<p>Taimiston myym\u00e4l\u00e4 on talvitauolla, avaamme taas kev\u00e4\u00e4ll\u00e4! Tukkuasiakas, kauden 2026 tukkuhinnastomme on ilmestynyt. Mik\u00e4li et viel\u00e4 ole saanut hinnastoa, niin laita viesti\u00e4 toimisto(at)kulpanpuutarha.fi, niin l\u00e4het\u00e4mme sen pikimmiten. Valikoimassamme on pitk\u00e4lti yli 400 eri perennalajiketta ja lis\u00e4n\u00e4 monivuotisten, ruohovartisten hy\u00f6tykasvien taimia. Kaikki myym\u00e4mme taimet ovat taimiston omaa tuotantoa. Taimistollamme perennat talvetetaan p\u00e4\u00e4osin ulkona avomaalla, joten valikoimissamme [&hellip;]<\/p>\n","protected":false},"author":2,"featured_media":0,"parent":0,"menu_order":0,"comment_status":"closed","ping_status":"closed","template":"","meta":{"footnotes":""},"class_list":["post-8","page","type-page","status-publish","hentry"],"_links":{"self":[{"href":"https:\/\/www.kulpanpuutarha.fi\/index.php?rest_route=\/wp\/v2\/pages\/8","targetHints":{"allow":["GET"]}}],"collection":[{"href":"https:\/\/www.kulpanpuutarha.fi\/index.php?rest_route=\/wp\/v2\/pages"}],"about":[{"href":"https:\/\/www.kulpanpuutarha.fi\/index.php?rest_route=\/wp\/v2\/types\/page"}],"author":[{"embeddable":true,"href":"https:\/\/www.kulpanpuutarha.fi\/index.php?rest_route=\/wp\/v2\/users\/2"}],"replies":[{"embeddable":true,"href":"https:\/\/www.kulpanpuutarha.fi\/index.php?rest_route=%2Fwp%2Fv2%2Fcomments&post=8"}],"version-history":[{"count":73,"href":"https:\/\/www.kulpanpuutarha.fi\/index.php?rest_route=\/wp\/v2\/pages\/8\/revisions"}],"predecessor-version":[{"id":34578,"href":"https:\/\/www.kulpanpuutarha.fi\/index.php?rest_route=\/wp\/v2\/pages\/8\/revisions\/34578"}],"wp:attachment":[{"href":"https:\/\/www.kulpanpuutarha.fi\/index.php?rest_route=%2Fwp%2Fv2%2Fmedia&parent=8"}],"curies":[{"name":"wp","href":"https:\/\/api.w.org\/{rel}","templated":true}]}}