{"id":335,"date":"2019-01-10T11:24:10","date_gmt":"2019-01-10T11:24:10","guid":{"rendered":"http:\/\/www.kulpanpuutarha.fi\/?page_id=335"},"modified":"2024-11-29T13:16:18","modified_gmt":"2024-11-29T11:16:18","slug":"tilaus-ja-toimitusehdot","status":"publish","type":"page","link":"https:\/\/www.kulpanpuutarha.fi\/?page_id=335","title":{"rendered":"Tilaus ja toimitusehdot &#038; Tietosuojaseloste"},"content":{"rendered":"<p><strong>VERKKOKAUPAN TILAUS- JA TOIMITUSEHDOT<\/strong><br \/>Voimassa 29.11.2024 alkaen.<br \/>Verkkokaupan tuotteita myy Kulpan puutarha, y-tunnus 2907644-7 (j\u00e4ljemp\u00e4n\u00e4 verkkokauppa).<br \/>N\u00e4m\u00e4 tilaus ja toimitusehdot koskevat yksityisasiakkaiden tekemi\u00e4 tilauksia. Verkkokauppa myy ja toimittaa tuotteita Manner-Suomeen.<\/p>\n<p><strong>Verkkokaupan yhteystiedot<\/strong><br \/>Postiosoite: Eprantie 42, 11710 Riihim\u00e4ki, Puhelin (050)4311945, s-posti toimisto@kulpanpuutarha.fi<\/p>\n<p><strong>Tuotteet ja tuotehinnat<\/strong><br \/>Verkkokaupan tuotteiden hinnat sis\u00e4lt\u00e4v\u00e4t arvonlis\u00e4veroa. Veroerittely n\u00e4kyy ostoskorissa ja tilausvahvistuksessa.<\/p>\n<p><strong>Maksaminen<\/strong><br \/>Verkkokaupan maksuv\u00e4litt\u00e4j\u00e4n\u00e4 toimii Visma Pay (Paybyway Oy, y-tunnus 2486559-4), joka on rekister\u00f6ity Finanssivalvonnan yll\u00e4pit\u00e4m\u00e4\u00e4n maksulaitosrekisteriin. Maksamiseen siirryt\u00e4\u00e4n Visma Payn verkkopalvelun kautta ja tiliotteella ja laskulla maksun saajana n\u00e4kyy Visma Pay tai Paybyway Oy. Visma Pay v\u00e4litt\u00e4\u00e4 maksut verkkokauppiaalle. Maksaminen on turvallista, sill\u00e4 kaikki maksutapahtumaa koskevat tiedot v\u00e4litet\u00e4\u00e4n salattua yhteytt\u00e4 k\u00e4ytt\u00e4en niin ettei kukaan ulkopuolinen taho n\u00e4e maksutapahtuman tietoja.<\/p>\n<p>Kauppa syntyy verkkokaupan asiakkaan ja verkkokaupan v\u00e4lille. Verkkokaupan vastuulla ovat kaikki kauppaan liittyv\u00e4t velvoitteet.<\/p>\n<p>Lue lis\u00e4\u00e4 Visma Paysta: https:\/\/www.vismapay.fi\/<\/p>\n<p><strong>Maksutavat<\/strong><\/p>\n<p>Visma Pay -palvelun kautta voit maksaa verkkopankkitunnuksilla, lompakolla, maksukorteilla (credit\/debit), laskulla tai osamaksulla. K\u00e4ytett\u00e4viss\u00e4 ovat seuraavat maksutavat: Osuuspankki, Nordea, Danske Bank, Oma S\u00e4\u00e4st\u00f6pankki, S\u00e4\u00e4st\u00f6pankki, Aktia, Paikallisosuuspankit, S-Pankki, Handelsbanken, \u00c5landsbanken, MobilePay, Masterpass, Pivo, Visa-, Visa Debit-, Visa Electron-, MasterCard- ja Debit MasterCard -kortit, sek\u00e4 Jousto, Alisa Lasku ja Alisa Yrityslasku.<\/p>\n<p>MobilePay: Voit maksaa MobilePay-lompakollasi mik\u00e4li olet sallinut verkkokaupoissa maksamisen sovelluksen asetuksista. MobilePay-lompakolla suoritetut maksut veloitetaan lompakkoon liitetylt\u00e4 maksukortilta. Mik\u00e4li maksun veloittaminen maksukortilta ep\u00e4onnistuu, MobilePay-lompakolla maksaminen ei ole mahdollista verkkokaupassa.<\/p>\n<p>Pivo: K\u00e4ytt\u00f6ehdot ovat tarjolla Pivon sivuilla: https:\/\/pivo.fi\/kayttoehdot\/pivon-kayttoehdot\/<\/p>\n<p>Jousto lasku ja osamaksu on kotimainen palvelu, jolla teet ostoksesi nopeasti ja turvallisesti. Jousto on tarkoitettu yksityishenkil\u00f6ille, jotka ovat hoitaneet raha-asiansa moitteettomasti. Joustolla saat 30 vuorokautta korotonta ja kulutonta maksuaikaa. Laskun saatuasi voit p\u00e4\u00e4tt\u00e4\u00e4 maksatko sen kokonaan vai osissa. Osamaksulla voit maksaa ostoksesi jopa 36:ssa er\u00e4ss\u00e4, alkaen 9,90 eur\/kk. Jousto osamaksun kustannukset ovat 3,90 eur\/kk ja 19,90%:n luottokorko. Voit maksaa Joustolla 30\u20133000 euron ostoksia. Luotonmy\u00f6nt\u00e4j\u00e4n\u00e4 toimii Aurajoki Nordic Oy. Lue lis\u00e4\u00e4 Joustosta osoitteessa www.jousto.com.<\/p>\n<p>OP Lasku &#8211; Joustava tapa maksaa verkko-ostokset. Kaikkien pankkien asiakkaille. OP Laskulla voit tehd\u00e4 enint\u00e4\u00e4n 5 000 euron suuruisia ostoksia ja maksaa ne korottomasti pois 45 vuorokauden sis\u00e4ll\u00e4. Halutessasi voit pilkkoa laskun useampaan maksuer\u00e4\u00e4n. Ostoksesi n\u00e4kyv\u00e4t yhdess\u00e4 paikassa, joten pysyt helposti perill\u00e4 rahan k\u00e4yt\u00f6st\u00e4. Luottorajan avulla pid\u00e4t kulutuksen haluamissasi rajoissa. Saat laskut k\u00e4tev\u00e4sti s\u00e4hk\u00f6postiisi. Verkkopalvelussamme n\u00e4et tietoja OP Laskun k\u00e4yt\u00f6st\u00e4si ja tekemiesi ostosten summan. Voit k\u00e4ytt\u00e4\u00e4 OP Laskua, jos olet maksukykyinen yli 20-vuotias, ja sinulla on suomalaisen pankin verkkotunnukset. Lis\u00e4tietoja OP Laskuun liittyen l\u00f6yd\u00e4t osoitteesta: https:\/\/www.op.fi\/henkiloasiakkaat\/paivittaiset\/maksaminen\/op-lasku<\/p>\n<p>Alisa Lasku on joustava ja turvallinen maksutapa. Maksutapa sopii kaikille yli 20-vuotiaille kuluttajille kaiken tyyppisiin ostoksiin. Halutessasi voit jakaa laskun pienempiin osiin ja maksaa takaisin jopa 60 er\u00e4ss\u00e4. Lis\u00e4tietoja Alisa Laskuun liittyen l\u00f6yd\u00e4t osoitteesta: https:\/\/www.alisapankki.fi\/<\/p>\n<p>Alisa Yrityslasku on joustava ja turvallinen maksutapa yrityksille. Maksutapa sopii kaikille suomalaisille yrityksille yhti\u00f6muodosta riippumatta. Ostajan osto-oikeus varmennetaan kokonaan digitaalisesti ja ostotapahtuma vie vain muutaman minuutin. Yritys voi itse valita sopivan maksuajan kolmesta eri vaihtoehdosta: 14 p\u00e4iv\u00e4\u00e4, 30 p\u00e4iv\u00e4\u00e4 tai 60 p\u00e4iv\u00e4\u00e4. Lis\u00e4tietoja Alisa Yrityslaskuun liittyen l\u00f6yd\u00e4t osoitteesta: https:\/\/www.alisapankki.fi\/<\/p>\n<p>Visma Pay -maksupalvelun yhteystiedot<\/p>\n<p>Visma Payments Oy (Y-tunnus 2486559-4)<br \/>S\u00e4hk\u00f6posti: helpdesk@vismapay.com<br \/>Puhelin: 09 315 42 037 (arkisin klo 9-16)<br \/>Postiosoite: Brahenkatu 4, 53100 Lappeenranta<\/p>\n<p><strong>Tilaaminen<\/strong><br \/>Tilattavat tuotteet valitaan kotisivuilla lis\u00e4\u00e4m\u00e4ll\u00e4 ne ostoskoriin. Tilaus l\u00e4hetet\u00e4\u00e4n maksamalla ostoskorin sis\u00e4lt\u00f6 verkkokaupan kassatoiminnossa. Tehdess\u00e4si tilauksen hyv\u00e4ksyt n\u00e4m\u00e4 toimitusehdot, tuotteiden hinnat sek\u00e4 toimituskulut. Mik\u00e4li tilaushetkell\u00e4 annetaan s\u00e4hk\u00f6postiosoite, tilauksesta l\u00e4hetet\u00e4\u00e4n tilausvahvistus s\u00e4hk\u00f6postitse. Tilausvahvistuksesta ilmenev\u00e4t tilatut tuotteet sek\u00e4 hinta.<\/p>\n<p>Voit tehd\u00e4 tilauksia verkkokaupastamme ymp\u00e4ri vuoden. Kasvukauden ulkopuolella (loka-huhtikuu) tehtyjen taimia sis\u00e4lt\u00e4vien tilauksien toimitukset aloitetaan kev\u00e4\u00e4ll\u00e4 uuden kasvukauden alettua (noin viikoilta 19-20 eteenp\u00e4in kev\u00e4\u00e4st\u00e4 riippuen).\u00a0<\/p>\n<p>Taimia per lajike sek\u00e4 muita verkkokaupan tuotteita on rajoitettu m\u00e4\u00e4r\u00e4. Force majour -esteet (esim. s\u00e4\u00e4olosuhteet, talvehtimisvauriot) voivat rajoittaa joidenkin lajikkeiden saatavuutta.<\/p>\n<p>Tilaamalla tuotteita verkkokaupastamme asiakas antaa luvan tietojensa tallentamiseen Kulpan puutarhan asiakasrekisteriin. Asiakasrekisterin asiakastietoja k\u00e4ytet\u00e4\u00e4n tilausten asianmukaiseen k\u00e4sittelyyn ja toimitukseen.<\/p>\n<p><strong>Toimitukset ja toimitusmaksut<\/strong><br \/>Taimitoimituksia tehd\u00e4\u00e4n vain kasvukaudella (touko-syyskuu). Kaikki toimittamamme taimet ovat astiataimia (v\u00e4himm\u00e4is ruukkukoko mainittu kunkin kasvin tiedoissa) ja takaamme, ett\u00e4 kaikki taimet ovat toimitushetkell\u00e4 elinvoimaisia ja toimitusajankohtaan suhteutettuna hyv\u00e4ss\u00e4 kasvussa. Lepotilaisia kasveja emme toimita.<\/p>\n<p>Tilattujen tuotteiden toimitustapa valitaan kassalla. Tuotteita (mm. kaikki taimet, puutarhakalusteet, kasvualustat), joilla verkkokaupassa on asetettu mahdolliseksi toimitustavaksi vain NOUTO, emme l\u00e4het\u00e4, vaan tilaus on aina noudettava taimiston myym\u00e4l\u00e4st\u00e4.\u00a0<br \/>Tilaukset, joille toimitustavaksi on valittu &#8217;L\u00e4hetys pakettina&#8217; toimitetaan toimituksen koosta riippuen p\u00e4\u00e4s\u00e4\u00e4nt\u00f6isesti Matkahuollon kautta l\u00e4himp\u00e4\u00e4n Matkahuollon asiamies- tai noutopisteeseen.\u00a0<\/p>\n<p>Pakkaus ja toimituskuluja laskutamme &#8217;L\u00e4hetys pakettina&#8217; -toimituksista 19,90 eur (sis. alv 25,5%) per tilaus tilausm\u00e4\u00e4r\u00e4st\u00e4 riippumatta. Toimitustavaksi on mahdollista valita my\u00f6s &#8217;Kotiinkuljetus&#8217;, jolloin pakkaus- ja toimituskuluja veloitetaan 25,90 eur (sis.alv 25,5%). Pelk\u00e4st\u00e4\u00e4n lahjakorttia tilattaessa postituskulu on 2,90 eur (sis. alv 25,5%). S\u00e4hk\u00f6isen lahjakortin tilauksesta ei postituskuluja veloiteta.<\/p>\n<p>Suurissa taimitilauksissa (taimia &gt;90) voidaan erikseen sopia taimien toimituksesta lavarahtina suoraan toimitusosoitteeseen. Rahtikustannukset laskutetaan t\u00e4ll\u00f6in erikseen asiakkaalta.\u00a0<\/p>\n<p>Tilaukset toimitetaan tilausj\u00e4rjestyksess\u00e4. Toimitusaika on kasvukaudella noin 2-7 vrk, touko-kes\u00e4kuussa toimitusaika voi ruuhkasta johtuen kuitenkin veny\u00e4.\u00a0 Viikon loppuun menness\u00e4 tehdyt ja maksetut tilaukset pyrimme ker\u00e4\u00e4m\u00e4\u00e4n noudettavaksi heti alkavan viikon alussa, mutta kev\u00e4tkaudella toimitukset voivat ruuhkautua ja toimitus siirty\u00e4 viikolla-kahdella eteenp\u00e4in. Mik\u00e4li et voi noutaa tilausta jonain tiettyn\u00e4 viikkona\/viikkoina, ilmoitathan siit\u00e4 tilauksen kommentti -kent\u00e4ss\u00e4 tai hyviss\u00e4 ajoin s\u00e4hk\u00f6postiimme toimisto@kulpanpuutarha.fi.<br \/>Jos joku tilauksen sis\u00e4lt\u00e4mist\u00e4 tuotteista on jostain syyst\u00e4 p\u00e4\u00e4ssyt loppumaan, otamme yhteytt\u00e4 ennen tilauksen ker\u00e4\u00e4mist\u00e4 s\u00e4hk\u00f6postitse tai puhelimitse ja sovimme korvaavasta tuotteesta tai maksun palauttamisesta tilille.<\/p>\n<p>Kun toimitustavaksi on valittu \u2019NOUTO\u2019, pakkaus- ja toimituskuluja ei veloiteta. NOUTO-tilauksissa ilmoitamme tilaajalle s\u00e4hk\u00f6postitse tai tekstiviestill\u00e4, kun tilaus on noudettavissa taimistoltamme. Kasvukauden ulkopuolella tehtyjen taimitilausten pakkaaminen aloitetaan noin viikoilta 19-20 eteenp\u00e4in (kev\u00e4\u00e4n s\u00e4ist\u00e4 riippuen). Ilmoitamme tilaajalle tekstiviestill\u00e4, kun tilaus on valmis noudettavaksi. Kasvukauden aikana tehdyt tilaukset ovat noudettavissa noin 1-3 vrk:n kuluessa tilauksesta. NOUTO-tilaukset on noudettava 14 vrk:n kuluessa siit\u00e4, kun tilaaja on vastaanottanut tiedon, ett\u00e4 tilaus on noudettavissa (ellei toisin olla tilaajan kanssa sovittu). Mik\u00e4li nouto venyy tilaajasta riippuvasta syyst\u00e4 yli 14 vrk p\u00e4\u00e4h\u00e4n tilauksen valmistumisesta, pid\u00e4t\u00e4mme oikeuden veloittaa taimien varastointi- ja hoitokuluja yli menev\u00e4lt\u00e4 ajalta.\u00a0<\/p>\n<p>Mik\u00e4li tilaus sis\u00e4lt\u00e4\u00e4 vain tarvikkeita (esim. ruukut, lannoitteet, lahjakortit), toimituksia tehd\u00e4\u00e4n ymp\u00e4ri vuoden ja toimitusaika on noin 1-7 vrk tilauksesta (poikkeuksena tilaustuotteet).<\/p>\n<p><strong>Reklamaatiot<\/strong><br \/>Kaikki toimitettavat taimet ovat taimistoltamme l\u00e4htiess\u00e4\u00e4n elinvoimaisia ja hyv\u00e4ss\u00e4 kasvussa (kasvukauden ajankohta huomioiden). Jos tilaajalla on kuitenkin huomautettavaa, mahdolliset taimia koskevat reklamaatiot on teht\u00e4v\u00e4 3 vrk kuluessa tilauksen vastaanottamisesta. Mik\u00e4li toimitettu tuote on v\u00e4\u00e4r\u00e4 (muuta kuin tilauksessa), se voidaan vaihtaa oikeaan ilman kustannuksia. Vaihdosta\/palautuksesta on aina sovittava kanssamme ennakkoon (toimisto(at)kulpanpuutarha.fi tai puh. 050-4311945). Vastuumme virheellisest\u00e4 tuotteesta rajoittuu enimmill\u00e4\u00e4n asiakkaan tuotteesta maksamaan kauppahintaan.<\/p>\n<p><strong>Palautukset<\/strong><br \/>Verkkokaupan kautta tilatuilla tuotteilla on 14 vrk:n palautusoikeus. Palautuskustannukset j\u00e4\u00e4v\u00e4t tilaajan vastuulle. Palautuksista on aina sovittava ennakkoon joko s\u00e4hk\u00f6postitse toimisto(at)kulpanpuutarha.fi tai puhelimitse 050-4311945 niin annamme ohjeet palautukselle. Tuotetta palauttaessaan asikas sitoutuu noudattamaan verkkokaupan antamia palautusohjeita. Palautettavan tuotteen on oltava samassa kunnossa kuin se on toimitettu, k\u00e4ytt\u00e4m\u00e4t\u00f6n, alkuper\u00e4isess\u00e4 pakkauksessa ja myyntikuntoinen. Taimia palautettaessa asiakas sitoutuu hoitamaan taimia palautukseen asti niin, ettei taimien laatu k\u00e4rsi.\u00a0 Myyntikuntoisen tuotteen palautuksen yhteydess\u00e4 hyvit\u00e4mme tuotteen hinnan, palautuskustannukset j\u00e4\u00e4v\u00e4t asiakkaan vastuulle.<\/p>\n<p>Mik\u00e4li asiakas j\u00e4tt\u00e4\u00e4 tilauksensa noutamatta ja tilaus palautuu taimistolle, tulkitaan t\u00e4m\u00e4 palautukseksi, jolloin palautuskustannuksista vastaa asiakas.<\/p>\n<p><strong>MUUTA HUOMIOITAVAA<\/strong><br \/><em>Huomaathan, ett\u00e4 kasvit tai kasvinosat joita ei ole tarkoitettu sy\u00f6t\u00e4viksi voivat olla myrkyllisi\u00e4! <\/em><\/p>\n<p><em>Perennan taimet eiv\u00e4t v\u00e4ltt\u00e4m\u00e4tt\u00e4 kuki ensimm\u00e4isen\u00e4 kes\u00e4n\u00e4, vaan vaativat kasvurauhaa uudessa paikassa alkaaksen kukinnan.<\/em><\/p>\n<p>\u00a0<\/p>\n<p><strong>KULPAN PUUTARHAN ASIAKASREKISTERIN TIETOSUOJASELOSTE<\/strong><br \/>P\u00e4ivitetty 29.11.2022<\/p>\n<p><strong>Rekisterinpit\u00e4j\u00e4<\/strong><br \/>Kulpan puutarha (Y-tunnus 2907644-7)<br \/>Osoite Eprantie 42, 11710 Riihim\u00e4ki<\/p>\n<p><strong>Rekisterist\u00e4 vastaava yhteyshenkil\u00f6 &amp; tietosuojavastaava<\/strong><br \/>Mari Talja, puh. 050-4311945, s-posti toimisto@kulpanpuutarha.fi<\/p>\n<p><strong>Rekisterin nimi<\/strong><br \/>Kulpan puutarhan asiakasrekisteri<\/p>\n<p><strong>Rekisterin pit\u00e4misen peruste<\/strong><br \/>Henkil\u00f6tietoja k\u00e4sitell\u00e4\u00e4n tarkoituksissa, jotka liittyv\u00e4t tuotteiden ja palvelujen tarjoamiseen, toimittamiseen ja laskutukseen sek\u00e4 asiakassuhteen hallinnointiin ja kehitt\u00e4miseen. Henkil\u00f6tietoja k\u00e4sitell\u00e4\u00e4n my\u00f6s mahdollisten reklamaatioiden ja muiden vaatimusten selvitt\u00e4misen edellytt\u00e4miss\u00e4 tarkoituksissa.<\/p>\n<p><strong>Rekisterin sis\u00e4lt\u00e4m\u00e4t tiedot<\/strong><br \/>\u2013 Asiakkaan nimi ja yhteystiedot (osoite, s\u00e4hk\u00f6postiosoite, puhelinnumero)<br \/>\u2013 Asiakkaan k\u00e4ytt\u00e4j\u00e4tunnus<br \/>\u2013 Tilauksiin ja tilaushistoriaan liittyv\u00e4t tiedot<br \/>\u2013 Asiakkaan ilmoittamat asiakassuhteen hoitoon ja\/tai markkinointiin liittyv\u00e4t tiedot<br \/>Yll\u00e4 luetellut tiedot muodostavat asiakasrekisterin enimm\u00e4islaajuuden. Rekisterinpit\u00e4j\u00e4 varaa oikeuden ker\u00e4t\u00e4 ja\/tai s\u00e4ilytt\u00e4\u00e4 kustakin rekisteriin kuuluvasta henkil\u00f6st\u00e4 kaikki tai vain osan yll\u00e4 listatuista tiedoista rekisteriss\u00e4\u00e4n.<\/p>\n<p><strong>Rekisterin s\u00e4\u00e4nn\u00f6nmukaiset tietol\u00e4hteet<\/strong><br \/>Ker\u00e4tyt henkil\u00f6tiedot ovat asiakkaan itsens\u00e4 tilauksen yhteydess\u00e4 antamia tietoja.<\/p>\n<p><strong>Tietojen luovutus<\/strong><br \/>Tietoja ei luovuteta s\u00e4\u00e4nn\u00f6nmukaisesti muille tahoille. Rekisterin k\u00e4ytt\u00f6tarkoituksen mukaisten teht\u00e4vien hoitoon voidaan k\u00e4ytt\u00e4\u00e4 alihankkijoita ja tietoja voidaan siirt\u00e4\u00e4 EU-\/ETA-alueen ulkopuolelle, jos se on palvelun toteuttamisen vuoksi tarpeellista.<\/p>\n<p><strong>Rekisterin suojaus<\/strong><br \/>S\u00e4hk\u00f6iset tiedot on suojattu k\u00e4ytt\u00e4j\u00e4tunnuksin ja salasanoin. Tietojen k\u00e4ytt\u00f6oikeus on vain niill\u00e4 rekisterinpit\u00e4j\u00e4n palveluksessa olevilla henkil\u00f6ill\u00e4, jotka tarvitsevat tietoja teht\u00e4viss\u00e4\u00e4n.<\/p>\n<p><strong>Rekisterin tietojen s\u00e4ilytysaika<\/strong><br \/>Rekisterinpit\u00e4j\u00e4 s\u00e4ilytt\u00e4\u00e4 tietoja ainoastaan niin kauan ja siin\u00e4 laajuudessa kuin on tarpeellista niihin tarkoituksiin, joihin henkil\u00f6tiedot on ker\u00e4tty.<\/p>\n<p><strong>Ev\u00e4steiden (cookies) k\u00e4ytt\u00f6<\/strong> <br \/>K\u00e4yt\u00e4mme sivuillamme ns. cookie-toimintoa eli ev\u00e4steit\u00e4. Ev\u00e4ste on pieni, k\u00e4ytt\u00e4j\u00e4n tietokoneelle l\u00e4hetett\u00e4v\u00e4 ja siell\u00e4 s\u00e4ilytett\u00e4v\u00e4 tekstitiedosto, joka mahdollistaa internet-sivujen yll\u00e4pit\u00e4j\u00e4n tunnistamaan usein sivuilla vierailevat k\u00e4vij\u00e4t, helpottamaan k\u00e4vij\u00f6iden kirjautumista sivuille sek\u00e4 mahdollistamaan yhdistelm\u00e4tiedon laatimisen k\u00e4vij\u00f6ist\u00e4. T\u00e4m\u00e4n palautteen avulla pystymme jatkuvasti parantamaan sivujemme sis\u00e4lt\u00f6\u00e4. Ev\u00e4steet eiv\u00e4t vahingoita k\u00e4ytt\u00e4jien tietokoneita tai tiedostoja. K\u00e4yt\u00e4mme niit\u00e4 siten, ett\u00e4 voimme tarjota asiakkaillemme kunkin yksil\u00f6ityjen tarpeiden mukaisia tietoja ja palveluita.<\/p>\n<p>Mik\u00e4li sivuillamme vieraileva k\u00e4ytt\u00e4j\u00e4 ei halua meid\u00e4n saavan edell\u00e4 mainittuja tietoja ev\u00e4steiden avulla, useimmat selainohjelmat mahdollistavat ev\u00e4ste-toiminnon poiskytkemisen. T\u00e4m\u00e4 tapahtuu yleens\u00e4 selaimen asetuksien kautta.<br \/>On kuitenkin hyv\u00e4 ottaa huomioon se, ett\u00e4 ev\u00e4steet voivat olla tarpeellisia joidenkin yll\u00e4pit\u00e4miemme sivujen ja tarjoamiemme palveluiden asianmukaiselle toimimiselle.<\/p>\n<p><strong>Tarkastusoikeus<\/strong><br \/>Henkil\u00f6tietolain 26. \u00a7:n mukaisesti asiakkaalla on oikeus tarkastaa mit\u00e4 h\u00e4nt\u00e4 koskevia tietoja rekisteriin on tallennettu ja vaatia mahdollisen virheellisen tiedon korjaamista tai puutteellisen tiedon t\u00e4ydent\u00e4mist\u00e4. Rekisteriss\u00e4 olevalla henkil\u00f6ll\u00e4 on my\u00f6s oikeus pyyt\u00e4\u00e4 h\u00e4nt\u00e4 koskevien henkil\u00f6tietojen poistamista rekisterist\u00e4 (&#8221;oikeus tulla unohdetuksi&#8221;). Niin ik\u00e4\u00e4n rekister\u00f6idyill\u00e4 on muut EU:n yleisen tietosuoja-asetuksen mukaiset oikeudet kuten henkil\u00f6tietojen k\u00e4sittelyn rajoittaminen tietyiss\u00e4 tilanteissa. Kaikki edell\u00e4 mainitut pyynn\u00f6t tulee l\u00e4hett\u00e4\u00e4 kirjallisesti ja allekirjoitettuna rekisterinpit\u00e4j\u00e4lle. Rekisterinpit\u00e4j\u00e4 voi pyyt\u00e4\u00e4 tarvittaessa pyynn\u00f6n esitt\u00e4j\u00e4\u00e4 todistamaan henkil\u00f6llisyytens\u00e4. Rekisterinpit\u00e4j\u00e4 vastaa asiakkaalle EU:n tietosuoja-asetuksessa s\u00e4\u00e4detyss\u00e4 ajassa (p\u00e4\u00e4s\u00e4\u00e4nt\u00f6isesti kuukauden kuluessa).<\/p>\n<p>\u00a0<\/p>\n\n\n<p><\/p>\n","protected":false},"excerpt":{"rendered":"<p>VERKKOKAUPAN TILAUS- JA TOIMITUSEHDOTVoimassa 29.11.2024 alkaen.Verkkokaupan tuotteita myy Kulpan puutarha, y-tunnus 2907644-7 (j\u00e4ljemp\u00e4n\u00e4 verkkokauppa).N\u00e4m\u00e4 tilaus ja toimitusehdot koskevat yksityisasiakkaiden tekemi\u00e4 tilauksia. Verkkokauppa myy ja toimittaa tuotteita Manner-Suomeen. Verkkokaupan yhteystiedotPostiosoite: Eprantie 42, 11710 Riihim\u00e4ki, Puhelin (050)4311945, s-posti toimisto@kulpanpuutarha.fi Tuotteet ja tuotehinnatVerkkokaupan tuotteiden hinnat sis\u00e4lt\u00e4v\u00e4t arvonlis\u00e4veroa. Veroerittely n\u00e4kyy ostoskorissa ja tilausvahvistuksessa. MaksaminenVerkkokaupan maksuv\u00e4litt\u00e4j\u00e4n\u00e4 toimii Visma Pay (Paybyway [&hellip;]<\/p>\n","protected":false},"author":3,"featured_media":0,"parent":8,"menu_order":0,"comment_status":"closed","ping_status":"closed","template":"","meta":{"footnotes":""},"class_list":["post-335","page","type-page","status-publish","hentry"],"_links":{"self":[{"href":"https:\/\/www.kulpanpuutarha.fi\/index.php?rest_route=\/wp\/v2\/pages\/335","targetHints":{"allow":["GET"]}}],"collection":[{"href":"https:\/\/www.kulpanpuutarha.fi\/index.php?rest_route=\/wp\/v2\/pages"}],"about":[{"href":"https:\/\/www.kulpanpuutarha.fi\/index.php?rest_route=\/wp\/v2\/types\/page"}],"author":[{"embeddable":true,"href":"https:\/\/www.kulpanpuutarha.fi\/index.php?rest_route=\/wp\/v2\/users\/3"}],"replies":[{"embeddable":true,"href":"https:\/\/www.kulpanpuutarha.fi\/index.php?rest_route=%2Fwp%2Fv2%2Fcomments&post=335"}],"version-history":[{"count":17,"href":"https:\/\/www.kulpanpuutarha.fi\/index.php?rest_route=\/wp\/v2\/pages\/335\/revisions"}],"predecessor-version":[{"id":34136,"href":"https:\/\/www.kulpanpuutarha.fi\/index.php?rest_route=\/wp\/v2\/pages\/335\/revisions\/34136"}],"up":[{"embeddable":true,"href":"https:\/\/www.kulpanpuutarha.fi\/index.php?rest_route=\/wp\/v2\/pages\/8"}],"wp:attachment":[{"href":"https:\/\/www.kulpanpuutarha.fi\/index.php?rest_route=%2Fwp%2Fv2%2Fmedia&parent=335"}],"curies":[{"name":"wp","href":"https:\/\/api.w.org\/{rel}","templated":true}]}}