{"id":33240,"date":"2022-11-29T11:26:47","date_gmt":"2022-11-29T09:26:47","guid":{"rendered":"http:\/\/www.kulpanpuutarha.fi\/?page_id=33240"},"modified":"2022-11-29T11:26:47","modified_gmt":"2022-11-29T09:26:47","slug":"tietosuojalausunto-eu","status":"publish","type":"page","link":"https:\/\/www.kulpanpuutarha.fi\/?page_id=33240","title":{"rendered":"Tietosuojalausunto (EU)"},"content":{"rendered":"\n<!-- Legal document generated by Complianz | GDPR\/CCPA Cookie Consent https:\/\/wordpress.org\/plugins\/complianz-gdpr -->\n<div id=\"cmplz-document\" class=\"cmplz-document privacy-statement cmplz-document-eu\"><p><i>T\u00e4m\u00e4 tietosuojaseloste p\u00e4ivitettiin viimeksi marraskuu 29, 2022 ja koskee Euroopan talousalueen ja Sveitsin kansalaisia ja laillisia vakituisia asukkaita.<\/i><br \/><br \/><\/p><p><p>T\u00e4ss\u00e4 tietosuojaselosteessa selit\u00e4mme, mit\u00e4 teemme tiedoilla, jotka saamme sinusta <a href=\"https:\/\/www.kulpanpuutarha.fi\">https:\/\/www.kulpanpuutarha.fi<\/a>:n kautta. Suosittelemme, ett\u00e4 luet t\u00e4m\u00e4n lausunnon huolellisesti. K\u00e4sittelyss\u00e4mme noudatamme tietosuojalains\u00e4\u00e4d\u00e4nn\u00f6n vaatimuksia. Se tarkoittaa muun muassa sit\u00e4, ett\u00e4:<\/p><ul>\n                <li>kerromme selv\u00e4sti, mihin tarkoitukseen k\u00e4sittelemme henkil\u00f6tietoja. Teemme t\u00e4m\u00e4n t\u00e4m\u00e4n tietosuojaselosteen avulla;<\/li>\n                <li>pyrimme rajoittamaan henkil\u00f6tietojen ker\u00e4\u00e4misemme vain laillisiin tarkoituksiin tarvittaviin henkil\u00f6tietoihin;<\/li>\n                <li>pyyd\u00e4mme ensin nimenomaista suostumustasi henkil\u00f6tietojesi k\u00e4sittelyyn tapauksissa, jotka edellytt\u00e4v\u00e4t suostumustasi;<\/li>\n                <li>ryhdymme asianmukaisiin turvatoimiin henkil\u00f6tietojesi suojaamiseksi ja vaadimme t\u00e4t\u00e4 my\u00f6s osapuolilta, jotka k\u00e4sittelev\u00e4t henkil\u00f6tietoja puolestamme;<\/li>\n                <li>kunnioitamme oikeuttasi p\u00e4\u00e4st\u00e4 k\u00e4siksi henkil\u00f6tietoihisi tai saada ne korjattua tai poistettua pyynn\u00f6st\u00e4si.<\/li>\n            <\/ul><p>Jos sinulla on kysytt\u00e4v\u00e4\u00e4 tai haluat tiet\u00e4\u00e4 tarkalleen, mit\u00e4 tietoja s\u00e4ilyt\u00e4mme sinusta, ota meihin yhteytt\u00e4.<\/p><\/p><h2>1. Tarkoitus, tiedot ja s\u00e4ilytysaika<\/h2>Saatamme ker\u00e4t\u00e4 tai vastaanottaa henkil\u00f6tietoja useisiin liiketoimintaamme liittyviin tarkoituksiin, joita voivat olla seuraavat: (laajenna napsauttamalla)<details class=\"cmplz-dropdown dropdown-privacy-statement\"><summary><div><h3>1.1 Yhteydenotto &#8211; Puhelimen, postin, s\u00e4hk\u00f6postin ja\/tai verkkolomakkeiden kautta<\/h3><\/div><\/summary><p class=\"cmplz-subtitle\">T\u00e4t\u00e4 tarkoitusta varten k\u00e4yt\u00e4mme seuraavia tietoja:<\/p><p><ul><li>Etu- ja sukunimi<\/li><li>Koti- tai muu fyysinen osoite, mukaan lukien kadun nimi ja kaupungin nimi<\/li><li>S\u00e4hk\u00f6postiosoite<\/li><li>Puhelinnumero<\/li><li>Internet-toimintaa koskevat tiedot, mukaan lukien, mutta ei rajoittuen, selaushistoria, hakuhistoria ja tiedot kuluttajan vuorovaikutuksesta Internet-sivuston, -sovelluksen tai -mainoksen kanssa<\/li><li>Maantieteellinen sijaintitiedot<\/li><\/ul><\/p><p class=\"cmplz-subtitle\">Voimme k\u00e4sitell\u00e4 n\u00e4it\u00e4 tietoja:<\/p><p><a target=\"_blank\" rel=\"noopener noreferrer nofollow\" href=\"https:\/\/cookiedatabase.org\/legal-bases\/#obligation\">Lakis\u00e4\u00e4teisen velvoitteen noudattamiseksi.<\/a><\/p><p class=\"cmplz-subtitle\">S\u00e4ilytysaika<\/p><p>S\u00e4ilyt\u00e4mme n\u00e4it\u00e4 tietoja, kunnes palvelu lopetetaan.<\/p><\/details><details class=\"cmplz-dropdown dropdown-privacy-statement\"><summary><div><h3>1.2 Maksut<\/h3><\/div><\/summary><p class=\"cmplz-subtitle\">T\u00e4t\u00e4 tarkoitusta varten k\u00e4yt\u00e4mme seuraavia tietoja:<\/p><p><ul><li>Etu- ja sukunimi<\/li><li>Koti- tai muu fyysinen osoite, mukaan lukien kadun nimi ja kaupungin nimi<\/li><li>S\u00e4hk\u00f6postiosoite<\/li><li>Puhelinnumero<\/li><li>Internet-toimintaa koskevat tiedot, mukaan lukien, mutta ei rajoittuen, selaushistoria, hakuhistoria ja tiedot kuluttajan vuorovaikutuksesta Internet-sivuston, -sovelluksen tai -mainoksen kanssa<\/li><li>Maantieteellinen sijaintitiedot<\/li><\/ul><\/p><p class=\"cmplz-subtitle\">Voimme k\u00e4sitell\u00e4 n\u00e4it\u00e4 tietoja:<\/p><p><a target=\"_blank\" rel=\"noopener noreferrer nofollow\" href=\"https:\/\/cookiedatabase.org\/legal-bases\/#agreement\">Se on v\u00e4ltt\u00e4m\u00e4t\u00f6n sopimuksen tai sellaisen sopimuksen t\u00e4yt\u00e4nt\u00f6\u00f6npanoa varten, jossa rekister\u00f6ity on osapuolena.<\/a><\/p><p class=\"cmplz-subtitle\">S\u00e4ilytysaika<\/p><p>S\u00e4ilyt\u00e4mme n\u00e4it\u00e4 tietoja, kunnes palvelu lopetetaan.<\/p><\/details><details class=\"cmplz-dropdown dropdown-privacy-statement\"><summary><div><h3>1.3 Tukea palveluita tai tuotteita, joita asiakas haluaa ostaa tai on ostanut<\/h3><\/div><\/summary><p class=\"cmplz-subtitle\">T\u00e4t\u00e4 tarkoitusta varten k\u00e4yt\u00e4mme seuraavia tietoja:<\/p><p><ul><li>Etu- ja sukunimi<\/li><li>Koti- tai muu fyysinen osoite, mukaan lukien kadun nimi ja kaupungin nimi<\/li><li>S\u00e4hk\u00f6postiosoite<\/li><li>Puhelinnumero<\/li><li>Internet-toimintaa koskevat tiedot, mukaan lukien, mutta ei rajoittuen, selaushistoria, hakuhistoria ja tiedot kuluttajan vuorovaikutuksesta Internet-sivuston, -sovelluksen tai -mainoksen kanssa<\/li><li>Maantieteellinen sijaintitiedot<\/li><\/ul><\/p><p class=\"cmplz-subtitle\">Voimme k\u00e4sitell\u00e4 n\u00e4it\u00e4 tietoja:<\/p><p><a target=\"_blank\" rel=\"noopener noreferrer nofollow\" href=\"https:\/\/cookiedatabase.org\/legal-bases\/#obligation\">Lakis\u00e4\u00e4teisen velvoitteen noudattamiseksi.<\/a><\/p><p class=\"cmplz-subtitle\">S\u00e4ilytysaika<\/p><p>S\u00e4ilyt\u00e4mme n\u00e4it\u00e4 tietoja, kunnes palvelu lopetetaan.<\/p><\/details><details class=\"cmplz-dropdown dropdown-privacy-statement\"><summary><div><h3>1.4 Pysty\u00e4kseen noudattamaan lakis\u00e4\u00e4teisi\u00e4 velvoitteita<\/h3><\/div><\/summary><p class=\"cmplz-subtitle\">T\u00e4t\u00e4 tarkoitusta varten k\u00e4yt\u00e4mme seuraavia tietoja:<\/p><p><ul><li>Etu- ja sukunimi<\/li><li>Koti- tai muu fyysinen osoite, mukaan lukien kadun nimi ja kaupungin nimi<\/li><li>S\u00e4hk\u00f6postiosoite<\/li><li>Puhelinnumero<\/li><li>Internet-toimintaa koskevat tiedot, mukaan lukien, mutta ei rajoittuen, selaushistoria, hakuhistoria ja tiedot kuluttajan vuorovaikutuksesta Internet-sivuston, -sovelluksen tai -mainoksen kanssa<\/li><li>Maantieteellinen sijaintitiedot<\/li><\/ul><\/p><p class=\"cmplz-subtitle\">Voimme k\u00e4sitell\u00e4 n\u00e4it\u00e4 tietoja:<\/p><p><a target=\"_blank\" rel=\"noopener noreferrer nofollow\" href=\"https:\/\/cookiedatabase.org\/legal-bases\/#obligation\">Lakis\u00e4\u00e4teisen velvoitteen noudattamiseksi.<\/a><\/p><p class=\"cmplz-subtitle\">S\u00e4ilytysaika<\/p><p>S\u00e4ilyt\u00e4mme n\u00e4it\u00e4 tietoja, kunnes palvelu lopetetaan.<\/p><\/details><details class=\"cmplz-dropdown dropdown-privacy-statement\"><summary><div><h3>1.5 Tilastojen kokoaminen ja analysointi verkkosivujen parantamiseksi.<\/h3><\/div><\/summary><p class=\"cmplz-subtitle\">T\u00e4t\u00e4 tarkoitusta varten k\u00e4yt\u00e4mme seuraavia tietoja:<\/p><p><ul><li>Internet-toimintaa koskevat tiedot, mukaan lukien, mutta ei rajoittuen, selaushistoria, hakuhistoria ja tiedot kuluttajan vuorovaikutuksesta Internet-sivuston, -sovelluksen tai -mainoksen kanssa<\/li><li>Maantieteellinen sijaintitiedot<\/li><\/ul><\/p><p class=\"cmplz-subtitle\">Voimme k\u00e4sitell\u00e4 n\u00e4it\u00e4 tietoja:<\/p><p><a target=\"_blank\" rel=\"noopener noreferrer nofollow\" href=\"https:\/\/cookiedatabase.org\/legal-bases\/#obligation\">Lakis\u00e4\u00e4teisen velvoitteen noudattamiseksi.<\/a><\/p><p class=\"cmplz-subtitle\">S\u00e4ilytysaika<\/p><p>S\u00e4ilyt\u00e4mme n\u00e4it\u00e4 tietoja, kunnes palvelu lopetetaan.<\/p><\/details><details class=\"cmplz-dropdown dropdown-privacy-statement\"><summary><div><h3>1.6 Tietojen myyminen tai jakaminen kolmannen osapuolen kanssa<\/h3><\/div><\/summary><p class=\"cmplz-subtitle\">T\u00e4t\u00e4 tarkoitusta varten k\u00e4yt\u00e4mme seuraavia tietoja:<\/p><p><ul><li>Internet-toimintaa koskevat tiedot, mukaan lukien, mutta ei rajoittuen, selaushistoria, hakuhistoria ja tiedot kuluttajan vuorovaikutuksesta Internet-sivuston, -sovelluksen tai -mainoksen kanssa<\/li><li>Maantieteellinen sijaintitiedot<\/li><\/ul><\/p><p class=\"cmplz-subtitle\">Voimme k\u00e4sitell\u00e4 n\u00e4it\u00e4 tietoja:<\/p><p><a target=\"_blank\" rel=\"noopener noreferrer nofollow\" href=\"https:\/\/cookiedatabase.org\/legal-bases\/#obligation\">Lakis\u00e4\u00e4teisen velvoitteen noudattamiseksi.<\/a><\/p><p class=\"cmplz-subtitle\">S\u00e4ilytysaika<\/p><p>S\u00e4ilyt\u00e4mme n\u00e4it\u00e4 tietoja, kunnes palvelu lopetetaan.<\/p><\/details><details class=\"cmplz-dropdown dropdown-privacy-statement\"><summary><div><h3>1.7 Toimitukset<\/h3><\/div><\/summary><p class=\"cmplz-subtitle\">T\u00e4t\u00e4 tarkoitusta varten k\u00e4yt\u00e4mme seuraavia tietoja:<\/p><p><ul><li>Etu- ja sukunimi<\/li><li>Koti- tai muu fyysinen osoite, mukaan lukien kadun nimi ja kaupungin nimi<\/li><li>S\u00e4hk\u00f6postiosoite<\/li><li>Puhelinnumero<\/li><\/ul><\/p><p class=\"cmplz-subtitle\">Voimme k\u00e4sitell\u00e4 n\u00e4it\u00e4 tietoja:<\/p><p><a target=\"_blank\" rel=\"noopener noreferrer nofollow\" href=\"https:\/\/cookiedatabase.org\/legal-bases\/#agreement\">Se on v\u00e4ltt\u00e4m\u00e4t\u00f6n sopimuksen tai sellaisen sopimuksen t\u00e4yt\u00e4nt\u00f6\u00f6npanoa varten, jossa rekister\u00f6ity on osapuolena.<\/a><\/p><p class=\"cmplz-subtitle\">S\u00e4ilytysaika<\/p><p>S\u00e4ilyt\u00e4mme n\u00e4it\u00e4 tietoja, kunnes palvelu lopetetaan.<\/p><\/details><h2>2. Jakaminen muille osapuolille<\/h2><p>Jaamme tai luovutamme n\u00e4it\u00e4 tietoja k\u00e4sittelij\u00f6ille vain seuraaviin tarkoituksiin:<\/p><p class=\"cmplz-subtitle\">K\u00e4sittelij\u00e4t<\/p><p><b>Nimi:<\/b>&nbsp;<br \/>\n            <b>Maa:<\/b>&nbsp;<br \/>\n            <b>Tarkoitus:<\/b>&nbsp;<br \/>\n            <\/p><h2>3. Ev\u00e4steet<\/h2><p>Sivustomme k\u00e4ytt\u00e4\u00e4 ev\u00e4steit\u00e4. Lis\u00e4tietoja ev\u00e4steist\u00e4 on <a href=\"https:\/\/www.kulpanpuutarha.fi\/?page_id=33239\">Ev\u00e4stek\u00e4yt\u00e4nn\u00f6ss\u00e4mme<\/a>.&nbsp;<\/p><h2>4. Julkistamisk\u00e4yt\u00e4nn\u00f6t<\/h2><p><p>Luovutamme henkil\u00f6tietoja, jos meit\u00e4 vaaditaan lain tai tuomioistuimen m\u00e4\u00e4r\u00e4yksen nojalla, lainvalvontaviranomaisen vastauksena, muiden lain s\u00e4\u00e4nn\u00f6sten sallimissa rajoissa, tietojen antamiseksi tai yleiseen turvallisuuteen liittyv\u00e4n asian tutkimiseksi.<\/p><p>Jos verkkosivustomme tai organisaatiomme otetaan haltuun, myyd\u00e4\u00e4n tai osallistuu fuusioon tai yrityskauppaan, tietojasi voidaan luovuttaa neuvonantajillemme ja mahdollisille ostajille, ja ne luovutetaan uusille omistajille.<\/p><\/p><h2>5. Turvallisuus<\/h2><p>Olemme sitoutuneet henkil\u00f6tietojen turvallisuuteen. Ryhdymme asianmukaisiin turvatoimiin rajoittaaksemme henkil\u00f6tietojen v\u00e4\u00e4rink\u00e4ytt\u00f6\u00e4 ja luvatonta p\u00e4\u00e4sy\u00e4 niihin. N\u00e4in varmistetaan, ett\u00e4 vain tarpeelliset henkil\u00f6t p\u00e4\u00e4sev\u00e4t k\u00e4siksi tietoihisi, ett\u00e4 p\u00e4\u00e4sy tietoihin on suojattu ja ett\u00e4 turvatoimemme tarkistetaan s\u00e4\u00e4nn\u00f6llisesti.<\/p><h2>6. Kolmannen osapuolen verkkosivustot<\/h2><p>T\u00e4m\u00e4 tietosuojaseloste ei koske kolmansien osapuolten verkkosivustoja, jotka on yhdistetty verkkosivuillamme olevien linkkien kautta. Emme voi taata, ett\u00e4 n\u00e4m\u00e4 kolmannet osapuolet k\u00e4sittelev\u00e4t henkil\u00f6tietojasi luotettavalla tai turvallisella tavalla. Suosittelemme, ett\u00e4 luet n\u00e4iden verkkosivustojen tietosuojaselosteet ennen n\u00e4iden verkkosivustojen k\u00e4ytt\u00f6\u00e4.<\/p><h2>7. Muutokset t\u00e4h\u00e4n tietosuojaselosteeseen<\/h2><p>Pid\u00e4t\u00e4mme oikeuden tehd\u00e4 muutoksia t\u00e4h\u00e4n tietosuojaselosteeseen. On suositeltavaa tutustua t\u00e4h\u00e4n tietosuojaselosteeseen s\u00e4\u00e4nn\u00f6llisesti, jotta olet tietoinen muutoksista. Lis\u00e4ksi tiedotamme aktiivisesti mahdollisuuksien mukaan.<\/p><h2>8. Tietojesi k\u00e4ytt\u00f6 ja muokkaaminen<\/h2><p>Jos sinulla on kysytt\u00e4v\u00e4\u00e4 tai haluat tiet\u00e4\u00e4, mit\u00e4 henkil\u00f6tietoja meill\u00e4 on sinusta, ota meihin yhteytt\u00e4. Voit ottaa meihin yhteytt\u00e4 k\u00e4ytt\u00e4m\u00e4ll\u00e4 alla olevia tietoja. Sinulla on seuraavat oikeudet:<\/p><ul>\n                <li>Sinulla on oikeus tiet\u00e4\u00e4, miksi henkil\u00f6tietojasi tarvitaan, mit\u00e4 niille tapahtuu ja kuinka kauan niit\u00e4 s\u00e4ilytet\u00e4\u00e4n.<\/li>\n                <li>P\u00e4\u00e4syoikeus: Sinulla on oikeus p\u00e4\u00e4st\u00e4 k\u00e4siksi tietoihisi, jotka ovat tiedossamme.<\/li>\n                <li>Oikeus oikaisuun: Sinulla on oikeus t\u00e4ydent\u00e4\u00e4, korjata, poistaa tai est\u00e4\u00e4 henkil\u00f6tietojasi milloin tahansa.<\/li>\n                <li>Jos annat meille suostumuksesi tietojesi k\u00e4sittelyyn, sinulla on oikeus peruuttaa suostumuksesi ja pyyt\u00e4\u00e4 henkil\u00f6tietosi poistamista.<\/li>\n                <li>Oikeus siirt\u00e4\u00e4 tietojasi: Sinulla on oikeus pyyt\u00e4\u00e4 kaikki henkil\u00f6tietosi rekisterinpit\u00e4j\u00e4lt\u00e4 ja siirt\u00e4\u00e4 ne kokonaisuudessaan toiselle rekisterinpit\u00e4j\u00e4lle.<\/li>\n                <li>Oikeus vastustaa: voit vastustaa tietojesi k\u00e4sittely\u00e4. Noudatamme t\u00e4t\u00e4, ellei k\u00e4sittelyyn ole perusteltua syyt\u00e4.<\/li>\n            <\/ul><p>Muista aina ilmoittaa selv\u00e4sti, kuka olet, jotta voimme olla varmoja, ettemme muokkaa tai poista v\u00e4\u00e4r\u00e4n henkil\u00f6n tietoja.<\/p><h2>9. Valituksen l\u00e4hett\u00e4minen<\/h2><p>Jos et ole tyytyv\u00e4inen tapaan, jolla k\u00e4sittelemme (valituksen) henkil\u00f6tietojesi k\u00e4sittely\u00e4, sinulla on oikeus tehd\u00e4 valitus tietosuojaviranomaiselle.<\/p><h2>10. Tietosuojavastaava<\/h2><p>Tietosuojavastaavamme on rekister\u00f6ity EU:n j\u00e4senvaltion tietosuojaviranomaiselle. Jos sinulla on t\u00e4h\u00e4n tietosuojaselosteeseen tai tietosuojavastaavaan liittyvi\u00e4 kysymyksi\u00e4 tai pyynt\u00f6j\u00e4, voit ottaa yhteytt\u00e4 Mari Talja:iin, www.kulpanpuutarha.fi tai toimisto@kulpanpuutarha.fi tai puhelimitse numeroon +358504311945<\/p><h2>11. Yhteystiedot<\/h2><p>Kulpan puutarha<br \/>\n        Eprantie 42, 11710 Riihim\u00e4ki<br \/>\n        Suomi<br \/>\n        Verkkosivusto: <a href=\"https:\/\/www.kulpanpuutarha.fi\">https:\/\/www.kulpanpuutarha.fi<\/a> <br \/>\n        S\u00e4hk\u00f6posti: <span class=\"cmplz-obfuscate\">toimist&#111;@<span class=\"cmplz-fmail-domain\">e&#120;.co&#109;<\/span>&#107;&#117;l&#112;a&#110;&#112;uuta&#114;h&#097;.f&#105;<\/span> <br \/>\n        Puhelinnumero: +358504311945<\/p><h2>12. Tietopyynn\u00f6t<\/h2><p>Tarjoamme sinulle my\u00f6s mahdollisuuden k\u00e4ytt\u00e4\u00e4 tietopyynt\u00f6lomakettamme yleisimmin esitettyjen pyynt\u00f6jen osalta.<br \/>\t\t\t<div class=\"cmplz-datarequest cmplz-alert\">\n\t\t\t\t<span class=\"cmplz-close\">&times;<\/span>\n\t\t\t\t<span id=\"cmplz-message\"><\/span>\n\t\t\t<\/div>\n\t\t\t<form id=\"cmplz-datarequest-form\">\n\t\t\t\t<input type=\"hidden\" required value=\"eu\" name=\"cmplz_datarequest_region\" id=\"cmplz_datarequest_region\" >\n\n\t\t\t\t<label for=\"cmplz_datarequest_firstname\" class=\"cmplz-first-name\">Nimi\t\t\t\t\t<input type=\"search\" class=\"datarequest-firstname\" value=\"\" placeholder=\"your first name\" id=\"cmplz_datarequest_firstname\" name=\"cmplz_datarequest_firstname\" >\n\t\t\t\t<\/label>\n\t\t\t\t<div>\n\t\t\t\t\t<label for=\"cmplz_datarequest_name\">Nimi<\/label>\n\t\t\t\t\t<input type=\"text\" required value=\"\" placeholder=\"Sinun nimesi\" id=\"cmplz_datarequest_name\" name=\"cmplz_datarequest_name\">\n\t\t\t\t<\/div>\n\t\t\t\t<div>\n\t\t\t\t\t<label for=\"cmplz_datarequest_email\">S\u00e4hk\u00f6posti<\/label>\n\t\t\t\t\t<input type=\"email\" required value=\"\" placeholder=\"email@email.com\" id=\"cmplz_datarequest_email\" name=\"cmplz_datarequest_email\">\n\t\t\t\t<\/div>\n\t\t\t\t\t\t\t\t\t\t<div class=\"cmplz_datarequest cmplz_datarequest_request_for_access\">\n\t\t\t\t\t\t\t<label for=\"cmplz_datarequest_request_for_access\">\n\t\t\t\t\t\t\t\t<input type=\"checkbox\" value=\"1\" name=\"cmplz_datarequest_request_for_access\" id=\"cmplz_datarequest_request_for_access\"\/>\n\t\t\t\t\t\t\t\tL\u00e4het\u00e4 pyynt\u00f6 saada tutustua sinua koskettaviin tietoihin.\t\t\t\t\t\t\t<\/label>\n\t\t\t\t\t\t<\/div>\n\t\t\t\t\t\t\t\t\t\t<div class=\"cmplz_datarequest cmplz_datarequest_right_to_be_forgotten\">\n\t\t\t\t\t\t\t<label for=\"cmplz_datarequest_right_to_be_forgotten\">\n\t\t\t\t\t\t\t\t<input type=\"checkbox\" value=\"1\" name=\"cmplz_datarequest_right_to_be_forgotten\" id=\"cmplz_datarequest_right_to_be_forgotten\"\/>\n\t\t\t\t\t\t\t\tPyyd\u00e4 tietojen poistamista, jos ne eiv\u00e4t ole en\u00e4\u00e4 merkityksellisi\u00e4.\t\t\t\t\t\t\t<\/label>\n\t\t\t\t\t\t<\/div>\n\t\t\t\t\t\t\t\t\t\t<div class=\"cmplz_datarequest cmplz_datarequest_right_to_data_portability\">\n\t\t\t\t\t\t\t<label for=\"cmplz_datarequest_right_to_data_portability\">\n\t\t\t\t\t\t\t\t<input type=\"checkbox\" value=\"1\" name=\"cmplz_datarequest_right_to_data_portability\" id=\"cmplz_datarequest_right_to_data_portability\"\/>\n\t\t\t\t\t\t\t\tL\u00e4het\u00e4 pyynt\u00f6 vastaanottaaksesi vientitiedoston sinusta k\u00e4sitellyist\u00e4 tiedoista.\t\t\t\t\t\t\t<\/label>\n\t\t\t\t\t\t<\/div>\n\t\t\t\t\t\t\t\t<input type=\"button\" id=\"cmplz-datarequest-submit\"  value=\"L\u00e4hett\u00e4\u00e4\">\n\t\t\t<\/form>\n\n\t\t\t<style>\n\t\t\t\t\/* first-name is honeypot *\/\n\t\t\t\t.cmplz-first-name {\n\t\t\t\t\tposition: absolute !important;\n\t\t\t\t\tleft: -5000px !important;\n\t\t\t\t}\n\t\t\t<\/style>\n\t\t\t<\/p><h2>Liite<\/h2><p><strong>KULPAN PUUTARHAN ASIAKASREKISTERIN TIETOSUOJASELOSTE<\/strong>\r\nP\u00e4ivitetty 29.11.2022\r\n\r\n<strong>Rekisterinpit\u00e4j\u00e4<\/strong>\r\nKulpan puutarha (Y-tunnus 2907644-7)\r\nOsoite Eprantie 42, 11710 Riihim\u00e4ki\r\n\r\n<strong>Rekisterist\u00e4 vastaava yhteyshenkil\u00f6 &amp; tietosuojavastaava<\/strong>\r\nMari Talja, puh. 050-4311945, s-posti toimisto@kulpanpuutarha.fi\r\n\r\n<strong>Rekisterin nimi<\/strong>\r\nKulpan puutarhan asiakasrekisteri\r\n\r\n<strong>Rekisterin pit\u00e4misen peruste<\/strong>\r\nHenkil\u00f6tietoja k\u00e4sitell\u00e4\u00e4n tarkoituksissa, jotka liittyv\u00e4t tuotteiden ja palvelujen tarjoamiseen, toimittamiseen ja laskutukseen sek\u00e4 asiakassuhteen hallinnointiin ja kehitt\u00e4miseen. Henkil\u00f6tietoja k\u00e4sitell\u00e4\u00e4n my\u00f6s mahdollisten reklamaatioiden ja muiden vaatimusten selvitt\u00e4misen edellytt\u00e4miss\u00e4 tarkoituksissa.\r\n\r\n<strong>Rekisterin sis\u00e4lt\u00e4m\u00e4t tiedot<\/strong>\r\n\u2013 Asiakkaan nimi ja yhteystiedot (osoite, s\u00e4hk\u00f6postiosoite, puhelinnumero)\r\n\u2013 Asiakkaan k\u00e4ytt\u00e4j\u00e4tunnus\r\n\u2013 Tilauksiin ja tilaushistoriaan liittyv\u00e4t tiedot\r\n\u2013 Asiakkaan ilmoittamat asiakassuhteen hoitoon ja\/tai markkinointiin liittyv\u00e4t tiedot\r\nYll\u00e4 luetellut tiedot muodostavat asiakasrekisterin enimm\u00e4islaajuuden. Rekisterinpit\u00e4j\u00e4 varaa oikeuden ker\u00e4t\u00e4 ja\/tai s\u00e4ilytt\u00e4\u00e4 kustakin rekisteriin kuuluvasta henkil\u00f6st\u00e4 kaikki tai vain osan yll\u00e4 listatuista tiedoista rekisteriss\u00e4\u00e4n.\r\n\r\n<strong>Rekisterin s\u00e4\u00e4nn\u00f6nmukaiset tietol\u00e4hteet<\/strong>\r\nKer\u00e4tyt henkil\u00f6tiedot ovat asiakkaan itsens\u00e4 tilauksen yhteydess\u00e4 antamia tietoja.\r\n\r\n<strong>Tietojen luovutus<\/strong>\r\nTietoja ei luovuteta s\u00e4\u00e4nn\u00f6nmukaisesti muille tahoille. Rekisterin k\u00e4ytt\u00f6tarkoituksen mukaisten teht\u00e4vien hoitoon voidaan k\u00e4ytt\u00e4\u00e4 alihankkijoita ja tietoja voidaan siirt\u00e4\u00e4 EU-\/ETA-alueen ulkopuolelle, jos se on palvelun toteuttamisen vuoksi tarpeellista.\r\n\r\n<strong>Rekisterin suojaus<\/strong>\r\nS\u00e4hk\u00f6iset tiedot on suojattu k\u00e4ytt\u00e4j\u00e4tunnuksin ja salasanoin. Tietojen k\u00e4ytt\u00f6oikeus on vain niill\u00e4 rekisterinpit\u00e4j\u00e4n palveluksessa olevilla henkil\u00f6ill\u00e4, jotka tarvitsevat tietoja teht\u00e4viss\u00e4\u00e4n.\r\n\r\n<strong>Rekisterin tietojen s\u00e4ilytysaika<\/strong>\r\nRekisterinpit\u00e4j\u00e4 s\u00e4ilytt\u00e4\u00e4 tietoja ainoastaan niin kauan ja siin\u00e4 laajuudessa kuin on tarpeellista niihin tarkoituksiin, joihin henkil\u00f6tiedot on ker\u00e4tty.\r\n\r\n<strong>Ev\u00e4steiden (cookies) k\u00e4ytt\u00f6<\/strong>\r\nK\u00e4yt\u00e4mme sivuillamme ns. cookie-toimintoa eli ev\u00e4steit\u00e4. Ev\u00e4ste on pieni, k\u00e4ytt\u00e4j\u00e4n tietokoneelle l\u00e4hetett\u00e4v\u00e4 ja siell\u00e4 s\u00e4ilytett\u00e4v\u00e4 tekstitiedosto, joka mahdollistaa internet-sivujen yll\u00e4pit\u00e4j\u00e4n tunnistamaan usein sivuilla vierailevat k\u00e4vij\u00e4t, helpottamaan k\u00e4vij\u00f6iden kirjautumista sivuille sek\u00e4 mahdollistamaan yhdistelm\u00e4tiedon laatimisen k\u00e4vij\u00f6ist\u00e4. T\u00e4m\u00e4n palautteen avulla pystymme jatkuvasti parantamaan sivujemme sis\u00e4lt\u00f6\u00e4. Ev\u00e4steet eiv\u00e4t vahingoita k\u00e4ytt\u00e4jien tietokoneita tai tiedostoja. K\u00e4yt\u00e4mme niit\u00e4 siten, ett\u00e4 voimme tarjota asiakkaillemme kunkin yksil\u00f6ityjen tarpeiden mukaisia tietoja ja palveluita.\r\n\r\nMik\u00e4li sivuillamme vieraileva k\u00e4ytt\u00e4j\u00e4 ei halua meid\u00e4n saavan edell\u00e4 mainittuja tietoja ev\u00e4steiden avulla, useimmat selainohjelmat mahdollistavat ev\u00e4ste-toiminnon poiskytkemisen. T\u00e4m\u00e4 tapahtuu yleens\u00e4 selaimen asetuksien kautta.\r\nOn kuitenkin hyv\u00e4 ottaa huomioon se, ett\u00e4 ev\u00e4steet voivat olla tarpeellisia joidenkin yll\u00e4pit\u00e4miemme sivujen ja tarjoamiemme palveluiden asianmukaiselle toimimiselle.\r\n\r\n<strong>Tarkastusoikeus<\/strong>\r\nHenkil\u00f6tietolain 26. \u00a7:n mukaisesti asiakkaalla on oikeus tarkastaa mit\u00e4 h\u00e4nt\u00e4 koskevia tietoja rekisteriin on tallennettu ja vaatia mahdollisen virheellisen tiedon korjaamista tai puutteellisen tiedon t\u00e4ydent\u00e4mist\u00e4. Rekisteriss\u00e4 olevalla henkil\u00f6ll\u00e4 on my\u00f6s oikeus pyyt\u00e4\u00e4 h\u00e4nt\u00e4 koskevien henkil\u00f6tietojen poistamista rekisterist\u00e4 (\u201doikeus tulla unohdetuksi\u201d). Niin ik\u00e4\u00e4n rekister\u00f6idyill\u00e4 on muut EU:n yleisen tietosuoja-asetuksen mukaiset oikeudet kuten henkil\u00f6tietojen k\u00e4sittelyn rajoittaminen tietyiss\u00e4 tilanteissa. Kaikki edell\u00e4 mainitut pyynn\u00f6t tulee l\u00e4hett\u00e4\u00e4 kirjallisesti ja allekirjoitettuna rekisterinpit\u00e4j\u00e4lle. Rekisterinpit\u00e4j\u00e4 voi pyyt\u00e4\u00e4 tarvittaessa pyynn\u00f6n esitt\u00e4j\u00e4\u00e4 todistamaan henkil\u00f6llisyytens\u00e4. Rekisterinpit\u00e4j\u00e4 vastaa asiakkaalle EU:n tietosuoja-asetuksessa s\u00e4\u00e4detyss\u00e4 ajassa (p\u00e4\u00e4s\u00e4\u00e4nt\u00f6isesti kuukauden kuluessa).<\/p><\/div>","protected":false},"excerpt":{"rendered":"","protected":false},"author":3,"featured_media":0,"parent":0,"menu_order":0,"comment_status":"closed","ping_status":"closed","template":"","meta":{"footnotes":""},"class_list":["post-33240","page","type-page","status-publish","hentry"],"_links":{"self":[{"href":"https:\/\/www.kulpanpuutarha.fi\/index.php?rest_route=\/wp\/v2\/pages\/33240","targetHints":{"allow":["GET"]}}],"collection":[{"href":"https:\/\/www.kulpanpuutarha.fi\/index.php?rest_route=\/wp\/v2\/pages"}],"about":[{"href":"https:\/\/www.kulpanpuutarha.fi\/index.php?rest_route=\/wp\/v2\/types\/page"}],"author":[{"embeddable":true,"href":"https:\/\/www.kulpanpuutarha.fi\/index.php?rest_route=\/wp\/v2\/users\/3"}],"replies":[{"embeddable":true,"href":"https:\/\/www.kulpanpuutarha.fi\/index.php?rest_route=%2Fwp%2Fv2%2Fcomments&post=33240"}],"version-history":[{"count":0,"href":"https:\/\/www.kulpanpuutarha.fi\/index.php?rest_route=\/wp\/v2\/pages\/33240\/revisions"}],"wp:attachment":[{"href":"https:\/\/www.kulpanpuutarha.fi\/index.php?rest_route=%2Fwp%2Fv2%2Fmedia&parent=33240"}],"curies":[{"name":"wp","href":"https:\/\/api.w.org\/{rel}","templated":true}]}}